{"id":78582,"date":"2023-12-13T21:22:23","date_gmt":"2023-12-13T20:22:23","guid":{"rendered":"https:\/\/www.soanam.de\/?post_type=product&#038;p=78582"},"modified":"2023-12-13T21:24:33","modified_gmt":"2023-12-13T20:24:33","slug":"zestaw-upominkowy-kneipp-z-naturalnym-kremem-do-rak-i-saszetka-do-pielegnacji-ust","status":"publish","type":"product","link":"https:\/\/www.soanam.de\/pl\/produkt\/kneipp-geschenkset-with-love-natuerliche-handcreme-und-lippenpflege-tasche\/","title":{"rendered":"Zestaw upominkowy Kneipp - With Love - naturalny krem do r\u0105k i balsam do ust + torba"},"content":{"rendered":"<h3>Opis produktu<\/h3>\n<p>W zestawie upominkowym Kneipp With Love mo\u017cesz spodziewa\u0107 si\u0119 mn\u00f3stwa troski p\u0142yn\u0105cej prosto z serca.<br \/>\nBalsam do ust (4,7 g) + krem do r\u0105k (75 ml)<\/p>\n<p>Kneipp Lip Care to balsam do ust wykonany z 100% naturalnych sk\u0142adnik\u00f3w. Olejek z nasion czarnego bzu i od\u017cywcze, delikatne mas\u0142o shea zapewniaj\u0105 uwodzicielsko mi\u0119kkie usta. Nikt nie powinien przegapi\u0107 przyjemnego zapachu i szczeg\u00f3lnie d\u0142ugotrwa\u0142ej, intensywnej piel\u0119gnacji.<\/p>\n<p>Intensywnie nawil\u017caj\u0105cy krem do r\u0105k Kneipp chroni i rozpieszcza suche, zestresowane d\u0142onie. Bogata konsystencja mas\u0142a shea, olejku migda\u0142owego i magnolii - od\u017cywcza i piel\u0119gnacyjna, na delikatne chwile.<\/p>\n<p>Kosmetyczka w modnym po\u0142\u0105czeniu korka i bawe\u0142ny, idealna na prezent.<\/p>\n<p><strong>Sk\u0142adniki<\/strong>:<br \/>\nKrem do r\u0105k 75g: Aqua (Water), Glycerin, Caprylic\/Capric Triglyceride, Prunus Amygdalus Dulcis (Sweet Almond) Oil, Cetearyl Alcohol, Panthenol, Distarch Phosphate, Tocopheryl Acetate, Glyceryl Stearate Citrate, Hydrogenated Vegetable Oil, Butyrospermum Parkii (Shea) Butter, Limnanthes Alba (Meadowfoam) Seed Oil, Magnolia Biondii Flower Extract, Viola Odorata Flower Extract, Viola Tricolor Extract, Citrus Limon (Lemon) Peel Oil, Limonene, Hexyl Cinnamal, Citral, Benzyl Alcohol, Geraniol, Linalool, p-Anisic Acid, Parfum (kompozycja zapachowa), Caprylyl Glycol, Xanthan Gum, Sodium Stearoyl Glutamate, Glyceryl Caprylate, Bisabolol, Carrageenan, Arginine, Glycine Soja (Soybean) Oil, Citric Acid, Tocopherol<\/p>\n<p><strong>Efekt piel\u0119gnacyjny sk\u00f3ry<\/strong>:<\/p>\n<p>Nawil\u017caj\u0105cy, od\u017cywczy, regeneruj\u0105cy<br \/>\nOdpowiedni dla typ\u00f3w sk\u00f3ry: sk\u00f3ra sucha<br \/>\nKluczowe sk\u0142adniki: olej migda\u0142owy, mas\u0142o shea<\/p>\n<p><strong>Sk\u0142adniki<\/strong>:<br \/>\nRhus Verniciflua Peel Cera, Olea Europaea (Olive) Fruit Oil Cocos Nucifera (Coconut) Oil, Butyrospermum Parkii (Shea) Butter, Simmondsia Chinensis (Jojoba) Seed Oil, Candelilla Cera, Prunus Armeniaca (Apricot) Kernel Oil, Sclerocarya Birrea (Marula) Seed Oil, Sambucus Nigra (Elderberry) Seed Oil, Helianthus Annuus (Sunflower) Seed Oil, Citrus Limon Peel Oil, Lavandula Hybrida Oil, Citrus Aurantium Bergamia (Bergamot) Fruit Oil, Linalool, Limonene, Eugenol, Citral, Benzyl Salicylate, Geraniol, Parfum (Fragrance), Tocopherol. | Z certyfikowanych upraw ekologicznych Intensive Hand Cream Magnolia Shea Butter: Aqua (woda), Glycerin, Caprylic\/Capric Triglyceride, Prunus Amygdalus Dulcis (Sweet Almond) Oil, Cetearyl Alcohol, Panthenol, Distarch Phosphate, Tocopheryl Acetate, Glyceryl Stearate Citrate, Hydrogenated Vegetable Oil, Butyrospermum Parkii (Shea) Butter, Limnanthes Alba (Meadowfoam) Seed Oil, Magnolia Biondii Flower Extract, Viola Odorata Flower Extract, Viola Tricolor Extract, Citrus Limon (Lemon) Peel Oil, Limonene, Hexyl Cinnamal, Citral, Benzyl Alcohol, Geraniol, Linalool, p-Anisic Acid, Parfum (kompozycja zapachowa), Caprylyl Glycol, Xanthan Gum, Sodium Stearoyl Glutamate, Glyceryl Caprylate, Bisabolol, Carrageenan, Arginine, Glycine Soja (Soybean) Oil, Citric Acid, Tocopherol.<\/p>","protected":false},"excerpt":{"rendered":"<h3>Artikelmerkmale<\/h3>\n<p>Artikelzustand: Neu - Neuer, unbenutzter und unbesch\u00e4digter Artikel in der unge\u00f6ffneten Verpackung<\/p>\n<table dir=\"ltr\" border=\"1\" cellspacing=\"0\" cellpadding=\"0\">\n<colgroup>\n<col width=\"203\" \/>\n<col width=\"259\" \/><\/colgroup>\n<tbody>\n<tr>\n<td data-sheets-value=\"{&quot;1&quot;:2,&quot;2&quot;:&quot;Angebotspaket:&quot;}\">Angebotspaket:<\/td>\n<td data-sheets-value=\"{&quot;1&quot;:2,&quot;2&quot;:&quot;Ja&quot;}\">Ja<\/td>\n<\/tr>\n<tr>\n<td data-sheets-value=\"{&quot;1&quot;:2,&quot;2&quot;:&quot;Beschreibung des Paketinhalts:&quot;}\">Beschreibung des Paketinhalts:<\/td>\n<td data-sheets-value=\"{&quot;1&quot;:2,&quot;2&quot;:&quot;Lippenpflege (4,7g) + Handcreme (75ml)&quot;}\">Balsam do ust (4,7 g) + krem do r\u0105k (75 ml)<\/td>\n<\/tr>\n<tr>\n<td data-sheets-value=\"{&quot;1&quot;:2,&quot;2&quot;:&quot;EAN:&quot;}\">EAN:<\/td>\n<td data-sheets-value=\"{&quot;1&quot;:3,&quot;3&quot;:4008233153209}\">4008233153209<\/td>\n<\/tr>\n<tr>\n<td data-sheets-value=\"{&quot;1&quot;:2,&quot;2&quot;:&quot;Herstellernummer:&quot;}\">Herstellernummer:<\/td>\n<td data-sheets-value=\"{&quot;1&quot;:3,&quot;3&quot;:2007082}\">2007082<\/td>\n<\/tr>\n<tr>\n<td data-sheets-value=\"{&quot;1&quot;:2,&quot;2&quot;:&quot;Herstellungsland und -region:&quot;}\">Herstellungsland und -region:<\/td>\n<td data-sheets-value=\"{&quot;1&quot;:2,&quot;2&quot;:&quot;Deutschland&quot;}\">Niemcy<\/td>\n<\/tr>\n<tr>\n<td data-sheets-value=\"{&quot;1&quot;:2,&quot;2&quot;:&quot;Marke:&quot;}\">Marke:<\/td>\n<td data-sheets-value=\"{&quot;1&quot;:2,&quot;2&quot;:&quot;Kneipp&quot;}\">Kneipp<\/td>\n<\/tr>\n<tr>\n<td data-sheets-value=\"{&quot;1&quot;:2,&quot;2&quot;:&quot;Modifizierter Artikel:&quot;}\">Modifizierter Artikel:<\/td>\n<td data-sheets-value=\"{&quot;1&quot;:2,&quot;2&quot;:&quot;Nein&quot;}\">Nein<\/td>\n<\/tr>\n<tr>\n<td data-sheets-value=\"{&quot;1&quot;:2,&quot;2&quot;:&quot;MPN:&quot;}\">MPN:<\/td>\n<td data-sheets-value=\"{&quot;1&quot;:3,&quot;3&quot;:915842}\">915842<\/td>\n<\/tr>\n<tr>\n<td data-sheets-value=\"{&quot;1&quot;:2,&quot;2&quot;:&quot;PZN:&quot;}\">PZN:<\/td>\n<td data-sheets-value=\"{&quot;1&quot;:3,&quot;3&quot;:2007082}\">2007082<\/td>\n<\/tr>\n<\/tbody>\n<\/table>","protected":false},"featured_media":78690,"comment_status":"open","ping_status":"closed","template":"","meta":{"_seopress_robots_primary_cat":"","_seopress_titles_title":"","_seopress_titles_desc":"","_seopress_robots_index":""},"product_brand":[],"product_cat":[1442,1443,1524],"product_tag":[],"class_list":{"0":"post-78582","1":"product","2":"type-product","3":"status-publish","4":"has-post-thumbnail","6":"product_cat-kosmetik","7":"product_cat-gesichtspflege","8":"product_cat-koerperpflege","9":"product_shipping_class-standard-versand","11":"first","12":"instock","13":"sale","14":"taxable","15":"shipping-taxable","16":"purchasable","17":"product-type-simple"},"_links":{"self":[{"href":"https:\/\/www.soanam.de\/pl\/wp-json\/wp\/v2\/product\/78582","targetHints":{"allow":["GET"]}}],"collection":[{"href":"https:\/\/www.soanam.de\/pl\/wp-json\/wp\/v2\/product"}],"about":[{"href":"https:\/\/www.soanam.de\/pl\/wp-json\/wp\/v2\/types\/product"}],"replies":[{"embeddable":true,"href":"https:\/\/www.soanam.de\/pl\/wp-json\/wp\/v2\/comments?post=78582"}],"wp:featuredmedia":[{"embeddable":true,"href":"https:\/\/www.soanam.de\/pl\/wp-json\/wp\/v2\/media\/78690"}],"wp:attachment":[{"href":"https:\/\/www.soanam.de\/pl\/wp-json\/wp\/v2\/media?parent=78582"}],"wp:term":[{"taxonomy":"product_brand","embeddable":true,"href":"https:\/\/www.soanam.de\/pl\/wp-json\/wp\/v2\/product_brand?post=78582"},{"taxonomy":"product_cat","embeddable":true,"href":"https:\/\/www.soanam.de\/pl\/wp-json\/wp\/v2\/product_cat?post=78582"},{"taxonomy":"product_tag","embeddable":true,"href":"https:\/\/www.soanam.de\/pl\/wp-json\/wp\/v2\/product_tag?post=78582"}],"curies":[{"name":"wp","href":"https:\/\/api.w.org\/{rel}","templated":true}]}}