{"id":78581,"date":"2023-12-13T21:22:23","date_gmt":"2023-12-13T20:22:23","guid":{"rendered":"https:\/\/www.soanam.de\/?post_type=product&#038;p=78581"},"modified":"2023-12-13T21:24:29","modified_gmt":"2023-12-13T20:24:29","slug":"solwang-recznik-kuchenny-ciemny-bordo-czerwony-recznik-z-dzianiny-recznik-do-suszenia-herbaty","status":"publish","type":"product","link":"https:\/\/www.soanam.de\/pl\/produkt\/solwang-kuechentuch-dunkles-bordeaux-rot-gestrickt-geschirrtuch-trockentuch\/","title":{"rendered":"Solwang r\u0119cznik kuchenny ciemny bordo czerwony dzianina, \u015bciereczka do naczy\u0144, r\u0119cznik do suszenia"},"content":{"rendered":"<h3>Opis produktu<\/h3>\n<p>R\u0119cznik kuchenny \/ r\u0119cznik do r\u0105k w kolorze czerwonym Bordeaux dziergany przez Solwang z Danii<\/p>\n<p>Dzianinowy r\u0119cznik kuchenny<br \/>\nKolor: Ciemna czerwie\u0144 bordo<br \/>\nZwini\u0119te w pakiet prezentowy<\/p>\n<p>R\u0119cznik Solwang w kolorze ciemnego bordo doskonale wkomponuje si\u0119 w ka\u017cde klasyczne wn\u0119trze. Emanuje harmoni\u0105 i przytulno\u015bci\u0105 w nowoczesnej kuchni.<br \/>\nA dzi\u0119ki niezwyk\u0142emu dzianinowemu wzorowi, kt\u00f3ry jest jednym ze znak\u00f3w rozpoznawczych tej ma\u0142ej du\u0144skiej marki, pasuje do wn\u0119trz w stylu shabby chic.<br \/>\nTekstylia domowe Solwang charakteryzuj\u0105 si\u0119 nie tylko dzianinowym wygl\u0105dem, ale tak\u017ce pierwszorz\u0119dn\u0105 jako\u015bci\u0105.<br \/>\nR\u0119cznik Solwang w kolorze Bordeaux jest ch\u0142onny i wytrzyma\u0142y. Wytrzyma\u0142y, suchy r\u0119cznik mo\u017ce by\u0107 u\u017cywany do czyszczenia i wycierania p\u0142yn\u00f3w.<br \/>\nMo\u017cesz te\u017c u\u017cy\u0107 przyjaznego dla sk\u00f3ry r\u0119cznika do osuszenia si\u0119 podczas codziennej higieny.<\/p>\n<p><strong>szczeg\u00f3\u0142y<\/strong><br \/>\nMateria\u0142: bawe\u0142na<br \/>\nWymiary: Ok. 49 x 34 cm<br \/>\nWaga: oko\u0142o 100 gram\u00f3w<br \/>\nZakres dostawy: 1 r\u0119cznik kuchenny \"Dark Bordeaux Red\" marki Solwang Denmark<\/p>","protected":false},"excerpt":{"rendered":"<h3>Artikelmerkmale<\/h3>\n<p>Artikelzustand: Neu mit Etikett - Neuer, unbenutzter und nicht getragener Artikel in der Originalverpackung<\/p>\n<table dir=\"ltr\" border=\"1\" cellspacing=\"0\" cellpadding=\"0\">\n<colgroup>\n<col width=\"203\" \/>\n<col width=\"259\" \/><\/colgroup>\n<tbody>\n<tr>\n<td data-sheets-value=\"{&quot;1&quot;:2,&quot;2&quot;:&quot;Beschreibung des Paketinhalts:&quot;}\">Beschreibung des Paketinhalts:<\/td>\n<td data-sheets-value=\"{&quot;1&quot;:2,&quot;2&quot;:&quot;1x Geschirrtuch&quot;}\">1x Geschirrtuch<\/td>\n<\/tr>\n<tr>\n<td data-sheets-value=\"{&quot;1&quot;:2,&quot;2&quot;:&quot;Breite:&quot;}\">Szeroko\u015b\u0107:<\/td>\n<td data-sheets-value=\"{&quot;1&quot;:2,&quot;2&quot;:&quot;34 cm&quot;}\">34 cm<\/td>\n<\/tr>\n<tr>\n<td data-sheets-value=\"{&quot;1&quot;:2,&quot;2&quot;:&quot;EAN:&quot;}\">EAN:<\/td>\n<td data-sheets-value=\"{&quot;1&quot;:3,&quot;3&quot;:5711586100392}\">5711586100392<\/td>\n<\/tr>\n<tr>\n<td data-sheets-value=\"{&quot;1&quot;:2,&quot;2&quot;:&quot;Farbe:&quot;}\">Kolor:<\/td>\n<td data-sheets-value=\"{&quot;1&quot;:2,&quot;2&quot;:&quot;Bordeaux Rot&quot;}\">Bordeaux Rot<\/td>\n<\/tr>\n<tr>\n<td data-sheets-value=\"{&quot;1&quot;:2,&quot;2&quot;:&quot;Gewicht:&quot;}\">Waga:<\/td>\n<td data-sheets-value=\"{&quot;1&quot;:2,&quot;2&quot;:&quot;100 g&quot;}\">100 g<\/td>\n<\/tr>\n<tr>\n<td data-sheets-value=\"{&quot;1&quot;:2,&quot;2&quot;:&quot;Gr\u00f6\u00dfe:&quot;}\">Gr\u00f6\u00dfe:<\/td>\n<td data-sheets-value=\"{&quot;1&quot;:2,&quot;2&quot;:&quot;34 x 49 cm&quot;}\">34 x 49 cm<\/td>\n<\/tr>\n<tr>\n<td data-sheets-value=\"{&quot;1&quot;:2,&quot;2&quot;:&quot;Herstellernummer:&quot;}\">Herstellernummer:<\/td>\n<td data-sheets-value=\"{&quot;1&quot;:2,&quot;2&quot;:&quot;H79&quot;}\">H79<\/td>\n<\/tr>\n<tr>\n<td data-sheets-value=\"{&quot;1&quot;:2,&quot;2&quot;:&quot;L\u00e4nge:&quot;}\">L\u00e4nge:<\/td>\n<td data-sheets-value=\"{&quot;1&quot;:2,&quot;2&quot;:&quot;49 cm&quot;}\">49 cm<\/td>\n<\/tr>\n<tr>\n<td data-sheets-value=\"{&quot;1&quot;:2,&quot;2&quot;:&quot;Marke:&quot;}\">Marke:<\/td>\n<td data-sheets-value=\"{&quot;1&quot;:2,&quot;2&quot;:&quot;Solwang&quot;}\">Solwang<\/td>\n<\/tr>\n<tr>\n<td data-sheets-value=\"{&quot;1&quot;:2,&quot;2&quot;:&quot;Material:&quot;}\">Materia\u0142:<\/td>\n<td data-sheets-value=\"{&quot;1&quot;:2,&quot;2&quot;:&quot;100% Baumwolle&quot;}\">100% Bawe\u0142na<\/td>\n<\/tr>\n<tr>\n<td data-sheets-value=\"{&quot;1&quot;:2,&quot;2&quot;:&quot;Produktart:&quot;}\">Produktart:<\/td>\n<td data-sheets-value=\"{&quot;1&quot;:2,&quot;2&quot;:&quot;Geschirrt\u00fccher&quot;}\">Geschirrt\u00fccher<\/td>\n<\/tr>\n<tr>\n<td data-sheets-value=\"{&quot;1&quot;:2,&quot;2&quot;:&quot;Produktlinie:&quot;}\">Produktlinie:<\/td>\n<td data-sheets-value=\"{&quot;1&quot;:2,&quot;2&quot;:&quot;Solwang Handt\u00fccher&quot;}\">Solwang Handt\u00fccher<\/td>\n<\/tr>\n<tr>\n<td data-sheets-value=\"{&quot;1&quot;:2,&quot;2&quot;:&quot;Thema:&quot;}\">Thema:<\/td>\n<td data-sheets-value=\"{&quot;1&quot;:2,&quot;2&quot;:&quot;Essen\/K\u00fcche&quot;}\">Essen\/K\u00fcche<\/td>\n<\/tr>\n<\/tbody>\n<\/table>","protected":false},"featured_media":78689,"comment_status":"open","ping_status":"closed","template":"","meta":{"_seopress_robots_primary_cat":"","_seopress_titles_title":"","_seopress_titles_desc":"","_seopress_robots_index":""},"product_brand":[],"product_cat":[1400,1401],"product_tag":[],"class_list":{"0":"post-78581","1":"product","2":"type-product","3":"status-publish","4":"has-post-thumbnail","6":"product_cat-wohnzubehoer","7":"product_cat-haushaltswaren","8":"product_shipping_class-standard-versand","10":"first","11":"instock","12":"sale","13":"taxable","14":"shipping-taxable","15":"purchasable","16":"product-type-simple"},"_links":{"self":[{"href":"https:\/\/www.soanam.de\/pl\/wp-json\/wp\/v2\/product\/78581","targetHints":{"allow":["GET"]}}],"collection":[{"href":"https:\/\/www.soanam.de\/pl\/wp-json\/wp\/v2\/product"}],"about":[{"href":"https:\/\/www.soanam.de\/pl\/wp-json\/wp\/v2\/types\/product"}],"replies":[{"embeddable":true,"href":"https:\/\/www.soanam.de\/pl\/wp-json\/wp\/v2\/comments?post=78581"}],"wp:featuredmedia":[{"embeddable":true,"href":"https:\/\/www.soanam.de\/pl\/wp-json\/wp\/v2\/media\/78689"}],"wp:attachment":[{"href":"https:\/\/www.soanam.de\/pl\/wp-json\/wp\/v2\/media?parent=78581"}],"wp:term":[{"taxonomy":"product_brand","embeddable":true,"href":"https:\/\/www.soanam.de\/pl\/wp-json\/wp\/v2\/product_brand?post=78581"},{"taxonomy":"product_cat","embeddable":true,"href":"https:\/\/www.soanam.de\/pl\/wp-json\/wp\/v2\/product_cat?post=78581"},{"taxonomy":"product_tag","embeddable":true,"href":"https:\/\/www.soanam.de\/pl\/wp-json\/wp\/v2\/product_tag?post=78581"}],"curies":[{"name":"wp","href":"https:\/\/api.w.org\/{rel}","templated":true}]}}