{"id":78532,"date":"2023-12-13T21:21:29","date_gmt":"2023-12-13T20:21:29","guid":{"rendered":"https:\/\/www.soanam.de\/?post_type=product&#038;p=78532"},"modified":"2023-12-13T21:23:12","modified_gmt":"2023-12-13T20:23:12","slug":"vivance-koszula-3-4-rekawy-z-mankietami-w-kolorze-granatowym-rozmiar-36-38","status":"publish","type":"product","link":"https:\/\/www.soanam.de\/pl\/produkt\/vivance-3-4-arm-shirt-mit-manschetten-in-navy-groesse-36-38\/","title":{"rendered":"Koszula Vivance z r\u0119kawem 3\/4 i mankietami, granatowa, rozmiar 36\/38"},"content":{"rendered":"<p>Koszulka Vivance z okr\u0105g\u0142ym dekoltem<br \/>\nR\u0119kawy o d\u0142ugo\u015bci 3\/4 z modnymi mankietami i z\u0142otymi guzikami<br \/>\nZ elastycznym obszyciem<br \/>\nMi\u0119kka, lej\u0105ca tkanina wiskozowa z dodatkiem stretchu<\/p>\n<p>Ta koszula z okr\u0105g\u0142ym dekoltem od Vivance ma wszyte r\u0119kawy o d\u0142ugo\u015bci trzech czwartych ze stylowo zaprojektowanymi mankietami i b\u0142yszcz\u0105cym guzikiem na ko\u0144cu.<br \/>\nMi\u0119kka, lej\u0105ca tkanina wiskozowa ze stretchem ma klasyczny, podstawowy kr\u00f3j i jest cudownie rozlu\u017aniona dzi\u0119ki elastycznemu do\u0142owi.<\/p>\n<p>Materia\u0142: 95% wiskoza LENZING\u2122 ECOVERO\u2122, 5% elastan<br \/>\nWskaz\u00f3wki dotycz\u0105ce piel\u0119gnacji: Pra\u0107 w pralce<\/p>\n<p>Kolor: granatowy<br \/>\nWz\u00f3r: bez<br \/>\nRozmiar: 36\/38<\/p>\n<p>Szeroko\u015b\u0107 ramion: 74 cm<br \/>\nSzeroko\u015b\u0107 klatki piersiowej: 94 cm<br \/>\nD\u0142ugo\u015b\u0107 r\u0119kawa: 46 cm<br \/>\nCa\u0142kowita d\u0142ugo\u015b\u0107: 61 cm<\/p>\n<p>Ten nowy przedmiot jest zwrotem klienta bez etykiety.<\/p>","protected":false},"excerpt":{"rendered":"<table class=\"dv_characteristicsTable\">\n<tbody>\n<tr>\n<td class=\"left\">Rozmiar<\/td>\n<td>36\/38<\/td>\n<\/tr>\n<tr>\n<td class=\"left\">Gr\u00f6\u00dfentyp<\/td>\n<td>Normalgr\u00f6\u00dfen<\/td>\n<\/tr>\n<tr>\n<td class=\"left\">Sk\u0142ad materia\u0142u<\/td>\n<td>Obermaterial: 95% Viskose LENZING\u2122 ECOVERO\u2122, 5% Elasthan<\/td>\n<\/tr>\n<tr>\n<td class=\"left\">Instrukcje dotycz\u0105ce piel\u0119gnacji<\/td>\n<td>Pranie w pralce<\/td>\n<\/tr>\n<tr>\n<td class=\"left\">Kolor<\/td>\n<td>marynarka<\/td>\n<\/tr>\n<tr>\n<td class=\"left\">\u00c4rmel<\/td>\n<td>R\u0119kawy 3\/4<\/td>\n<\/tr>\n<tr>\n<td class=\"left\">Rumpfabschluss<\/td>\n<td>elastischer Bund<\/td>\n<\/tr>\n<tr>\n<td class=\"left\">Besondere Merkmale<\/td>\n<td>mit modischen Manschetten und goldfarbenen Kn\u00f6pfen<\/td>\n<\/tr>\n<\/tbody>\n<\/table>","protected":false},"featured_media":78620,"comment_status":"open","ping_status":"closed","template":"","meta":{"_seopress_robots_primary_cat":"","_seopress_titles_title":"","_seopress_titles_desc":"","_seopress_robots_index":""},"product_brand":[],"product_cat":[1348,1456,1479],"product_tag":[],"class_list":{"0":"post-78532","1":"product","2":"type-product","3":"status-publish","4":"has-post-thumbnail","6":"product_cat-damen-mode","7":"product_cat-pullover-sweater","8":"product_cat-langarmshirts","9":"product_shipping_class-standard-versand","11":"first","12":"instock","13":"sale","14":"taxable","15":"shipping-taxable","16":"purchasable","17":"product-type-simple"},"_links":{"self":[{"href":"https:\/\/www.soanam.de\/pl\/wp-json\/wp\/v2\/product\/78532","targetHints":{"allow":["GET"]}}],"collection":[{"href":"https:\/\/www.soanam.de\/pl\/wp-json\/wp\/v2\/product"}],"about":[{"href":"https:\/\/www.soanam.de\/pl\/wp-json\/wp\/v2\/types\/product"}],"replies":[{"embeddable":true,"href":"https:\/\/www.soanam.de\/pl\/wp-json\/wp\/v2\/comments?post=78532"}],"wp:featuredmedia":[{"embeddable":true,"href":"https:\/\/www.soanam.de\/pl\/wp-json\/wp\/v2\/media\/78620"}],"wp:attachment":[{"href":"https:\/\/www.soanam.de\/pl\/wp-json\/wp\/v2\/media?parent=78532"}],"wp:term":[{"taxonomy":"product_brand","embeddable":true,"href":"https:\/\/www.soanam.de\/pl\/wp-json\/wp\/v2\/product_brand?post=78532"},{"taxonomy":"product_cat","embeddable":true,"href":"https:\/\/www.soanam.de\/pl\/wp-json\/wp\/v2\/product_cat?post=78532"},{"taxonomy":"product_tag","embeddable":true,"href":"https:\/\/www.soanam.de\/pl\/wp-json\/wp\/v2\/product_tag?post=78532"}],"curies":[{"name":"wp","href":"https:\/\/api.w.org\/{rel}","templated":true}]}}