{"id":78423,"date":"2023-12-13T21:19:19","date_gmt":"2023-12-13T20:19:19","guid":{"rendered":"https:\/\/www.soanam.de\/?post_type=product&#038;p=78423"},"modified":"2023-12-13T21:21:14","modified_gmt":"2023-12-13T20:21:14","slug":"majtki-dziewczece-5-pak-wielokolorowe-w-paski-rozmiar-116-122","status":"publish","type":"product","link":"https:\/\/www.soanam.de\/pl\/produkt\/maedchen-panty-5er-pack-mehrfarbig-gestreift-groesse-116-122\/","title":{"rendered":"Majtki dziewcz\u0119ce (opakowanie 5 sztuk) wielokolorowe, w paski, rozmiar 116\/122"},"content":{"rendered":"<h3>Opis produktu<\/h3>\n<p>Ten zestaw z kolekcji bpc to przede wszystkim r\u00f3\u017cnorodno\u015b\u0107. Figi dzieci\u0119ce w pakiecie pi\u0119ciu sztuk w \u015bwie\u017cym stylu w paski w r\u00f3\u017cnych kolorach. Szeroki pasek w talii zapewnia dobre dopasowanie modelu. Ma\u0142a kokardka na \u015brodku dope\u0142nia \u0142adny design, a jako\u015b\u0107 mi\u0119kkiego materia\u0142u tych dzieci\u0119cych majtek w zestawie pi\u0119ciu sztuk zapewnia wysoki poziom komfortu.<\/p>\n<p><strong>szczeg\u00f3\u0142y<\/strong><br \/>\nMateria\u0142: bawe\u0142na 95%, elastan 5%<br \/>\nKolor: kolorowe paski<br \/>\nWz\u00f3r: paski<br \/>\nZr\u00f3wnowa\u017cony rozw\u00f3j: zr\u00f3wnowa\u017cony produkt, bawe\u0142na wyprodukowana w Afryce<\/p>","protected":false},"excerpt":{"rendered":"<h3>Artikelmerkmale<\/h3>\n<p>Artikelzustand: Neu ohne Etikett - Neuer und ungetragener Artikel in der Original Verpackung<\/p>\n<table dir=\"ltr\" border=\"1\" cellspacing=\"0\" cellpadding=\"0\">\n<colgroup>\n<col width=\"203\" \/>\n<col width=\"259\" \/><\/colgroup>\n<tbody>\n<tr>\n<td data-sheets-value=\"{&quot;1&quot;:2,&quot;2&quot;:&quot;Abteilung:&quot;}\">Abteilung:<\/td>\n<td data-sheets-value=\"{&quot;1&quot;:2,&quot;2&quot;:&quot;M\u00e4dchen&quot;}\">M\u00e4dchen<\/td>\n<\/tr>\n<tr>\n<td data-sheets-value=\"{&quot;1&quot;:2,&quot;2&quot;:&quot;Anzahl pro Packung:&quot;}\">Anzahl pro Packung:<\/td>\n<td data-sheets-value=\"{&quot;1&quot;:2,&quot;2&quot;:&quot;5er Pack&quot;}\">5er Pack<\/td>\n<\/tr>\n<tr>\n<td data-sheets-value=\"{&quot;1&quot;:2,&quot;2&quot;:&quot;Farbe:&quot;}\">Kolor:<\/td>\n<td data-sheets-value=\"{&quot;1&quot;:2,&quot;2&quot;:&quot;Mehrfarbig&quot;}\">Mehrfarbig<\/td>\n<\/tr>\n<tr>\n<td data-sheets-value=\"{&quot;1&quot;:2,&quot;2&quot;:&quot;Gr\u00f6\u00dfe:&quot;}\">Gr\u00f6\u00dfe:<\/td>\n<td data-sheets-value=\"{&quot;1&quot;:2,&quot;2&quot;:&quot;116\/122&quot;}\">116\/122<\/td>\n<\/tr>\n<tr>\n<td data-sheets-value=\"{&quot;1&quot;:2,&quot;2&quot;:&quot;Marke:&quot;}\">Marke:<\/td>\n<td data-sheets-value=\"{&quot;1&quot;:2,&quot;2&quot;:&quot;bpc&quot;}\">bpc<\/td>\n<\/tr>\n<tr>\n<td data-sheets-value=\"{&quot;1&quot;:2,&quot;2&quot;:&quot;Material:&quot;}\">Materia\u0142:<\/td>\n<td data-sheets-value=\"{&quot;1&quot;:2,&quot;2&quot;:&quot;Baumwolle&quot;}\">Bawe\u0142na<\/td>\n<\/tr>\n<tr>\n<td data-sheets-value=\"{&quot;1&quot;:2,&quot;2&quot;:&quot;Muster:&quot;}\">Wz\u00f3r:<\/td>\n<td data-sheets-value=\"{&quot;1&quot;:2,&quot;2&quot;:&quot;Gestreift&quot;}\">Gestreift<\/td>\n<\/tr>\n<tr>\n<td data-sheets-value=\"{&quot;1&quot;:2,&quot;2&quot;:&quot;Produktart:&quot;}\">Produktart:<\/td>\n<td data-sheets-value=\"{&quot;1&quot;:2,&quot;2&quot;:&quot;Slip&quot;}\">Slip<\/td>\n<\/tr>\n<tr>\n<td data-sheets-value=\"{&quot;1&quot;:2,&quot;2&quot;:&quot;Stil:&quot;}\">Stil:<\/td>\n<td data-sheets-value=\"{&quot;1&quot;:2,&quot;2&quot;:&quot;Slip&quot;}\">Slip<\/td>\n<\/tr>\n<\/tbody>\n<\/table>","protected":false},"featured_media":78522,"comment_status":"open","ping_status":"closed","template":"","meta":{"_seopress_robots_primary_cat":"","_seopress_titles_title":"","_seopress_titles_desc":"","_seopress_robots_index":""},"product_brand":[],"product_cat":[1351,1510,1511],"product_tag":[],"class_list":{"0":"post-78423","1":"product","2":"type-product","3":"status-publish","4":"has-post-thumbnail","6":"product_cat-kindermode","7":"product_cat-unterwaesche-kindermode","8":"product_cat-pantys","9":"product_shipping_class-standard-versand","11":"first","12":"instock","13":"sale","14":"taxable","15":"shipping-taxable","16":"purchasable","17":"product-type-simple"},"_links":{"self":[{"href":"https:\/\/www.soanam.de\/pl\/wp-json\/wp\/v2\/product\/78423","targetHints":{"allow":["GET"]}}],"collection":[{"href":"https:\/\/www.soanam.de\/pl\/wp-json\/wp\/v2\/product"}],"about":[{"href":"https:\/\/www.soanam.de\/pl\/wp-json\/wp\/v2\/types\/product"}],"replies":[{"embeddable":true,"href":"https:\/\/www.soanam.de\/pl\/wp-json\/wp\/v2\/comments?post=78423"}],"wp:featuredmedia":[{"embeddable":true,"href":"https:\/\/www.soanam.de\/pl\/wp-json\/wp\/v2\/media\/78522"}],"wp:attachment":[{"href":"https:\/\/www.soanam.de\/pl\/wp-json\/wp\/v2\/media?parent=78423"}],"wp:term":[{"taxonomy":"product_brand","embeddable":true,"href":"https:\/\/www.soanam.de\/pl\/wp-json\/wp\/v2\/product_brand?post=78423"},{"taxonomy":"product_cat","embeddable":true,"href":"https:\/\/www.soanam.de\/pl\/wp-json\/wp\/v2\/product_cat?post=78423"},{"taxonomy":"product_tag","embeddable":true,"href":"https:\/\/www.soanam.de\/pl\/wp-json\/wp\/v2\/product_tag?post=78423"}],"curies":[{"name":"wp","href":"https:\/\/api.w.org\/{rel}","templated":true}]}}