{"id":78407,"date":"2023-12-13T21:18:55","date_gmt":"2023-12-13T20:18:55","guid":{"rendered":"https:\/\/www.soanam.de\/?post_type=product&#038;p=78407"},"modified":"2023-12-13T21:21:11","modified_gmt":"2023-12-13T20:21:11","slug":"zestaw-stolowy-z-serii-zara-home-textile-w-podwojnym-opakowaniu-naturalna-czerwien-35-x-50-cm","status":"publish","type":"product","link":"https:\/\/www.soanam.de\/pl\/produkt\/tischset-der-textilserie-zara-home-im-doppelpack-natur-rot-35-x-50-cm\/","title":{"rendered":"Podk\u0142adka z serii tekstyli\u00f3w Zara Home w podw\u00f3jnym opakowaniu, naturalna czerwie\u0144, 35 x 50 cm"},"content":{"rendered":"<h3>Opis produktu<\/h3>\n<p>2-cz\u0119\u015bciowa podk\u0142adka w popularnej edycji \u015bwi\u0105tecznej<\/p>\n<p>Rozmiar: oko\u0142o 35 x 50 cm<br \/>\nMateria\u0142: bawe\u0142na 54%, juta 46%<br \/>\nPiel\u0119gnacja: mo\u017cna pra\u0107 w temperaturze 30\u00b0C<\/p>\n<p><strong>Dalsze informacje o produkcie<\/strong><br \/>\nUwaga dotycz\u0105ca jako\u015bci: R\u0119cznie tkana bawe\u0142na * Niewielkie zgrubienia lub nier\u00f3wno\u015bci w tkaninie nie s\u0105 powodem do reklamacji, ale podkre\u015blaj\u0105 wyj\u0105tkowo\u015b\u0107 przedmiotu.<br \/>\nModel: Edycja \u015bwi\u0105teczna<br \/>\nKonstrukcja: jednowarstwowa \/ niewy\u015bcie\u0142ana<br \/>\nZakres dostawy: Zestaw 2 podk\u0142adek bez dekoracji<br \/>\nKolor: naturalny, czerwony<\/p>","protected":false},"excerpt":{"rendered":"<p>Artikelmerkmale<\/p>\n<p>Artikelzustand: Neu - Neuer, unbenutzter und unbesch\u00e4digter Artikel in nicht ge\u00f6ffneter Originalverpackung<\/p>\n<table dir=\"ltr\" border=\"1\" cellspacing=\"0\" cellpadding=\"0\">\n<colgroup>\n<col width=\"203\" \/>\n<col width=\"259\" \/><\/colgroup>\n<tbody>\n<tr>\n<td data-sheets-value=\"{&quot;1&quot;:2,&quot;2&quot;:&quot;Farbe:&quot;}\">Kolor:<\/td>\n<td data-sheets-value=\"{&quot;1&quot;:2,&quot;2&quot;:&quot;Natur-Rot&quot;}\">Natur-Rot<\/td>\n<\/tr>\n<tr>\n<td data-sheets-value=\"{&quot;1&quot;:2,&quot;2&quot;:&quot;Marke:&quot;}\">Marke:<\/td>\n<td data-sheets-value=\"{&quot;1&quot;:2,&quot;2&quot;:&quot;Zara Home&quot;}\">Zara Home<\/td>\n<\/tr>\n<tr>\n<td data-sheets-value=\"{&quot;1&quot;:2,&quot;2&quot;:&quot;Material:&quot;}\">Materia\u0142:<\/td>\n<td data-sheets-value=\"{&quot;1&quot;:2,&quot;2&quot;:&quot;Baumwolle, Jute&quot;}\">Baumwolle, Jute<\/td>\n<\/tr>\n<tr>\n<td data-sheets-value=\"{&quot;1&quot;:2,&quot;2&quot;:&quot;Produktart:&quot;}\">Produktart:<\/td>\n<td data-sheets-value=\"{&quot;1&quot;:2,&quot;2&quot;:&quot;Tisch-Set&quot;}\">Tisch-Set<\/td>\n<\/tr>\n<tr>\n<td data-sheets-value=\"{&quot;1&quot;:2,&quot;2&quot;:&quot;Thema:&quot;}\">Thema:<\/td>\n<td data-sheets-value=\"{&quot;1&quot;:2,&quot;2&quot;:&quot;Weihnachten&quot;}\">Weihnachten<\/td>\n<\/tr>\n<\/tbody>\n<\/table>","protected":false},"featured_media":78520,"comment_status":"open","ping_status":"closed","template":"","meta":{"_seopress_robots_primary_cat":"","_seopress_titles_title":"","_seopress_titles_desc":"","_seopress_robots_index":""},"product_brand":[],"product_cat":[1400,1420],"product_tag":[],"class_list":{"0":"post-78407","1":"product","2":"type-product","3":"status-publish","4":"has-post-thumbnail","6":"product_cat-wohnzubehoer","7":"product_cat-wohndekoration","8":"product_shipping_class-standard-versand","10":"first","11":"instock","12":"sale","13":"taxable","14":"shipping-taxable","15":"purchasable","16":"product-type-simple"},"_links":{"self":[{"href":"https:\/\/www.soanam.de\/pl\/wp-json\/wp\/v2\/product\/78407","targetHints":{"allow":["GET"]}}],"collection":[{"href":"https:\/\/www.soanam.de\/pl\/wp-json\/wp\/v2\/product"}],"about":[{"href":"https:\/\/www.soanam.de\/pl\/wp-json\/wp\/v2\/types\/product"}],"replies":[{"embeddable":true,"href":"https:\/\/www.soanam.de\/pl\/wp-json\/wp\/v2\/comments?post=78407"}],"wp:featuredmedia":[{"embeddable":true,"href":"https:\/\/www.soanam.de\/pl\/wp-json\/wp\/v2\/media\/78520"}],"wp:attachment":[{"href":"https:\/\/www.soanam.de\/pl\/wp-json\/wp\/v2\/media?parent=78407"}],"wp:term":[{"taxonomy":"product_brand","embeddable":true,"href":"https:\/\/www.soanam.de\/pl\/wp-json\/wp\/v2\/product_brand?post=78407"},{"taxonomy":"product_cat","embeddable":true,"href":"https:\/\/www.soanam.de\/pl\/wp-json\/wp\/v2\/product_cat?post=78407"},{"taxonomy":"product_tag","embeddable":true,"href":"https:\/\/www.soanam.de\/pl\/wp-json\/wp\/v2\/product_tag?post=78407"}],"curies":[{"name":"wp","href":"https:\/\/api.w.org\/{rel}","templated":true}]}}