{"id":78406,"date":"2023-12-13T21:18:55","date_gmt":"2023-12-13T20:18:55","guid":{"rendered":"https:\/\/www.soanam.de\/?post_type=product&#038;p=78406"},"modified":"2023-12-13T21:21:09","modified_gmt":"2023-12-13T20:21:09","slug":"haba-302804-bezczelna-gra-w-kosci-farma-dla-2-4-graczy-w-wieku-od-4-lat","status":"publish","type":"product","link":"https:\/\/www.soanam.de\/pl\/produkt\/haba-302804-freche-farm-wuerfelspiel-fuer-2-4-spieler-ab-4-jahre\/","title":{"rendered":"HABA 302804 - Cheeky Farm - gra ko\u015bciana dla 2-4 graczy, wiek 4+"},"content":{"rendered":"<h3>Opis produktu<\/h3>\n<p>Na farmie robi si\u0119 ciemno. Najwy\u017cszy czas wprowadzi\u0107 zwierz\u0119ta do stodo\u0142y. Ale co si\u0119 dzieje? Zwierz\u0119ta wci\u0105\u017c uciekaj\u0105. Czy stoj\u0105 za tym inni gracze? Wszystko zale\u017cy od szcz\u0119\u015bcia i dobrej pami\u0119ci. Ten, komu uda si\u0119 umie\u015bci\u0107 wszystkie zwierz\u0119ta w stajni w tym samym czasie, wygrywa.<\/p>\n<p><strong>szczeg\u00f3\u0142y<\/strong><br \/>\nMateria\u0142: karton, drewno<br \/>\nZalecenia producenta dotycz\u0105ce wieku: od 4 lat<br \/>\nLiczba graczy: 2 - 4 graczy<\/p>\n<p><strong>Zawarto\u015b\u0107<\/strong>:<br \/>\n20 kartonowych p\u0142ytek w czterech r\u00f3\u017cnych stabilnych kolorach,<br \/>\n1 kostka,<br \/>\n1 arkusz naklejek,<br \/>\n1 zestaw instrukcji.<\/p>\n<p><strong>Ostrze\u017cenia<\/strong>:<br \/>\nUwaga. Nieodpowiednie dla dzieci w wieku poni\u017cej 3 lat. Ma\u0142e cz\u0119\u015bci. Ryzyko zad\u0142awienia.<\/p>","protected":false},"excerpt":{"rendered":"<h3>Artikelmerkmale<\/h3>\n<p>Artikelzustand: Neu - Neuer, unbenutzter und unbesch\u00e4digter Artikel in der unge\u00f6ffneten Verpackung<\/p>\n<table dir=\"ltr\" border=\"1\" cellspacing=\"0\" cellpadding=\"0\">\n<colgroup>\n<col width=\"203\" \/>\n<col width=\"468\" \/><\/colgroup>\n<tbody>\n<tr>\n<td data-sheets-value=\"{&quot;1&quot;:2,&quot;2&quot;:&quot;Alter:&quot;}\">Alter:<\/td>\n<td data-sheets-value=\"{&quot;1&quot;:2,&quot;2&quot;:&quot;ab 4 Jahre&quot;}\">ab 4 Jahre<\/td>\n<\/tr>\n<tr>\n<td data-sheets-value=\"{&quot;1&quot;:2,&quot;2&quot;:&quot;Altersempfehlung:&quot;}\">Zalecenia dotycz\u0105ce wieku:<\/td>\n<td data-sheets-value=\"{&quot;1&quot;:2,&quot;2&quot;:&quot;3-4 Jahre&quot;}\">3-4 Jahre<\/td>\n<\/tr>\n<tr>\n<td data-sheets-value=\"{&quot;1&quot;:2,&quot;2&quot;:&quot;Autor:&quot;}\">Autor:<\/td>\n<td data-sheets-value=\"{&quot;1&quot;:2,&quot;2&quot;:&quot;Tim Rogasch&quot;}\">Tim Rogasch<\/td>\n<\/tr>\n<tr>\n<td data-sheets-value=\"{&quot;1&quot;:2,&quot;2&quot;:&quot;EAN:&quot;}\">EAN:<\/td>\n<td data-sheets-value=\"{&quot;1&quot;:3,&quot;3&quot;:4010168226446}\">4010168226446<\/td>\n<\/tr>\n<tr>\n<td data-sheets-value=\"{&quot;1&quot;:2,&quot;2&quot;:&quot;Herstellernummer:&quot;}\">Herstellernummer:<\/td>\n<td data-sheets-value=\"{&quot;1&quot;:3,&quot;3&quot;:302804}\">302804<\/td>\n<\/tr>\n<tr>\n<td data-sheets-value=\"{&quot;1&quot;:2,&quot;2&quot;:&quot;Kategorie:&quot;}\">Kategorie:<\/td>\n<td data-sheets-value=\"{&quot;1&quot;:2,&quot;2&quot;:&quot;Kinderspiele&quot;}\">Kinderspiele<\/td>\n<\/tr>\n<tr>\n<td data-sheets-value=\"{&quot;1&quot;:2,&quot;2&quot;:&quot;Marke:&quot;}\">Marke:<\/td>\n<td data-sheets-value=\"{&quot;1&quot;:2,&quot;2&quot;:&quot;Haba&quot;}\">Haba<\/td>\n<\/tr>\n<tr>\n<td data-sheets-value=\"{&quot;1&quot;:2,&quot;2&quot;:&quot;Material:&quot;}\">Materia\u0142:<\/td>\n<td data-sheets-value=\"{&quot;1&quot;:2,&quot;2&quot;:&quot;Pappe&quot;}\">Pappe<\/td>\n<\/tr>\n<tr>\n<td data-sheets-value=\"{&quot;1&quot;:2,&quot;2&quot;:&quot;Minimale Spieleranzahl:&quot;}\">Minimale Spieleranzahl:<\/td>\n<td data-sheets-value=\"{&quot;1&quot;:2,&quot;2&quot;:&quot;2 Spieler&quot;}\">2 Spieler<\/td>\n<\/tr>\n<tr>\n<td data-sheets-value=\"{&quot;1&quot;:2,&quot;2&quot;:&quot;Spielart:&quot;}\">Spielart:<\/td>\n<td data-sheets-value=\"{&quot;1&quot;:2,&quot;2&quot;:&quot;Kinderspiel&quot;}\">Kinderspiel<\/td>\n<\/tr>\n<tr>\n<td data-sheets-value=\"{&quot;1&quot;:2,&quot;2&quot;:&quot;Spieldauer:&quot;}\">Spieldauer:<\/td>\n<td data-sheets-value=\"{&quot;1&quot;:2,&quot;2&quot;:&quot;ca. 10 Minuten&quot;}\">ca. 10 Minuten<\/td>\n<\/tr>\n<tr>\n<td data-sheets-value=\"{&quot;1&quot;:2,&quot;2&quot;:&quot;Spieleranzahl:&quot;}\">Spieleranzahl:<\/td>\n<td data-sheets-value=\"{&quot;1&quot;:2,&quot;2&quot;:&quot;f\u00fcr 2 - 4 Spieler&quot;}\">f\u00fcr 2 - 4 Spieler<\/td>\n<\/tr>\n<tr>\n<td data-sheets-value=\"{&quot;1&quot;:2,&quot;2&quot;:&quot;Sprache:&quot;}\">Sprache:<\/td>\n<td data-sheets-value=\"{&quot;1&quot;:2,&quot;2&quot;:&quot;Deutsch, Niederl\u00e4ndisch, Englisch, Spanisch, Italienisch, Franz\u00f6sisch&quot;}\">Deutsch, Niederl\u00e4ndisch, Englisch, Spanisch, Italienisch, Franz\u00f6sisch<\/td>\n<\/tr>\n<tr>\n<td data-sheets-value=\"{&quot;1&quot;:2,&quot;2&quot;:&quot;Thema:&quot;}\">Thema:<\/td>\n<td data-sheets-value=\"{&quot;1&quot;:2,&quot;2&quot;:&quot;Farmtiere&quot;}\">Farmtiere<\/td>\n<\/tr>\n<tr>\n<td data-sheets-value=\"{&quot;1&quot;:2,&quot;2&quot;:&quot;Titel:&quot;}\">Titel:<\/td>\n<td data-sheets-value=\"{&quot;1&quot;:2,&quot;2&quot;:&quot;Freche Farm&quot;}\">Freche Farm<\/td>\n<\/tr>\n<tr>\n<td data-sheets-value=\"{&quot;1&quot;:2,&quot;2&quot;:&quot;Verlag:&quot;}\">Verlag:<\/td>\n<td data-sheets-value=\"{&quot;1&quot;:2,&quot;2&quot;:&quot;Haba Sales Gmbh &amp; Co.Kg&quot;}\">Haba Sales Gmbh &amp; Co.Kg<\/td>\n<\/tr>\n<\/tbody>\n<\/table>","protected":false},"featured_media":78517,"comment_status":"open","ping_status":"closed","template":"","meta":{"_seopress_robots_primary_cat":"","_seopress_titles_title":"","_seopress_titles_desc":"","_seopress_robots_index":""},"product_brand":[],"product_cat":[1435],"product_tag":[],"class_list":{"0":"post-78406","1":"product","2":"type-product","3":"status-publish","4":"has-post-thumbnail","6":"product_cat-spielzeug","7":"product_shipping_class-standard-versand","9":"first","10":"instock","11":"sale","12":"taxable","13":"shipping-taxable","14":"purchasable","15":"product-type-simple"},"_links":{"self":[{"href":"https:\/\/www.soanam.de\/pl\/wp-json\/wp\/v2\/product\/78406","targetHints":{"allow":["GET"]}}],"collection":[{"href":"https:\/\/www.soanam.de\/pl\/wp-json\/wp\/v2\/product"}],"about":[{"href":"https:\/\/www.soanam.de\/pl\/wp-json\/wp\/v2\/types\/product"}],"replies":[{"embeddable":true,"href":"https:\/\/www.soanam.de\/pl\/wp-json\/wp\/v2\/comments?post=78406"}],"wp:featuredmedia":[{"embeddable":true,"href":"https:\/\/www.soanam.de\/pl\/wp-json\/wp\/v2\/media\/78517"}],"wp:attachment":[{"href":"https:\/\/www.soanam.de\/pl\/wp-json\/wp\/v2\/media?parent=78406"}],"wp:term":[{"taxonomy":"product_brand","embeddable":true,"href":"https:\/\/www.soanam.de\/pl\/wp-json\/wp\/v2\/product_brand?post=78406"},{"taxonomy":"product_cat","embeddable":true,"href":"https:\/\/www.soanam.de\/pl\/wp-json\/wp\/v2\/product_cat?post=78406"},{"taxonomy":"product_tag","embeddable":true,"href":"https:\/\/www.soanam.de\/pl\/wp-json\/wp\/v2\/product_tag?post=78406"}],"curies":[{"name":"wp","href":"https:\/\/api.w.org\/{rel}","templated":true}]}}