{"id":78387,"date":"2023-12-13T21:18:29","date_gmt":"2023-12-13T20:18:29","guid":{"rendered":"https:\/\/www.soanam.de\/?post_type=product&#038;p=78387"},"modified":"2023-12-13T21:20:45","modified_gmt":"2023-12-13T20:20:45","slug":"hailys-t-shirt-ss-p-tp-bella-w-kolorze-bialym-rozmiar-m","status":"publish","type":"product","link":"https:\/\/www.soanam.de\/pl\/produkt\/hailys-t-shirt-ss-p-tp-bella-in-white-groesse-m\/","title":{"rendered":"Hailys T-Shirt SS P TP Bella, w kolorze bia\u0142ym, rozmiar M"},"content":{"rendered":"<p>Koszulka damska od Hailys<br \/>\nFajna moda uliczna i styl imprezowy<br \/>\nRegularny kr\u00f3j \/ normalny kszta\u0142t<br \/>\nZ brokatowym nadrukiem na piersi<br \/>\nOkr\u0105g\u0142y dekolt<br \/>\nWykonane z mi\u0119kkiej mieszanki bawe\u0142ny<\/p>\n<p>Koszulka z okr\u0105g\u0142ym dekoltem i modnym brokatowym nadrukiem z przodu ma swobodny kr\u00f3j, kr\u00f3tkie r\u0119kawy, a mieszanka bawe\u0142ny gwarantuje wygod\u0119 i lekko\u015b\u0107.<br \/>\nDobry stosunek ceny do wydajno\u015bci zadowala portfele g\u0142\u00f3wnie m\u0142odych klient\u00f3w i g\u0142\u00f3wnej grupy docelowej m\u0142odych kobiet.<\/p>\n<p>Materia\u0142: poliester 65%, wiskoza 35%<br \/>\nWskaz\u00f3wki dotycz\u0105ce piel\u0119gnacji: Pra\u0107 w pralce<\/p>\n<p>Kolor: bia\u0142y<br \/>\nWz\u00f3r: brokatowy nadruk<br \/>\nRozmiar: M<\/p>\n<p>Szeroko\u015b\u0107 ramion: 43 cm<br \/>\nSzeroko\u015b\u0107 klatki piersiowej: 100 cm<br \/>\nD\u0142ugo\u015b\u0107 r\u0119kawa: 9 cm<br \/>\nCa\u0142kowita d\u0142ugo\u015b\u0107: 66 cm<\/p>","protected":false},"excerpt":{"rendered":"<p>Rozmiar: M<br \/>\nKolor: bia\u0142y<br \/>\nArtikel-Nummer: AY-87108<br \/>\nMarke: Hailys<br \/>\nMaterial: 65%Polyester, 35%Viscose<br \/>\nInstrukcje dotycz\u0105ce piel\u0119gnacji: Pranie w pralce<br \/>\nDetails: Glitzerprint<\/p>","protected":false},"featured_media":78498,"comment_status":"open","ping_status":"closed","template":"","meta":{"_seopress_robots_primary_cat":"","_seopress_titles_title":"","_seopress_titles_desc":"","_seopress_robots_index":""},"product_brand":[],"product_cat":[1348,1458,1477],"product_tag":[],"class_list":{"0":"post-78387","1":"product","2":"type-product","3":"status-publish","4":"has-post-thumbnail","6":"product_cat-damen-mode","7":"product_cat-shirts-damen-mode","8":"product_cat-t-shirts-shirts-damen-mode","9":"product_shipping_class-standard-versand","11":"first","12":"instock","13":"taxable","14":"shipping-taxable","15":"purchasable","16":"product-type-simple"},"_links":{"self":[{"href":"https:\/\/www.soanam.de\/pl\/wp-json\/wp\/v2\/product\/78387","targetHints":{"allow":["GET"]}}],"collection":[{"href":"https:\/\/www.soanam.de\/pl\/wp-json\/wp\/v2\/product"}],"about":[{"href":"https:\/\/www.soanam.de\/pl\/wp-json\/wp\/v2\/types\/product"}],"replies":[{"embeddable":true,"href":"https:\/\/www.soanam.de\/pl\/wp-json\/wp\/v2\/comments?post=78387"}],"wp:featuredmedia":[{"embeddable":true,"href":"https:\/\/www.soanam.de\/pl\/wp-json\/wp\/v2\/media\/78498"}],"wp:attachment":[{"href":"https:\/\/www.soanam.de\/pl\/wp-json\/wp\/v2\/media?parent=78387"}],"wp:term":[{"taxonomy":"product_brand","embeddable":true,"href":"https:\/\/www.soanam.de\/pl\/wp-json\/wp\/v2\/product_brand?post=78387"},{"taxonomy":"product_cat","embeddable":true,"href":"https:\/\/www.soanam.de\/pl\/wp-json\/wp\/v2\/product_cat?post=78387"},{"taxonomy":"product_tag","embeddable":true,"href":"https:\/\/www.soanam.de\/pl\/wp-json\/wp\/v2\/product_tag?post=78387"}],"curies":[{"name":"wp","href":"https:\/\/api.w.org\/{rel}","templated":true}]}}