{"id":78332,"date":"2023-12-13T21:16:41","date_gmt":"2023-12-13T20:16:41","guid":{"rendered":"https:\/\/www.soanam.de\/?post_type=product&#038;p=78332"},"modified":"2023-12-13T21:19:58","modified_gmt":"2023-12-13T20:19:58","slug":"nordbrand-likier-mietowy-07-ltr-18-vol","status":"publish","type":"product","link":"https:\/\/www.soanam.de\/pl\/produkt\/nordbrand-pfefferminzlikoer-07-ltr-18-vol\/","title":{"rendered":"Nordbrand likier mi\u0119towy 0,7 ltr.18% vol."},"content":{"rendered":"<h3>Opis produktu<\/h3>\n<p>Jasnozielony, mi\u0119towy i absolutnie kultowy: likier mi\u0119towy Nordbrand Nordhausen to prawdziwy orygina\u0142. Jest zar\u00f3wno imprezowym kultem, jak i wschodnim klasykiem - a dzi\u0119ki niepowtarzalnemu kolorowi i wyj\u0105tkowemu smakowi jest obecnie pity na imprezach w ca\u0142ych Niemczech.<br \/>\nOd uroczysto\u015bci rodzinnych po imprezy studenckie - mi\u0119ta pieprzowa po prostu zawsze si\u0119 sprawdza. Niezale\u017cnie od tego, czy jest lodowaty jako shot, czy zmieszany z long drinkiem, likier mi\u0119towy Nordbrand Nordhausen o cierpkim smaku mi\u0119ty pieprzowej zapewnia prawdziw\u0105 \u015bwie\u017co\u015b\u0107 w kieliszku. Przyci\u0105ga fan\u00f3w i koneser\u00f3w od ponad 60 lat i wnosi mn\u00f3stwo koloru do nocnego \u017cycia.<br \/>\nBo jedno jest pewne: Pfeffi. Nie ma nic bardziej zielonego ni\u017c to.<\/p>\n<p><strong>szczeg\u00f3\u0142y<\/strong><br \/>\nProducent: Nordbrand Nordhausen GmbH<br \/>\nKraj: Niemcy<br \/>\nRegion: Harz<br \/>\nDystrybutor: Nordbrand<br \/>\nZawarto\u015b\u0107 alkoholu: 18,00 % obj.<br \/>\nZ barwnikiem: Tak<br \/>\nPojemno\u015b\u0107: 0,700 litra<\/p>\n<p><strong>Wskaz\u00f3wka<\/strong><br \/>\nDostawa wy\u0142\u0105cznie do os\u00f3b w wieku powy\u017cej 18 lat<\/p>","protected":false},"excerpt":{"rendered":"<h3>Artikelmerkmale<\/h3>\n<p>Artikelzustand: Neu - Neuer, unbenutzter und unbesch\u00e4digter Artikel in der unge\u00f6ffneten Verpackung<\/p>\n<table dir=\"ltr\" border=\"1\" cellspacing=\"0\" cellpadding=\"0\">\n<colgroup>\n<col width=\"203\" \/>\n<col width=\"365\" \/><\/colgroup>\n<tbody>\n<tr>\n<td data-sheets-value=\"{&quot;1&quot;:2,&quot;2&quot;:&quot;Alkoholgehalt:&quot;}\">Alkoholgehalt:<\/td>\n<td data-sheets-value=\"{&quot;1&quot;:3,&quot;3&quot;:0.18}\" data-sheets-numberformat=\"{&quot;1&quot;:3,&quot;2&quot;:&quot;0%&quot;,&quot;3&quot;:1}\">18%<\/td>\n<\/tr>\n<tr>\n<td data-sheets-value=\"{&quot;1&quot;:2,&quot;2&quot;:&quot;Allergene:&quot;}\">Allergene:<\/td>\n<td data-sheets-value=\"{&quot;1&quot;:2,&quot;2&quot;:&quot;unbekannt&quot;}\">nieznany<\/td>\n<\/tr>\n<tr>\n<td data-sheets-value=\"{&quot;1&quot;:2,&quot;2&quot;:&quot;EAN:&quot;}\">EAN:<\/td>\n<td data-sheets-value=\"{&quot;1&quot;:3,&quot;3&quot;:4400065403109}\">4400065403109<\/td>\n<\/tr>\n<tr>\n<td data-sheets-value=\"{&quot;1&quot;:2,&quot;2&quot;:&quot;Eigenschaften:&quot;}\">W\u0142a\u015bciwo\u015bci:<\/td>\n<td data-sheets-value=\"{&quot;1&quot;:2,&quot;2&quot;:&quot;minzig frisch&quot;}\">minzig frisch<\/td>\n<\/tr>\n<tr>\n<td data-sheets-value=\"{&quot;1&quot;:2,&quot;2&quot;:&quot;Herstellernummer:&quot;}\">Herstellernummer:<\/td>\n<td data-sheets-value=\"{&quot;1&quot;:2,&quot;2&quot;:&quot;nicht zutreffend&quot;}\">nicht zutreffend<\/td>\n<\/tr>\n<tr>\n<td data-sheets-value=\"{&quot;1&quot;:2,&quot;2&quot;:&quot;Lebensmittelspezifikationen:&quot;}\">Lebensmittelspezifikationen:<\/td>\n<td data-sheets-value=\"{&quot;1&quot;:2,&quot;2&quot;:&quot;mit Farbstoff&quot;}\">mit Farbstoff<\/td>\n<\/tr>\n<tr>\n<td data-sheets-value=\"{&quot;1&quot;:2,&quot;2&quot;:&quot;Marke:&quot;}\">Marke:<\/td>\n<td data-sheets-value=\"{&quot;1&quot;:2,&quot;2&quot;:&quot;Nordbrand&quot;}\">P\u00f3\u0142nocny po\u017car<\/td>\n<\/tr>\n<tr>\n<td data-sheets-value=\"{&quot;1&quot;:2,&quot;2&quot;:&quot;Produktart:&quot;}\">Produktart:<\/td>\n<td data-sheets-value=\"{&quot;1&quot;:2,&quot;2&quot;:&quot;Pfefferminzlik\u00f6r&quot;}\">Pfefferminzlik\u00f6r<\/td>\n<\/tr>\n<tr>\n<td data-sheets-value=\"{&quot;1&quot;:2,&quot;2&quot;:&quot;Signiert:&quot;}\">Signiert:<\/td>\n<td data-sheets-value=\"{&quot;1&quot;:2,&quot;2&quot;:&quot;Nein&quot;}\">Nein<\/td>\n<\/tr>\n<tr>\n<td data-sheets-value=\"{&quot;1&quot;:2,&quot;2&quot;:&quot;Verpackung:&quot;}\">Verpackung:<\/td>\n<td data-sheets-value=\"{&quot;1&quot;:2,&quot;2&quot;:&quot;Flasche&quot;}\">Flasche<\/td>\n<\/tr>\n<\/tbody>\n<\/table>","protected":false},"featured_media":78458,"comment_status":"open","ping_status":"closed","template":"","meta":{"_seopress_robots_primary_cat":"","_seopress_titles_title":"","_seopress_titles_desc":"","_seopress_robots_index":""},"product_brand":[],"product_cat":[1499,1500],"product_tag":[],"class_list":{"0":"post-78332","1":"product","2":"type-product","3":"status-publish","4":"has-post-thumbnail","6":"product_cat-alkoholische-getraenke","7":"product_cat-spirituosen","8":"product_shipping_class-standard-versand","10":"first","11":"instock","12":"taxable","13":"shipping-taxable","14":"purchasable","15":"product-type-simple"},"_links":{"self":[{"href":"https:\/\/www.soanam.de\/pl\/wp-json\/wp\/v2\/product\/78332","targetHints":{"allow":["GET"]}}],"collection":[{"href":"https:\/\/www.soanam.de\/pl\/wp-json\/wp\/v2\/product"}],"about":[{"href":"https:\/\/www.soanam.de\/pl\/wp-json\/wp\/v2\/types\/product"}],"replies":[{"embeddable":true,"href":"https:\/\/www.soanam.de\/pl\/wp-json\/wp\/v2\/comments?post=78332"}],"wp:featuredmedia":[{"embeddable":true,"href":"https:\/\/www.soanam.de\/pl\/wp-json\/wp\/v2\/media\/78458"}],"wp:attachment":[{"href":"https:\/\/www.soanam.de\/pl\/wp-json\/wp\/v2\/media?parent=78332"}],"wp:term":[{"taxonomy":"product_brand","embeddable":true,"href":"https:\/\/www.soanam.de\/pl\/wp-json\/wp\/v2\/product_brand?post=78332"},{"taxonomy":"product_cat","embeddable":true,"href":"https:\/\/www.soanam.de\/pl\/wp-json\/wp\/v2\/product_cat?post=78332"},{"taxonomy":"product_tag","embeddable":true,"href":"https:\/\/www.soanam.de\/pl\/wp-json\/wp\/v2\/product_tag?post=78332"}],"curies":[{"name":"wp","href":"https:\/\/api.w.org\/{rel}","templated":true}]}}