{"id":78310,"date":"2023-12-13T21:16:08","date_gmt":"2023-12-13T20:16:08","guid":{"rendered":"https:\/\/www.soanam.de\/?post_type=product&#038;p=78310"},"modified":"2023-12-13T21:19:29","modified_gmt":"2023-12-13T20:19:29","slug":"roesch-maska-materialowa-dla-doroslych-biala-z-niebieskim-1-szt","status":"publish","type":"product","link":"https:\/\/www.soanam.de\/pl\/produkt\/roesch-stoffmaske-fuer-erwachsene-weiss-mit-bluemchen-1-stk\/","title":{"rendered":"Maska materia\u0142owa R\u00f6sch dla doros\u0142ych, bia\u0142a w kwiaty, 1 szt."},"content":{"rendered":"<h3>Opis produktu<\/h3>\n<p>Mo\u017ce zapobiega\u0107 przenoszeniu \u015bliny na inne osoby<br \/>\nMo\u017ce zmniejszy\u0107 prawdopodobie\u0144stwo z\u0142apania w twarz<br \/>\nMaska na usta i nos wielokrotnego u\u017cytku<br \/>\nMo\u017cna pra\u0107 w temperaturze 60 stopni<\/p>\n<p>Maska na usta i nos dla doros\u0142ych Bl\u00fcmchen firmy R\u00f6sch to tr\u00f3jwarstwowa maska wielokrotnego u\u017cytku na usta i nos wykonana z bawe\u0142ny 100%. Maska mo\u017ce zapobiega\u0107 rozpylaniu zaka\u017anych kropelek \u015bliny na inn\u0105 osob\u0119 podczas kaszlu i kichania oraz zmniejsza prawdopodobie\u0144stwo dotkni\u0119cia twarzy.<\/p>\n<p><strong>Ostrze\u017cenia<\/strong><br \/>\nNie jest to produkt medyczny, przed za\u0142o\u017ceniem nale\u017cy umy\u0107 mask\u0119<\/p>\n<p><strong>Materia\u0142<\/strong><br \/>\nMateria\u0142 zewn\u0119trzny: bawe\u0142na 100%, podszewka (polar): poliamid 85% \/ poliester 15%<\/p>","protected":false},"excerpt":{"rendered":"<h3>Artikelmerkmale<\/h3>\n<p>Artikelzustand: Neu - Neuer, unbenutzter und unbesch\u00e4digter Artikel in der unge\u00f6ffneten Verpackung<\/p>\n<table dir=\"ltr\" border=\"1\" cellspacing=\"0\" cellpadding=\"0\">\n<colgroup>\n<col width=\"203\" \/>\n<col width=\"365\" \/><\/colgroup>\n<tbody>\n<tr>\n<td data-sheets-value=\"{&quot;1&quot;:2,&quot;2&quot;:&quot;EAN:&quot;}\">EAN:<\/td>\n<td data-sheets-value=\"{&quot;1&quot;:3,&quot;3&quot;:4054856415569}\">4054856415569<\/td>\n<\/tr>\n<tr>\n<td data-sheets-value=\"{&quot;1&quot;:2,&quot;2&quot;:&quot;Herstellernummer:&quot;}\">Herstellernummer:<\/td>\n<td data-sheets-value=\"{&quot;1&quot;:3,&quot;3&quot;:1779780}\">1779780<\/td>\n<\/tr>\n<tr>\n<td data-sheets-value=\"{&quot;1&quot;:2,&quot;2&quot;:&quot;Herstellungsland und -region:&quot;}\">Herstellungsland und -region:<\/td>\n<td data-sheets-value=\"{&quot;1&quot;:2,&quot;2&quot;:&quot;Deutschland&quot;}\">Niemcy<\/td>\n<\/tr>\n<tr>\n<td data-sheets-value=\"{&quot;1&quot;:2,&quot;2&quot;:&quot;Marke:&quot;}\">Marke:<\/td>\n<td data-sheets-value=\"{&quot;1&quot;:2,&quot;2&quot;:&quot;R\u00f6sch&quot;}\">R\u00f6sch<\/td>\n<\/tr>\n<tr>\n<td data-sheets-value=\"{&quot;1&quot;:2,&quot;2&quot;:&quot;Modifizierter Artikel:&quot;}\">Modifizierter Artikel:<\/td>\n<td data-sheets-value=\"{&quot;1&quot;:2,&quot;2&quot;:&quot;Nein&quot;}\">Nein<\/td>\n<\/tr>\n<\/tbody>\n<\/table>","protected":false},"featured_media":78433,"comment_status":"open","ping_status":"closed","template":"","meta":{"_seopress_robots_primary_cat":"","_seopress_titles_title":"","_seopress_titles_desc":"","_seopress_robots_index":""},"product_brand":[],"product_cat":[1348,1357,1496],"product_tag":[],"class_list":{"0":"post-78310","1":"product","2":"type-product","3":"status-publish","4":"has-post-thumbnail","6":"product_cat-damen-mode","7":"product_cat-accessoires","8":"product_cat-mund-nasen-schutz","9":"product_shipping_class-standard-versand","11":"first","12":"instock","13":"sale","14":"taxable","15":"shipping-taxable","16":"purchasable","17":"product-type-simple"},"_links":{"self":[{"href":"https:\/\/www.soanam.de\/pl\/wp-json\/wp\/v2\/product\/78310","targetHints":{"allow":["GET"]}}],"collection":[{"href":"https:\/\/www.soanam.de\/pl\/wp-json\/wp\/v2\/product"}],"about":[{"href":"https:\/\/www.soanam.de\/pl\/wp-json\/wp\/v2\/types\/product"}],"replies":[{"embeddable":true,"href":"https:\/\/www.soanam.de\/pl\/wp-json\/wp\/v2\/comments?post=78310"}],"wp:featuredmedia":[{"embeddable":true,"href":"https:\/\/www.soanam.de\/pl\/wp-json\/wp\/v2\/media\/78433"}],"wp:attachment":[{"href":"https:\/\/www.soanam.de\/pl\/wp-json\/wp\/v2\/media?parent=78310"}],"wp:term":[{"taxonomy":"product_brand","embeddable":true,"href":"https:\/\/www.soanam.de\/pl\/wp-json\/wp\/v2\/product_brand?post=78310"},{"taxonomy":"product_cat","embeddable":true,"href":"https:\/\/www.soanam.de\/pl\/wp-json\/wp\/v2\/product_cat?post=78310"},{"taxonomy":"product_tag","embeddable":true,"href":"https:\/\/www.soanam.de\/pl\/wp-json\/wp\/v2\/product_tag?post=78310"}],"curies":[{"name":"wp","href":"https:\/\/api.w.org\/{rel}","templated":true}]}}