{"id":78245,"date":"2023-12-13T21:14:32","date_gmt":"2023-12-13T20:14:32","guid":{"rendered":"https:\/\/www.soanam.de\/?post_type=product&#038;p=78245"},"modified":"2023-12-13T21:18:12","modified_gmt":"2023-12-13T20:18:12","slug":"spodnie-ochronne-hard-iron-tech-t-orange-blaze-gr-44-odziez-mysliwska","status":"publish","type":"product","link":"https:\/\/www.soanam.de\/pl\/produkt\/hart-iron-tech-t-sicherheitshose-orange-blaze-gr-44-jagdbekleidung\/","title":{"rendered":"Spodnie HART IRON TECH-T SAFETY PANTS, Orange Blaze, rozmiar 44 - Odzie\u017c my\u015bliwska"},"content":{"rendered":"<h3>Opis<\/h3>\n<p>Spodnie ochronne Hart IRON TECH-T to wodoodporne spodnie z wyko\u0144czeniami odpornymi na kolce, dzi\u0119ki czemu idealnie nadaj\u0105 si\u0119 do polowa\u0144. Spodnie Iron Tech maj\u0105 wyj\u0105tkowo wysok\u0105 wodoodporno\u015b\u0107 80000 mm. Spodnie ochronne Hart s\u0105 dost\u0119pne w dw\u00f3ch r\u00f3\u017cnych kolorach. W kolorze Orange Blaze spodnie oferuj\u0105 tr\u00f3jwarstwow\u0105 ochron\u0119 dzi\u0119ki wytrzyma\u0142emu materia\u0142owi Rip Stop Blaze z wewn\u0119trzn\u0105 wzmocnion\u0105 warstw\u0105 i zewn\u0119trzn\u0105 tkanin\u0105 g\u0142\u00f3wn\u0105.<br \/>\nTalia jest lekko podniesiona i elastyczna. Wst\u0119pnie ukszta\u0142towane kolana zapewniaj\u0105 optymalny komfort. Spodnie maj\u0105 r\u00f3wnie\u017c liczne kieszenie: jedn\u0105 z ty\u0142u, dwie na skos, jedn\u0105 na udzie i jedn\u0105 na n\u00f3\u017c. Rozci\u0119cia wentylacyjne z zamkami b\u0142yskawicznymi zapewniaj\u0105 odpowiedni\u0105 cyrkulacj\u0119 powietrza.<\/p>","protected":false},"excerpt":{"rendered":"<h3>Artikelmerkmale<\/h3>\n<p>Stan produktu: Nowy z etykiet\u0105: Nowy, nieu\u017cywany i nienoszony produkt w oryginalnym opakowaniu.<\/p>\n<table style=\"height: 459px;\" border=\"0\" width=\"573\" frame=\"VOID\" rules=\"NONE\" cellspacing=\"0\">\n<colgroup>\n<col width=\"133\" \/>\n<col width=\"700\" \/><\/colgroup>\n<tbody>\n<tr>\n<td align=\"LEFT\" width=\"133\" height=\"18\">Abteilung:<\/td>\n<td align=\"LEFT\" width=\"700\">Herren<\/td>\n<\/tr>\n<tr>\n<td align=\"LEFT\" height=\"18\">Anwendungsbereich:<\/td>\n<td align=\"LEFT\">Jagd<\/td>\n<\/tr>\n<tr>\n<td align=\"LEFT\" height=\"18\">Ausstattung:<\/td>\n<td align=\"LEFT\">G\u00fcrtelschlaufen , Vorgeformte Knie , 2 Einschubtaschen , 1 Oberschenkeltasche , Messertasche , L\u00fcftungsschlitze<\/td>\n<\/tr>\n<tr>\n<td align=\"LEFT\" height=\"17\">EAN:<\/td>\n<td align=\"LEFT\">8430292272588<\/td>\n<\/tr>\n<tr>\n<td align=\"LEFT\" height=\"18\">W\u0142a\u015bciwo\u015bci:<\/td>\n<td align=\"LEFT\">wasserdicht , Dornenschutz<\/td>\n<\/tr>\n<tr>\n<td align=\"LEFT\" height=\"18\">Kolor:<\/td>\n<td align=\"LEFT\">Orange Blaze<\/td>\n<\/tr>\n<tr>\n<td align=\"LEFT\" height=\"18\">Kolor:<\/td>\n<td align=\"LEFT\">Zielony , Pomara\u0144czowy<\/td>\n<\/tr>\n<tr>\n<td align=\"LEFT\" height=\"18\">Gr\u00f6\u00dfe:<\/td>\n<td align=\"LEFT\">44<\/td>\n<\/tr>\n<tr>\n<td align=\"LEFT\" height=\"18\">Jahreszeit:<\/td>\n<td align=\"LEFT\">\u00dcbergangszeit<\/td>\n<\/tr>\n<tr>\n<td align=\"LEFT\" height=\"18\">Kategorie:<\/td>\n<td align=\"LEFT\">Sauenschutzhose , Nachsuchehose<\/td>\n<\/tr>\n<tr>\n<td align=\"LEFT\" height=\"18\">Marke:<\/td>\n<td align=\"LEFT\">HART<\/td>\n<\/tr>\n<tr>\n<td align=\"LEFT\" height=\"18\">Materia\u0142:<\/td>\n<td align=\"LEFT\">Poliuretan , Bawe\u0142na , Poliester<\/td>\n<\/tr>\n<tr>\n<td align=\"LEFT\" height=\"18\">Modell:<\/td>\n<td align=\"LEFT\">IRON TECH-T<\/td>\n<\/tr>\n<tr>\n<td align=\"LEFT\" height=\"18\">Produktart:<\/td>\n<td align=\"LEFT\">Spodnie<\/td>\n<\/tr>\n<tr>\n<td align=\"LEFT\" height=\"18\">Serie:<\/td>\n<td align=\"LEFT\">Iron Tech<\/td>\n<\/tr>\n<tr>\n<td align=\"LEFT\" height=\"18\">Sportart:<\/td>\n<td align=\"LEFT\">Jagen<\/td>\n<\/tr>\n<\/tbody>\n<\/table>","protected":false},"featured_media":78374,"comment_status":"open","ping_status":"closed","template":"","meta":{"_seopress_robots_primary_cat":"","_seopress_titles_title":"","_seopress_titles_desc":"","_seopress_robots_index":""},"product_brand":[],"product_cat":[1345,1346],"product_tag":[],"class_list":{"0":"post-78245","1":"product","2":"type-product","3":"status-publish","4":"has-post-thumbnail","6":"product_cat-herrenmode","7":"product_cat-hosen","8":"product_shipping_class-standard-versand","10":"first","11":"instock","12":"sale","13":"taxable","14":"shipping-taxable","15":"purchasable","16":"product-type-simple"},"_links":{"self":[{"href":"https:\/\/www.soanam.de\/pl\/wp-json\/wp\/v2\/product\/78245","targetHints":{"allow":["GET"]}}],"collection":[{"href":"https:\/\/www.soanam.de\/pl\/wp-json\/wp\/v2\/product"}],"about":[{"href":"https:\/\/www.soanam.de\/pl\/wp-json\/wp\/v2\/types\/product"}],"replies":[{"embeddable":true,"href":"https:\/\/www.soanam.de\/pl\/wp-json\/wp\/v2\/comments?post=78245"}],"wp:featuredmedia":[{"embeddable":true,"href":"https:\/\/www.soanam.de\/pl\/wp-json\/wp\/v2\/media\/78374"}],"wp:attachment":[{"href":"https:\/\/www.soanam.de\/pl\/wp-json\/wp\/v2\/media?parent=78245"}],"wp:term":[{"taxonomy":"product_brand","embeddable":true,"href":"https:\/\/www.soanam.de\/pl\/wp-json\/wp\/v2\/product_brand?post=78245"},{"taxonomy":"product_cat","embeddable":true,"href":"https:\/\/www.soanam.de\/pl\/wp-json\/wp\/v2\/product_cat?post=78245"},{"taxonomy":"product_tag","embeddable":true,"href":"https:\/\/www.soanam.de\/pl\/wp-json\/wp\/v2\/product_tag?post=78245"}],"curies":[{"name":"wp","href":"https:\/\/api.w.org\/{rel}","templated":true}]}}