{"id":78188,"date":"2023-12-13T21:13:09","date_gmt":"2023-12-13T20:13:09","guid":{"rendered":"https:\/\/www.soanam.de\/?post_type=product&#038;p=78188"},"modified":"2023-12-13T21:16:18","modified_gmt":"2023-12-13T20:16:18","slug":"nuk-nature-sense-butelka-dla-niemowlat-0-6-miesiecy-s-150-ml-zawartosc-biala","status":"publish","type":"product","link":"https:\/\/www.soanam.de\/pl\/produkt\/nuk-nature-sense-babyflasche-0-6-monate-s-150-ml-inhalt-weiss\/","title":{"rendered":"Butelka dla niemowl\u0105t NUK Nature Sense, 0-6 miesi\u0119cy, S, pojemno\u015b\u0107 150 ml, bia\u0142a"},"content":{"rendered":"<h3>Opis produktu<\/h3>\n<p>NUK Nature Sense Babyflasche. Wir k\u00f6nnen Mutter Natur nicht ersetzen \u2013 aber sie uns als Vorbild nehmen. Wir von NUK haben es uns daher zur Aufgabe gemacht der Natur noch n\u00e4her zu kommen und auf diese Weise die neue NUK Nature Sense Babyflasche entwickelt. Das Besondere an dieser Flasche: die feinen Trink\u00f6ffnungen des Trinksaugers wurden den Milchkan\u00e4len der Mutterbrust nachempfunden und machen sie zu einem Fl\u00e4schchen, mit dem Babys ein rundum vertrautes Trinkgef\u00fchl und vor allem einen nat\u00fcrlichen Trinkfluss genie\u00dfen k\u00f6nnen. Und genau das liegt uns besonders am Herzen, denn mit einem nat\u00fcrlichen Gef\u00fchl bei der Flaschenf\u00fctterung gelingt der Wechsel vom Stillen an der Brust zur Flaschenf\u00fctterung ganz leicht und mit viel Freude f\u00fcr Sie und Ihr Baby. Der Mutterbrust nachempfunden \u2013 Der Trinksauger der NUK Nature Sense Babyflasche. Der Trinksauger der NUK Nature Sense Babyflasche ist der Mutterbrust so nah wie nie zuvor! Vor allem f\u00fcr M\u00fctter, die nicht stillen k\u00f6nnen, Stillen und Flaschenf\u00fctterung kombinieren, oder die ihr Baby gerade auf das Trinken aus dem Fl\u00e4schchen umgew\u00f6hnen m\u00f6chten, eignet sich diese Trinkflasche daher optimal. Die extra breite und flexible Lippenauflage des Trinksaugers l\u00e4sst Ihr Baby nat\u00fcrlich ansetzen und auch das innovative Anti-Colic Ventil erm\u00f6glicht ein brust\u00e4hnliches Trinken ohne abzusetzen und verhindert so, dass Ihr Baby Luft schluckt. Die extra weiche Saugerspitze passt sich \u00e4hnlich der Brustwarze dem Mundraum besonders flexibel an. So f\u00e4llt Ihrem Kind der Abschied von der Brust sicherlich um einiges leichter und auch f\u00fcr Sie bringt die innovative Trinkflasche von NUK einen echten Mehrwert, denn nun kann nachts auch mal der Papa aufstehen, die Ern\u00e4hrung Ihres Nachwuchses in die Hand nehmen und Ihnen somit ein paar Stunden wertvollen Schlaf schenken. Was die naturnahe Babyflasche noch zu bieten hat. Nicht nur wir halten die NUK Nature Sense Flasche f\u00fcr die beste NUK Trinkflasche, die je entwickelt wurde. Auch Testergebnisse* zeigen vielversprechende Resultate die eindeutig f\u00fcr diese Babyflasche sprechen. So akzeptieren 92% der Babys den naturnahen Trinksauger der Flasche, 99% der M\u00fctter w\u00fcrden diese Flasche weiterempfehlen und 98% der befragten Hebammen und Kinder\u00e4rzte best\u00e4tigen die Weichheit und ein Gef\u00fchl fast wie an der Mutterbrust. Doch was w\u00e4re dieser perfekte Trinksauger, der von M\u00fcttern, Hebammen und Kinder\u00e4rzten gesch\u00e4tzt und empfohlen wird, ohne das passende Fl\u00e4schchen dazu? Die Nature Sense Babyflasche ist aus hochwertigen Polypropylen, BPA frei und besonders widerstandsf\u00e4hig. Durch den extra weiten Flaschenhals gelingt das Bef\u00fcllen und Reinigen ganz einfach. Die Schutzkappe verschlie\u00dft direkt und sicher alle feinen Trink\u00f6ffnungen, sodass die Trinkflasche sich ebenfalls als treuer Begleiter f\u00fcr unterwegs bew\u00e4hrt. Die Kombination zwischen praktischer Babyflasche und naturnahem Trinksauger wurde hier ideal umgesetzt, denn Ihnen und Ihrem Baby soll es an nichts fehlen.<br \/>\n*Unabh\u00e4ngige Marktforschung in Deutschland 2016<\/p>\n<p><strong>Set enth\u00e4lt:<\/strong><\/p>\n<p>Nature Sense Babyflasche aus Polypropylen<\/p>","protected":false},"excerpt":{"rendered":"<h3>Artikelmerkmale<\/h3>\n<p>Artikelzustand: Neu - Neuer, unbenutzter und unbesch\u00e4digter Artikel in nicht ge\u00f6ffneter Originalverpackung<\/p>\n<table dir=\"ltr\" border=\"1\" cellspacing=\"0\" cellpadding=\"0\">\n<colgroup>\n<col width=\"203\" \/>\n<col width=\"365\" \/><\/colgroup>\n<tbody>\n<tr>\n<td data-sheets-value=\"{&quot;1&quot;:2,&quot;2&quot;:&quot;EAN:&quot;}\">EAN:<\/td>\n<td data-sheets-value=\"{&quot;1&quot;:3,&quot;3&quot;:4008600253846}\">4008600253846<\/td>\n<\/tr>\n<tr>\n<td data-sheets-value=\"{&quot;1&quot;:2,&quot;2&quot;:&quot;Flaschenmaterial:&quot;}\">Flaschenmaterial:<\/td>\n<td data-sheets-value=\"{&quot;1&quot;:2,&quot;2&quot;:&quot;Polypropylen&quot;}\">Polypropylen<\/td>\n<\/tr>\n<tr>\n<td data-sheets-value=\"{&quot;1&quot;:2,&quot;2&quot;:&quot;Geeignet ab:&quot;}\">Zalecenia dotycz\u0105ce wieku:<\/td>\n<td data-sheets-value=\"{&quot;1&quot;:2,&quot;2&quot;:&quot;0 Monate&quot;}\">0-6 Monate<\/td>\n<\/tr>\n<tr>\n<td data-sheets-value=\"{&quot;1&quot;:2,&quot;2&quot;:&quot;Marke:&quot;}\">Marke:<\/td>\n<td data-sheets-value=\"{&quot;1&quot;:2,&quot;2&quot;:&quot;NUK&quot;}\">NUK<\/td>\n<\/tr>\n<tr>\n<td data-sheets-value=\"{&quot;1&quot;:2,&quot;2&quot;:&quot;Modifizierter Artikel:&quot;}\">Modifizierter Artikel:<\/td>\n<td data-sheets-value=\"{&quot;1&quot;:2,&quot;2&quot;:&quot;Nein&quot;}\">Nein<\/td>\n<\/tr>\n<\/tbody>\n<\/table>","protected":false},"featured_media":78315,"comment_status":"open","ping_status":"closed","template":"","meta":{"_seopress_robots_primary_cat":"","_seopress_titles_title":"","_seopress_titles_desc":"","_seopress_robots_index":""},"product_brand":[],"product_cat":[1400,1401],"product_tag":[],"class_list":{"0":"post-78188","1":"product","2":"type-product","3":"status-publish","4":"has-post-thumbnail","6":"product_cat-wohnzubehoer","7":"product_cat-haushaltswaren","8":"product_shipping_class-standard-versand","10":"first","11":"instock","12":"sale","13":"taxable","14":"shipping-taxable","15":"purchasable","16":"product-type-simple"},"_links":{"self":[{"href":"https:\/\/www.soanam.de\/pl\/wp-json\/wp\/v2\/product\/78188","targetHints":{"allow":["GET"]}}],"collection":[{"href":"https:\/\/www.soanam.de\/pl\/wp-json\/wp\/v2\/product"}],"about":[{"href":"https:\/\/www.soanam.de\/pl\/wp-json\/wp\/v2\/types\/product"}],"replies":[{"embeddable":true,"href":"https:\/\/www.soanam.de\/pl\/wp-json\/wp\/v2\/comments?post=78188"}],"wp:featuredmedia":[{"embeddable":true,"href":"https:\/\/www.soanam.de\/pl\/wp-json\/wp\/v2\/media\/78315"}],"wp:attachment":[{"href":"https:\/\/www.soanam.de\/pl\/wp-json\/wp\/v2\/media?parent=78188"}],"wp:term":[{"taxonomy":"product_brand","embeddable":true,"href":"https:\/\/www.soanam.de\/pl\/wp-json\/wp\/v2\/product_brand?post=78188"},{"taxonomy":"product_cat","embeddable":true,"href":"https:\/\/www.soanam.de\/pl\/wp-json\/wp\/v2\/product_cat?post=78188"},{"taxonomy":"product_tag","embeddable":true,"href":"https:\/\/www.soanam.de\/pl\/wp-json\/wp\/v2\/product_tag?post=78188"}],"curies":[{"name":"wp","href":"https:\/\/api.w.org\/{rel}","templated":true}]}}