{"id":78185,"date":"2023-12-13T21:13:08","date_gmt":"2023-12-13T20:13:08","guid":{"rendered":"https:\/\/www.soanam.de\/?post_type=product&#038;p=78185"},"modified":"2023-12-13T21:15:56","modified_gmt":"2023-12-13T20:15:56","slug":"oliver-twist-mit-einem-vorwort-von-garth-nix-von-charles-dickens-2012","status":"publish","type":"product","link":"https:\/\/www.soanam.de\/pl\/produkt\/oliver-twist-mit-einem-vorwort-von-garth-nix-von-charles-dickens-2012\/","title":{"rendered":"Oliver Twist. Z przedmow\u0105 Gartha Nixa od Charlesa Dickensa 2012"},"content":{"rendered":"<h3>Opis produktu<\/h3>\n<p>Arena Kinderbuch-Klassiker (Deutsch)<br \/>\nGebundene Ausgabe \u2013 1. Mai 2012<br \/>\nvon Charles Dickens (Autor), Garth Nix (Vorwort), Susi Haberl (\u00dcbersetzer)<\/p>\n<p>Der Waisenjunge Oliver Twist lebt in London unter Gaunern und Bettlern. Immer wieder versucht der alte Fagin Oliver zum Stehlen zu zwingen. Als der g\u00fctige Mr Brownlow den Jungen aufnimmt, erf\u00e4hrt Oliver zum ersten Mal Liebe und Geborgenheit. Doch \u00fcber Olivers Geburt schwebt ein Geheimnis, das ihn immer wieder in Gefahr bringt.<\/p>\n<p><strong>Informacje o produkcie<\/strong><br \/>\nHerausgeber : Arena (1. Mai 2012)<br \/>\nSprache: : Deutsch<br \/>\nGebundene Ausgabe : 237 Seiten<br \/>\nISBN-10 : 3401068008<br \/>\nISBN-13 : 978-3401068008<br \/>\nLesealter : 10 - 12 Jahre<br \/>\nAbmessungen : 13.1 x 3 x 19.5 cm<\/p>","protected":false},"excerpt":{"rendered":"<h3>Artikelmerkmale<\/h3>\n<p>Artikelzustand: Neu - Neuer, unbenutzter und unbesch\u00e4digter Artikel in nicht ge\u00f6ffneter Originalverpackung<\/p>\n<table dir=\"ltr\" border=\"1\" cellspacing=\"0\" cellpadding=\"0\">\n<colgroup>\n<col width=\"203\" \/>\n<col width=\"365\" \/><\/colgroup>\n<tbody>\n<tr>\n<td data-sheets-value=\"{&quot;1&quot;:2,&quot;2&quot;:&quot;Altersempfehlung:&quot;}\">Zalecenia dotycz\u0105ce wieku:<\/td>\n<td data-sheets-value=\"{&quot;1&quot;:2,&quot;2&quot;:&quot;9-12 Jahre, Jugendliche&quot;}\">10-12 Jahre, Jugendliche<\/td>\n<\/tr>\n<tr>\n<td data-sheets-value=\"{&quot;1&quot;:2,&quot;2&quot;:&quot;Anzahl der Seiten:&quot;}\">Anzahl der Seiten:<\/td>\n<td data-sheets-value=\"{&quot;1&quot;:3,&quot;3&quot;:237}\">237<\/td>\n<\/tr>\n<tr>\n<td data-sheets-value=\"{&quot;1&quot;:2,&quot;2&quot;:&quot;Buchtitel:&quot;}\">Buchtitel:<\/td>\n<td data-sheets-value=\"{&quot;1&quot;:2,&quot;2&quot;:&quot;Oliver Twist&quot;}\">Oliver Twist<\/td>\n<\/tr>\n<tr>\n<td data-sheets-value=\"{&quot;1&quot;:2,&quot;2&quot;:&quot;Genre:&quot;}\">Genre:<\/td>\n<td data-sheets-value=\"{&quot;1&quot;:2,&quot;2&quot;:&quot;Weltliteratur &amp; Klassiker&quot;}\">Weltliteratur &amp; Klassiker<\/td>\n<\/tr>\n<tr>\n<td data-sheets-value=\"{&quot;1&quot;:2,&quot;2&quot;:&quot;Modifizierter Artikel:&quot;}\">Modifizierter Artikel:<\/td>\n<td data-sheets-value=\"{&quot;1&quot;:2,&quot;2&quot;:&quot;Nein&quot;}\">Nein<\/td>\n<\/tr>\n<tr>\n<td data-sheets-value=\"{&quot;1&quot;:2,&quot;2&quot;:&quot;Originalsprache:&quot;}\">Originalsprache:<\/td>\n<td data-sheets-value=\"{&quot;1&quot;:2,&quot;2&quot;:&quot;Englisch&quot;}\">Englisch<\/td>\n<\/tr>\n<tr>\n<td data-sheets-value=\"{&quot;1&quot;:2,&quot;2&quot;:&quot;Produktart:&quot;}\">Produktart:<\/td>\n<td data-sheets-value=\"{&quot;1&quot;:2,&quot;2&quot;:&quot;Roman&quot;}\">Roman<\/td>\n<\/tr>\n<tr>\n<td data-sheets-value=\"{&quot;1&quot;:2,&quot;2&quot;:&quot;Reihe:&quot;}\">Reihe:<\/td>\n<td data-sheets-value=\"{&quot;1&quot;:2,&quot;2&quot;:&quot;Charles Dickens Erz\u00e4hlungen&quot;}\">Charles Dickens Erz\u00e4hlungen<\/td>\n<\/tr>\n<tr>\n<td data-sheets-value=\"{&quot;1&quot;:2,&quot;2&quot;:&quot;Sprache:&quot;}\">Sprache:<\/td>\n<td data-sheets-value=\"{&quot;1&quot;:2,&quot;2&quot;:&quot;Deutsch&quot;}\">Niemiecki<\/td>\n<\/tr>\n<tr>\n<td data-sheets-value=\"{&quot;1&quot;:2,&quot;2&quot;:&quot;Thema:&quot;}\">Thema:<\/td>\n<td data-sheets-value=\"{&quot;1&quot;:2,&quot;2&quot;:&quot;Lebensverh\u00e4ltnisse im viktorianischen England&quot;}\">Lebensverh\u00e4ltnisse im viktorianischen England<\/td>\n<\/tr>\n<\/tbody>\n<\/table>\n<p>&nbsp;<\/p>","protected":false},"featured_media":78300,"comment_status":"open","ping_status":"closed","template":"","meta":{"_seopress_robots_primary_cat":"","_seopress_titles_title":"","_seopress_titles_desc":"","_seopress_robots_index":""},"product_brand":[],"product_cat":[1428,1429,1452],"product_tag":[],"class_list":{"0":"post-78185","1":"product","2":"type-product","3":"status-publish","4":"has-post-thumbnail","6":"product_cat-buecher","7":"product_cat-jugend","8":"product_cat-romane-jugend","9":"product_shipping_class-standard-versand","11":"first","12":"instock","13":"taxable","14":"shipping-taxable","15":"purchasable","16":"product-type-simple"},"_links":{"self":[{"href":"https:\/\/www.soanam.de\/pl\/wp-json\/wp\/v2\/product\/78185","targetHints":{"allow":["GET"]}}],"collection":[{"href":"https:\/\/www.soanam.de\/pl\/wp-json\/wp\/v2\/product"}],"about":[{"href":"https:\/\/www.soanam.de\/pl\/wp-json\/wp\/v2\/types\/product"}],"replies":[{"embeddable":true,"href":"https:\/\/www.soanam.de\/pl\/wp-json\/wp\/v2\/comments?post=78185"}],"wp:featuredmedia":[{"embeddable":true,"href":"https:\/\/www.soanam.de\/pl\/wp-json\/wp\/v2\/media\/78300"}],"wp:attachment":[{"href":"https:\/\/www.soanam.de\/pl\/wp-json\/wp\/v2\/media?parent=78185"}],"wp:term":[{"taxonomy":"product_brand","embeddable":true,"href":"https:\/\/www.soanam.de\/pl\/wp-json\/wp\/v2\/product_brand?post=78185"},{"taxonomy":"product_cat","embeddable":true,"href":"https:\/\/www.soanam.de\/pl\/wp-json\/wp\/v2\/product_cat?post=78185"},{"taxonomy":"product_tag","embeddable":true,"href":"https:\/\/www.soanam.de\/pl\/wp-json\/wp\/v2\/product_tag?post=78185"}],"curies":[{"name":"wp","href":"https:\/\/api.w.org\/{rel}","templated":true}]}}