{"id":78184,"date":"2023-12-13T21:13:08","date_gmt":"2023-12-13T20:13:08","guid":{"rendered":"https:\/\/www.soanam.de\/?post_type=product&#038;p=78184"},"modified":"2023-12-13T21:15:52","modified_gmt":"2023-12-13T20:15:52","slug":"lotta-olsson-maria-nilsson-thore-wyjatkowy-przyjaciel-i-wielkie-szczescie-wydanie-2012-w-twardej-oprawie","status":"publish","type":"product","link":"https:\/\/www.soanam.de\/pl\/produkt\/lotta-olsson-maria-nilsson-thore-ein-einzigartiger-freund-und-das-ganz-ganz-grosse-glueck-gebundene-ausgabe-2012\/","title":{"rendered":"Lotta Olsson, Maria Nilsson Thore - \"Wyj\u0105tkowa przyjaci\u00f3\u0142ka i bardzo, bardzo wielkie szcz\u0119\u015bcie\" Wydanie 2012 w twardej oprawie"},"content":{"rendered":"<h3>Opis produktu<\/h3>\n<p>Czy jeste\u015b dziwny? W takim razie skontaktuj si\u0119 z nami! Wielki mr\u00f3wkojad i jego przyjaciel, ma\u0142a popielica, otrzymuj\u0105 listy z ca\u0142ego \u015bwiata. Pocz\u0105tkowo niezadowolony mr\u00f3wkojad szybko zdaje sobie spraw\u0119, \u017ce istniej\u0105 jeszcze dziwniejsze zwierz\u0119ta ni\u017c on sam. Nigdy by na to nie wpad\u0142! I prawie przeoczy\u0142 co\u015b jeszcze wa\u017cniejszego: Ka\u017cde ze zwierz\u0105t ma wyj\u0105tkow\u0105 cech\u0119, kt\u00f3ra czyni je tym, czym jest. Jak dobrze, \u017ce istniejesz, mr\u00f3wkojadzie! Wspania\u0142a ksi\u0105\u017cka do czytania na g\u0142os i do samodzielnego czytania.<\/p>\n<p><strong>Szczeg\u00f3\u0142y produktu<\/strong><br \/>\nWydawca : Arena<br \/>\nAutor: Lotta Olsson<br \/>\nIlustrator: Maria Nilsson Thore<br \/>\nTytu\u0142 oryginalny: \"Konstiga Djur\"<br \/>\nRok wydania : 2012<br \/>\nJ\u0119zyk : niemiecki<br \/>\nOprawa : Twarda oprawa<br \/>\nLiczba stron: 112 stron<br \/>\nISBN-10 : 3401099779<br \/>\nISBN-13 : 978-3401099774<br \/>\nIlustracje : ilustracje kolorowe<br \/>\nAltersempfehlung : 4 - 6 Jahre<br \/>\nWaga produktu: 381 g<\/p>","protected":false},"excerpt":{"rendered":"<h3>Artikelmerkmale<\/h3>\n<p>Artikelzustand: Neu - Neues, ungelesenes, ungebrauchtes Buch in makellosem Zustand<\/p>\n<table dir=\"ltr\" border=\"1\" cellspacing=\"0\" cellpadding=\"0\">\n<colgroup>\n<col width=\"203\" \/>\n<col width=\"365\" \/><\/colgroup>\n<tbody>\n<tr>\n<td data-sheets-value=\"{&quot;1&quot;:2,&quot;2&quot;:&quot;Autor:&quot;}\">Autor:<\/td>\n<td data-sheets-value=\"{&quot;1&quot;:2,&quot;2&quot;:&quot;Lotta Olsson, Maria Nilsson Thore&quot;}\">Lotta Olsson, Maria Nilsson Thore<\/td>\n<\/tr>\n<tr>\n<td data-sheets-value=\"{&quot;1&quot;:2,&quot;2&quot;:&quot;Besonderheiten:&quot;}\">Funkcje specjalne:<\/td>\n<td data-sheets-value=\"{&quot;1&quot;:2,&quot;2&quot;:&quot;Illustriert&quot;}\">Illustriert<\/td>\n<\/tr>\n<tr>\n<td data-sheets-value=\"{&quot;1&quot;:2,&quot;2&quot;:&quot;Buchtitel:&quot;}\">Buchtitel:<\/td>\n<td data-sheets-value=\"{&quot;1&quot;:2,&quot;2&quot;:&quot;Ein einzigartiger Freund und das ganz, ganz gro\u00dfe&quot;}\">Ein einzigartiger Freund und das ganz, ganz gro\u00dfe<\/td>\n<\/tr>\n<tr>\n<td data-sheets-value=\"{&quot;1&quot;:2,&quot;2&quot;:&quot;Erscheinungsjahr:&quot;}\">Erscheinungsjahr:<\/td>\n<td data-sheets-value=\"{&quot;1&quot;:3,&quot;3&quot;:2012}\">2012<\/td>\n<\/tr>\n<tr>\n<td data-sheets-value=\"{&quot;1&quot;:2,&quot;2&quot;:&quot;Format:&quot;}\">Format:<\/td>\n<td data-sheets-value=\"{&quot;1&quot;:2,&quot;2&quot;:&quot;Gebundene Ausgabe&quot;}\">Gebundene Ausgabe<\/td>\n<\/tr>\n<tr>\n<td data-sheets-value=\"{&quot;1&quot;:2,&quot;2&quot;:&quot;Genre:&quot;}\">Genre:<\/td>\n<td data-sheets-value=\"{&quot;1&quot;:2,&quot;2&quot;:&quot;Kinder- &amp; Jugendliteratur&quot;}\">Kinder- &amp; Jugendliteratur<\/td>\n<\/tr>\n<tr>\n<td data-sheets-value=\"{&quot;1&quot;:2,&quot;2&quot;:&quot;Herstellungsland und -region:&quot;}\">Herstellungsland und -region:<\/td>\n<td data-sheets-value=\"{&quot;1&quot;:2,&quot;2&quot;:&quot;Deutschland&quot;}\">Niemcy<\/td>\n<\/tr>\n<tr>\n<td data-sheets-value=\"{&quot;1&quot;:2,&quot;2&quot;:&quot;ISBN:&quot;}\">ISBN:<\/td>\n<td data-sheets-value=\"{&quot;1&quot;:3,&quot;3&quot;:9783401099774}\">9783401099774<\/td>\n<\/tr>\n<tr>\n<td data-sheets-value=\"{&quot;1&quot;:2,&quot;2&quot;:&quot;Literarische Gattung:&quot;}\">Literarische Gattung:<\/td>\n<td data-sheets-value=\"{&quot;1&quot;:2,&quot;2&quot;:&quot;Belletristik&quot;}\">Belletristik<\/td>\n<\/tr>\n<tr>\n<td data-sheets-value=\"{&quot;1&quot;:2,&quot;2&quot;:&quot;Produktart:&quot;}\">Produktart:<\/td>\n<td data-sheets-value=\"{&quot;1&quot;:2,&quot;2&quot;:&quot;Kinderbuch&quot;}\">Kinderbuch<\/td>\n<\/tr>\n<tr>\n<td data-sheets-value=\"{&quot;1&quot;:2,&quot;2&quot;:&quot;Sprache:&quot;}\">Sprache:<\/td>\n<td data-sheets-value=\"{&quot;1&quot;:2,&quot;2&quot;:&quot;Deutsch&quot;}\">Niemiecki<\/td>\n<\/tr>\n<tr>\n<td data-sheets-value=\"{&quot;1&quot;:2,&quot;2&quot;:&quot;Thematik:&quot;}\">Thematik:<\/td>\n<td data-sheets-value=\"{&quot;1&quot;:2,&quot;2&quot;:&quot;Tiere&quot;}\">Tiere<\/td>\n<\/tr>\n<tr>\n<td data-sheets-value=\"{&quot;1&quot;:2,&quot;2&quot;:&quot;Verlag:&quot;}\">Verlag:<\/td>\n<td data-sheets-value=\"{&quot;1&quot;:2,&quot;2&quot;:&quot;Arena&quot;}\">Arena<\/td>\n<\/tr>\n<tr>\n<td data-sheets-value=\"{&quot;1&quot;:2,&quot;2&quot;:&quot;Zielgruppe:&quot;}\">Zielgruppe:<\/td>\n<td data-sheets-value=\"{&quot;1&quot;:2,&quot;2&quot;:&quot;4-8 Jahre&quot;}\">4-6 Jahre<\/td>\n<\/tr>\n<\/tbody>\n<\/table>","protected":false},"featured_media":78298,"comment_status":"open","ping_status":"closed","template":"","meta":{"_seopress_robots_primary_cat":"","_seopress_titles_title":"","_seopress_titles_desc":"","_seopress_robots_index":""},"product_brand":[],"product_cat":[1428,1431,1432,1441],"product_tag":[],"class_list":{"0":"post-78184","1":"product","2":"type-product","3":"status-publish","4":"has-post-thumbnail","6":"product_cat-buecher","7":"product_cat-kinder","8":"product_cat-bilderbuecher","9":"product_cat-geschichten","10":"product_shipping_class-standard-versand","12":"first","13":"instock","14":"taxable","15":"shipping-taxable","16":"purchasable","17":"product-type-simple"},"_links":{"self":[{"href":"https:\/\/www.soanam.de\/pl\/wp-json\/wp\/v2\/product\/78184","targetHints":{"allow":["GET"]}}],"collection":[{"href":"https:\/\/www.soanam.de\/pl\/wp-json\/wp\/v2\/product"}],"about":[{"href":"https:\/\/www.soanam.de\/pl\/wp-json\/wp\/v2\/types\/product"}],"replies":[{"embeddable":true,"href":"https:\/\/www.soanam.de\/pl\/wp-json\/wp\/v2\/comments?post=78184"}],"wp:featuredmedia":[{"embeddable":true,"href":"https:\/\/www.soanam.de\/pl\/wp-json\/wp\/v2\/media\/78298"}],"wp:attachment":[{"href":"https:\/\/www.soanam.de\/pl\/wp-json\/wp\/v2\/media?parent=78184"}],"wp:term":[{"taxonomy":"product_brand","embeddable":true,"href":"https:\/\/www.soanam.de\/pl\/wp-json\/wp\/v2\/product_brand?post=78184"},{"taxonomy":"product_cat","embeddable":true,"href":"https:\/\/www.soanam.de\/pl\/wp-json\/wp\/v2\/product_cat?post=78184"},{"taxonomy":"product_tag","embeddable":true,"href":"https:\/\/www.soanam.de\/pl\/wp-json\/wp\/v2\/product_tag?post=78184"}],"curies":[{"name":"wp","href":"https:\/\/api.w.org\/{rel}","templated":true}]}}