{"id":78137,"date":"2023-12-13T21:12:14","date_gmt":"2023-12-13T20:12:14","guid":{"rendered":"https:\/\/www.soanam.de\/?post_type=product&#038;p=78137"},"modified":"2023-12-13T21:14:28","modified_gmt":"2023-12-13T20:14:28","slug":"on-herren-laufschuhe-cloudswift-running-shoes-black-rock-schwarz-groesse-45","status":"publish","type":"product","link":"https:\/\/www.soanam.de\/pl\/produkt\/on-herren-laufschuhe-cloudswift-running-shoes-black-rock-schwarz-groesse-45\/","title":{"rendered":"ON Herren Laufschuhe Cloudswift, Running Shoes, Black\/Rock, Schwarz, Gr\u00f6\u00dfe 45"},"content":{"rendered":"<h3>Opis<\/h3>\n<p>Wer in der Stadt laufen will, muss einigen Belastungen standhalten. Mit dem Cloudswift ist das kein Problem. CloudTec\u00ae-Technologie mit Helion\u2122-Superfoam garantiert Top-Leistung auf harten Oberfl\u00e4chen und sch\u00fctzt dich vor dem Aufprall. Das ist D\u00e4mpfung ohne Kompromisse \u2013 mit einem speziell entwickelten Oberschuh, der seinen Teil beitr\u00e4gt. Von einem schnellen 5-km-Lauf in der Mittagspause \u00fcber den Arbeitsweg quer durch die Stadt bis hin zu langen Sonntagsl\u00e4ufen \u2013 du wirst den Unterschied sp\u00fcren, sobald du mit dem Cloudswift durch die Strassen l\u00e4ufst.<\/p>\n<p>Die atmungsaktive Sockenkonstruktion aus speziell entwickeltem Mesh sorgt f\u00fcr k\u00fchle F\u00fcsse, selbst wenn die Temperaturen auf der Strasse steigen. Das mechanische seitliche TPU-Band ist stabil und doch dehnbar. Es bietet sanften Support am Mittelfuss, wenn du einen Sprint durch die Stadt einlegst. Ausserdem kannst du hier deine Schn\u00fcrb\u00e4nder fixieren.<\/p>\n<p>Durch CloudTec\u00ae-D\u00e4mpfung mit Helion\u2122-Superfoam erh\u00e4lt der Cloudswift seine kompromisslose D\u00e4mpfung. Helion\u2122 wurde f\u00fcr urbane L\u00e4ufe entwickelt. Der Superfoam kombiniert ein geringes Gewicht mit hoher Energier\u00fcckgewinnung und Strapazierf\u00e4higkeit. Er ist temperaturbest\u00e4ndig und liefert so bei heissem und kaltem Wetter dieselbe un\u00fcbertroffene Leistung.<\/p>\n<p><strong>Materia\u0142<\/strong>: Mesh, Synthetik, Gummi<\/p>","protected":false},"excerpt":{"rendered":"<h3>Artikelmerkmale<\/h3>\n<p>Stan produktu: Nowy z etykiet\u0105: Nowy, nieu\u017cywany i nienoszony produkt w oryginalnym opakowaniu.<\/p>\n<table border=\"0\" frame=\"VOID\" rules=\"NONE\" cellspacing=\"0\">\n<colgroup>\n<col width=\"116\" \/>\n<col width=\"152\" \/><\/colgroup>\n<tbody>\n<tr>\n<td align=\"LEFT\" width=\"116\" height=\"18\">Abteilung:<\/td>\n<td align=\"LEFT\" width=\"152\">Herren<\/td>\n<\/tr>\n<tr>\n<td align=\"LEFT\" height=\"18\">Aktivit\u00e4t:<\/td>\n<td align=\"LEFT\">Freizeit, Laufen &amp; Joggen<\/td>\n<\/tr>\n<tr>\n<td align=\"LEFT\" height=\"18\">Anlass:<\/td>\n<td align=\"LEFT\">Freizeit, Sport<\/td>\n<\/tr>\n<tr>\n<td align=\"LEFT\" height=\"18\">AU-Schuhgr\u00f6\u00dfe:<\/td>\n<td align=\"LEFT\">ohne Angabe<\/td>\n<\/tr>\n<tr>\n<td align=\"LEFT\" height=\"18\">Charakter Familie:<\/td>\n<td align=\"LEFT\">ohne<\/td>\n<\/tr>\n<tr>\n<td align=\"LEFT\" height=\"18\">Charakter:<\/td>\n<td align=\"LEFT\">ohne<\/td>\n<\/tr>\n<tr>\n<td align=\"LEFT\" height=\"18\">EAN:<\/td>\n<td align=\"LEFT\">nichtzutreffend<\/td>\n<\/tr>\n<tr>\n<td align=\"LEFT\" height=\"18\">Erscheinungsjahr:<\/td>\n<td align=\"LEFT\">2020<\/td>\n<\/tr>\n<tr>\n<td align=\"LEFT\" height=\"18\">EU-Schuhgr\u00f6\u00dfe:<\/td>\n<td align=\"LEFT\">EUR 45<\/td>\n<\/tr>\n<tr>\n<td align=\"LEFT\" height=\"18\">Kolor:<\/td>\n<td align=\"LEFT\">Czarny<\/td>\n<\/tr>\n<tr>\n<td align=\"LEFT\" height=\"18\">Futtermaterial:<\/td>\n<td align=\"LEFT\">Stoff<\/td>\n<\/tr>\n<tr>\n<td align=\"LEFT\" height=\"18\">Geschlecht:<\/td>\n<td align=\"LEFT\">M\u00e4nner<\/td>\n<\/tr>\n<tr>\n<td align=\"LEFT\" height=\"18\">Herstellerfarbe:<\/td>\n<td align=\"LEFT\">Black \/ Rock<\/td>\n<\/tr>\n<tr>\n<td align=\"LEFT\" height=\"18\">Herstellernummer:<\/td>\n<td align=\"LEFT\">ohne Angabe<\/td>\n<\/tr>\n<tr>\n<td align=\"LEFT\" height=\"18\">Individualisiert:<\/td>\n<td align=\"LEFT\">Nein<\/td>\n<\/tr>\n<tr>\n<td align=\"LEFT\" height=\"18\">Innensohlenmaterial:<\/td>\n<td align=\"LEFT\">Syntetyczny<\/td>\n<\/tr>\n<tr>\n<td align=\"LEFT\" height=\"18\">Jahreszeit:<\/td>\n<td align=\"LEFT\">Ganzj\u00e4hrig<\/td>\n<\/tr>\n<tr>\n<td align=\"LEFT\" height=\"18\">Laufsohlenmaterial:<\/td>\n<td align=\"LEFT\">Guma<\/td>\n<\/tr>\n<tr>\n<td align=\"LEFT\" height=\"18\">Marke:<\/td>\n<td align=\"LEFT\">On<\/td>\n<\/tr>\n<tr>\n<td align=\"LEFT\" height=\"18\">Modell:<\/td>\n<td align=\"LEFT\">ON Cloudswift<\/td>\n<\/tr>\n<tr>\n<td align=\"LEFT\" height=\"18\">Materia\u0142 cholewki:<\/td>\n<td align=\"LEFT\">Mesh - Synthetik<\/td>\n<\/tr>\n<tr>\n<td align=\"LEFT\" height=\"18\">Produktart:<\/td>\n<td align=\"LEFT\">Sportschuh<\/td>\n<\/tr>\n<tr>\n<td align=\"LEFT\" height=\"18\">Produktlinie:<\/td>\n<td align=\"LEFT\">Cloudswift<\/td>\n<\/tr>\n<tr>\n<td align=\"LEFT\" height=\"18\">Schuhschaft-Typ:<\/td>\n<td align=\"LEFT\">Low Top<\/td>\n<\/tr>\n<tr>\n<td align=\"LEFT\" height=\"18\">Schuhweite:<\/td>\n<td align=\"LEFT\">F<\/td>\n<\/tr>\n<tr>\n<td align=\"LEFT\" height=\"18\">Stil:<\/td>\n<td align=\"LEFT\">Laufschuhe<\/td>\n<\/tr>\n<tr>\n<td align=\"LEFT\" height=\"18\">Thema:<\/td>\n<td align=\"LEFT\">Sport<\/td>\n<\/tr>\n<tr>\n<td align=\"LEFT\" height=\"18\">UK-Schuhgr\u00f6\u00dfe:<\/td>\n<td align=\"LEFT\">UK 10,5<\/td>\n<\/tr>\n<tr>\n<td align=\"LEFT\" height=\"18\">US-Schuhgr\u00f6\u00dfe:<\/td>\n<td align=\"LEFT\">US 11<\/td>\n<\/tr>\n<tr>\n<td align=\"LEFT\" height=\"18\">Verschluss:<\/td>\n<td align=\"LEFT\">Schn\u00fcrung<\/td>\n<\/tr>\n<tr>\n<td align=\"LEFT\" height=\"18\">Vintage:<\/td>\n<td align=\"LEFT\">Nein<\/td>\n<\/tr>\n<\/tbody>\n<\/table>","protected":false},"featured_media":78237,"comment_status":"open","ping_status":"closed","template":"","meta":{"_seopress_robots_primary_cat":"","_seopress_titles_title":"","_seopress_titles_desc":"","_seopress_robots_index":""},"product_brand":[],"product_cat":[1345,1393,1394],"product_tag":[],"class_list":{"0":"post-78137","1":"product","2":"type-product","3":"status-publish","4":"has-post-thumbnail","6":"product_cat-herrenmode","7":"product_cat-schuhe-herrenmode","8":"product_cat-sneakers-schuhe-herrenmode","9":"product_shipping_class-standard-versand","11":"first","12":"instock","13":"sale","14":"taxable","15":"shipping-taxable","16":"purchasable","17":"product-type-simple"},"_links":{"self":[{"href":"https:\/\/www.soanam.de\/pl\/wp-json\/wp\/v2\/product\/78137","targetHints":{"allow":["GET"]}}],"collection":[{"href":"https:\/\/www.soanam.de\/pl\/wp-json\/wp\/v2\/product"}],"about":[{"href":"https:\/\/www.soanam.de\/pl\/wp-json\/wp\/v2\/types\/product"}],"replies":[{"embeddable":true,"href":"https:\/\/www.soanam.de\/pl\/wp-json\/wp\/v2\/comments?post=78137"}],"wp:featuredmedia":[{"embeddable":true,"href":"https:\/\/www.soanam.de\/pl\/wp-json\/wp\/v2\/media\/78237"}],"wp:attachment":[{"href":"https:\/\/www.soanam.de\/pl\/wp-json\/wp\/v2\/media?parent=78137"}],"wp:term":[{"taxonomy":"product_brand","embeddable":true,"href":"https:\/\/www.soanam.de\/pl\/wp-json\/wp\/v2\/product_brand?post=78137"},{"taxonomy":"product_cat","embeddable":true,"href":"https:\/\/www.soanam.de\/pl\/wp-json\/wp\/v2\/product_cat?post=78137"},{"taxonomy":"product_tag","embeddable":true,"href":"https:\/\/www.soanam.de\/pl\/wp-json\/wp\/v2\/product_tag?post=78137"}],"curies":[{"name":"wp","href":"https:\/\/api.w.org\/{rel}","templated":true}]}}