{"id":78059,"date":"2023-12-13T21:05:54","date_gmt":"2023-12-13T20:05:54","guid":{"rendered":"https:\/\/www.soanam.de\/?post_type=product&#038;p=78059"},"modified":"2023-12-13T21:12:57","modified_gmt":"2023-12-13T20:12:57","slug":"lands-end-warmer-wintermantel-thermoplume-mit-fleece-fuer-damen-dunkel-olive-m","status":"publish","type":"product","link":"https:\/\/www.soanam.de\/pl\/produkt\/lands-end-warmer-wintermantel-thermoplume-mit-fleece-fuer-damen-dunkel-olive-m\/","title":{"rendered":"Lands' End - Ciep\u0142y p\u0142aszcz zimowy THERMOPLUME z polarem dla kobiet, ciemna oliwka, M"},"content":{"rendered":"<h3>Opis<\/h3>\n<p>Minustemperaturen? K\u00f6nnen kommen!<br \/>\nSogar im tiefsten Winter wird Sie Ihr warmer ThermoPlume Wintermantel mit Fleecefutter \u00fcber die Temperaturen hinwegtr\u00f6sten. Denn hier sch\u00fctzen gleich zwei leistungsstarke Isolierungen vor K\u00e4lte. Da ist einerseits die fluffige, clevere ThermoPlume-Faser, die, wie Daunen, in die Kammer hineingeblasen wird und zusammen mit der eingeschlossenen Luft ein herrlich warmes Polster formt. Dazu noch ein weich aufgeb\u00fcrstetes, atmungsaktives Fleecefutter in bester Outdoor-Qualit\u00e4t, das Sie vor Ausk\u00fchlung sch\u00fctzt und dabei ganz leichtgewichtig und schlank bleibt. Sturmb\u00fcndchen lassen keinen kalten Wind eindringen, die isolierte Webpelzkapuze l\u00e4sst Sie auch Minustemperaturen weglachen und k\u00f6niglich aussehen.<\/p>\n<p><strong>Szczeg\u00f3\u0142y produktu<\/strong><\/p>\n<ul>\n<li>ThermoPlume-Isolierung<\/li>\n<li>Webpelzfutter im oberen Bereich<\/li>\n<li>Wasserabweisendes Obermaterial<\/li>\n<li>Isolierte\/gef\u00fctterte Kapuze; abnehmbarer Druckknopf-Webpelzrand<\/li>\n<li>Gef\u00fctterter Stehkragen<\/li>\n<li>Sturmb\u00fcndchen<\/li>\n<li>2-Wege-Rei\u00dfverschluss - siehe Hinweis unten<\/li>\n<li>Nahtfeine Taschen<\/li>\n<li>Druckknopf-Innentasche<\/li>\n<li>Obermaterial und Futter aus 100% Polyester, Webpelz aus 86% Polyacryl\/14% Polyester, B\u00fcndchen aus 95% Polyacryl\/4% sonstige Fasern\/1% Elasthan<\/li>\n<li>Pranie w pralce<\/li>\n<li>L\u00e4nge bei Normal-Gr. M ca. 89 cm<\/li>\n<\/ul>\n<p>AM W\u00c4RMSTEN: Maximale W\u00e4rme f\u00fcr eisiges Winterwetter<br \/>\n2-WEGE-ZIPPER, DOPPELT GUT: Stellen Sie die Schieber \u00fcbereinander und ziehen sie ganz runter. Haken Sie das Steckteil in beide ein und ziehen den oberen Schieber hoch. Um den Mantel von unten zu \u00f6ffnen, ziehen Sie den unteren Schieber hoch.<\/p>","protected":false},"excerpt":{"rendered":"<h3>Artikelmerkmale<\/h3>\n<p>Stan produktu: Nowy z etykiet\u0105: Nowy, nieu\u017cywany i nienoszony produkt w oryginalnym opakowaniu.<\/p>\n<table border=\"0\" frame=\"VOID\" rules=\"NONE\" cellspacing=\"0\">\n<colgroup>\n<col width=\"137\" \/>\n<col width=\"106\" \/><\/colgroup>\n<tbody>\n<tr>\n<td align=\"LEFT\" width=\"137\" height=\"18\">Abteilung:<\/td>\n<td align=\"LEFT\" width=\"106\">Damen<\/td>\n<\/tr>\n<tr>\n<td align=\"LEFT\" height=\"18\">Akzente:<\/td>\n<td align=\"LEFT\">Gesteppt<\/td>\n<\/tr>\n<tr>\n<td align=\"LEFT\" height=\"18\">Anlass:<\/td>\n<td align=\"LEFT\">Freizeit<\/td>\n<\/tr>\n<tr>\n<td align=\"LEFT\" height=\"18\">Au\u00dfenmaterial:<\/td>\n<td align=\"LEFT\">Poliester<\/td>\n<\/tr>\n<tr>\n<td align=\"LEFT\" height=\"18\">Funkcje specjalne:<\/td>\n<td align=\"LEFT\">Podszewka<\/td>\n<\/tr>\n<tr>\n<td align=\"LEFT\" height=\"18\">Charakter:<\/td>\n<td align=\"LEFT\">ohne<\/td>\n<\/tr>\n<tr>\n<td align=\"LEFT\" height=\"18\">EAN:<\/td>\n<td align=\"LEFT\">nichtzutreffend<\/td>\n<\/tr>\n<tr>\n<td align=\"LEFT\" height=\"18\">Kolor:<\/td>\n<td align=\"LEFT\">Zielony<\/td>\n<\/tr>\n<tr>\n<td align=\"LEFT\" height=\"18\">Futtermaterial:<\/td>\n<td align=\"LEFT\">Poliester<\/td>\n<\/tr>\n<tr>\n<td align=\"LEFT\" height=\"18\">Gewebeart:<\/td>\n<td align=\"LEFT\">Polar<\/td>\n<\/tr>\n<tr>\n<td align=\"LEFT\" height=\"18\">Gr\u00f6\u00dfe:<\/td>\n<td align=\"LEFT\">M<\/td>\n<\/tr>\n<tr>\n<td align=\"LEFT\" height=\"18\">Gr\u00f6\u00dfenkategorie:<\/td>\n<td align=\"LEFT\">Normalgr\u00f6\u00dfe<\/td>\n<\/tr>\n<tr>\n<td align=\"LEFT\" height=\"18\">Isoliermaterial:<\/td>\n<td align=\"LEFT\">Poliester<\/td>\n<\/tr>\n<tr>\n<td align=\"LEFT\" height=\"18\">Jacken-\/Mantell\u00e4nge:<\/td>\n<td align=\"LEFT\">Halblang<\/td>\n<\/tr>\n<tr>\n<td align=\"LEFT\" height=\"18\">Jahreszeit:<\/td>\n<td align=\"LEFT\">Winter<\/td>\n<\/tr>\n<tr>\n<td align=\"LEFT\" height=\"18\">Marke:<\/td>\n<td align=\"LEFT\">Lands' End<\/td>\n<\/tr>\n<tr>\n<td align=\"LEFT\" height=\"18\">Modell:<\/td>\n<td align=\"LEFT\">Thermoplume<\/td>\n<\/tr>\n<tr>\n<td align=\"LEFT\" height=\"18\">Wz\u00f3r:<\/td>\n<td align=\"LEFT\">Ohne Muster<\/td>\n<\/tr>\n<tr>\n<td align=\"LEFT\" height=\"18\">Produktart:<\/td>\n<td align=\"LEFT\">Mantel<\/td>\n<\/tr>\n<tr>\n<td align=\"LEFT\" height=\"18\">Stil:<\/td>\n<td align=\"LEFT\">Mantel<\/td>\n<\/tr>\n<tr>\n<td align=\"LEFT\" height=\"18\">Thema:<\/td>\n<td align=\"LEFT\">L\u00e4nder<\/td>\n<\/tr>\n<tr>\n<td align=\"LEFT\" height=\"18\">Verschluss:<\/td>\n<td align=\"LEFT\">Zamek b\u0142yskawiczny<\/td>\n<\/tr>\n<tr>\n<td align=\"LEFT\" height=\"18\">Vintage:<\/td>\n<td align=\"LEFT\">Nein<\/td>\n<\/tr>\n<\/tbody>\n<\/table>","protected":false},"featured_media":78173,"comment_status":"open","ping_status":"closed","template":"","meta":{"_seopress_robots_primary_cat":"","_seopress_titles_title":"","_seopress_titles_desc":"","_seopress_robots_index":""},"product_brand":[],"product_cat":[1348,1354,1355,1356],"product_tag":[],"class_list":{"0":"post-78059","1":"product","2":"type-product","3":"status-publish","4":"has-post-thumbnail","6":"product_cat-damen-mode","7":"product_cat-jacken-maentel","8":"product_cat-maentel","9":"product_cat-wintermaentel","10":"product_shipping_class-standard-versand","12":"first","13":"instock","14":"sale","15":"taxable","16":"shipping-taxable","17":"purchasable","18":"product-type-simple"},"_links":{"self":[{"href":"https:\/\/www.soanam.de\/pl\/wp-json\/wp\/v2\/product\/78059","targetHints":{"allow":["GET"]}}],"collection":[{"href":"https:\/\/www.soanam.de\/pl\/wp-json\/wp\/v2\/product"}],"about":[{"href":"https:\/\/www.soanam.de\/pl\/wp-json\/wp\/v2\/types\/product"}],"replies":[{"embeddable":true,"href":"https:\/\/www.soanam.de\/pl\/wp-json\/wp\/v2\/comments?post=78059"}],"wp:featuredmedia":[{"embeddable":true,"href":"https:\/\/www.soanam.de\/pl\/wp-json\/wp\/v2\/media\/78173"}],"wp:attachment":[{"href":"https:\/\/www.soanam.de\/pl\/wp-json\/wp\/v2\/media?parent=78059"}],"wp:term":[{"taxonomy":"product_brand","embeddable":true,"href":"https:\/\/www.soanam.de\/pl\/wp-json\/wp\/v2\/product_brand?post=78059"},{"taxonomy":"product_cat","embeddable":true,"href":"https:\/\/www.soanam.de\/pl\/wp-json\/wp\/v2\/product_cat?post=78059"},{"taxonomy":"product_tag","embeddable":true,"href":"https:\/\/www.soanam.de\/pl\/wp-json\/wp\/v2\/product_tag?post=78059"}],"curies":[{"name":"wp","href":"https:\/\/api.w.org\/{rel}","templated":true}]}}