{"id":78016,"date":"2023-12-13T21:05:05","date_gmt":"2023-12-13T20:05:05","guid":{"rendered":"https:\/\/www.soanam.de\/?post_type=product&#038;p=78016"},"modified":"2023-12-13T21:12:19","modified_gmt":"2023-12-13T20:12:19","slug":"haerkila-norfell-kurtka-polarowa-willow-green-rozmiar-s-do-rekreacji-polowan-i-outdooru","status":"publish","type":"product","link":"https:\/\/www.soanam.de\/pl\/produkt\/haerkila-norfell-fleecejacke-willow-green-gr-s-fuer-freizeit-jagd-u-outdoor\/","title":{"rendered":"H\u00c4RKILA NORFELL FLEECEJACKET Willow Green, rozmiar S - do u\u017cytku rekreacyjnego, my\u015bliwskiego i outdoorowego"},"content":{"rendered":"<h3>Opis<\/h3>\n<p>Marka dla my\u015bliwych i le\u015bnik\u00f3w ze Skandynawii ... idealne do rekreacji, polowa\u0144 i outdooru<\/p>\n<p>H\u00e4rkila Norfell to kurtka polarowa wykonana z materia\u0142u ArcStretch\u2122 z rozci\u0105gliwo\u015bci\u0105 360\u00b0. Oznacza to, \u017ce kamizelka idealnie dopasowuje si\u0119 do ka\u017cdego ruchu.<br \/>\nKurtka polarowa posiada r\u00f3wnie\u017c kiesze\u0144 na radio po lewej stronie z gumowanym wyj\u015bciem na anten\u0119 oraz dwie kieszenie boczne z zamkami b\u0142yskawicznymi. Zamek b\u0142yskawiczny mo\u017cna przeci\u0105gn\u0105\u0107 w obu kierunkach, aby u\u0142atwi\u0107 dostosowanie kurtki do wymagaj\u0105cych pozycji siedz\u0105cych. Zamki kieszeni s\u0105 wyposa\u017cone w gumow\u0105 ta\u015bm\u0119 dooko\u0142a. Otwory na kciuki i mankiety s\u0105 elastyczne.<\/p>\n<p>Kurtka polarowa ma rozmiar od normalnego do ma\u0142ego.<\/p>\n<p>Materia\u0142: materia\u0142 zewn\u0119trzny: poliester 95%, spandex 5%; podszewka: poliester 100%<br \/>\nRozmiar: S<br \/>\nKolor: zielony<br \/>\nKategoria: Kurtka polarowa<br \/>\nObszar zastosowa\u0144: My\u015blistwo, Outdoor<br \/>\nCechy: oddychalno\u015b\u0107, rozci\u0105gliwo\u015b\u0107<br \/>\nCechy: 1 kiesze\u0144 na radio, 2 rozci\u0119te kieszenie, dwukierunkowy zamek b\u0142yskawiczny, otw\u00f3r na kciuk<br \/>\nSezon: Lato , Zima , Sezon przej\u015bciowy<\/p>","protected":false},"excerpt":{"rendered":"<h3>Artikelmerkmale<\/h3>\n<p>Stan produktu: Nowy z etykiet\u0105: Nowy, nieu\u017cywany i nienoszony produkt w oryginalnym opakowaniu.<\/p>\n<table border=\"0\" frame=\"VOID\" rules=\"NONE\" cellspacing=\"0\">\n<colgroup>\n<col width=\"133\" \/>\n<col width=\"267\" \/><\/colgroup>\n<tbody>\n<tr>\n<td align=\"LEFT\" width=\"133\" height=\"18\">Abteilung:<\/td>\n<td align=\"LEFT\" width=\"267\">Herren<\/td>\n<\/tr>\n<tr>\n<td align=\"LEFT\" height=\"17\">EAN:<\/td>\n<td align=\"LEFT\">5707335383154<\/td>\n<\/tr>\n<tr>\n<td align=\"LEFT\" height=\"18\">Kolor:<\/td>\n<td align=\"LEFT\">willow green<\/td>\n<\/tr>\n<tr>\n<td align=\"LEFT\" height=\"18\">Gr\u00f6\u00dfe:<\/td>\n<td align=\"LEFT\">S<\/td>\n<\/tr>\n<tr>\n<td align=\"LEFT\" height=\"18\">Herstellernummer:<\/td>\n<td align=\"LEFT\">13011182903<\/td>\n<\/tr>\n<tr>\n<td align=\"LEFT\" height=\"18\">Marke:<\/td>\n<td align=\"LEFT\">H\u00e4rkila<\/td>\n<\/tr>\n<tr>\n<td align=\"LEFT\" height=\"18\">Materia\u0142:<\/td>\n<td align=\"LEFT\">95% poliester, 5% spandex<\/td>\n<\/tr>\n<tr>\n<td align=\"LEFT\" height=\"18\">Produktart:<\/td>\n<td align=\"LEFT\">Jacke &amp; Weste<\/td>\n<\/tr>\n<tr>\n<td align=\"LEFT\" height=\"18\">Technologie:<\/td>\n<td align=\"LEFT\">ArcStretch\u2122<\/td>\n<\/tr>\n<\/tbody>\n<\/table>","protected":false},"featured_media":78144,"comment_status":"open","ping_status":"closed","template":"","meta":{"_seopress_robots_primary_cat":"","_seopress_titles_title":"","_seopress_titles_desc":"","_seopress_robots_index":""},"product_brand":[],"product_cat":[1345,1363,1413],"product_tag":[],"class_list":{"0":"post-78016","1":"product","2":"type-product","3":"status-publish","4":"has-post-thumbnail","6":"product_cat-herrenmode","7":"product_cat-jacken-maentel-herrenmode","8":"product_cat-fleecejacken","9":"product_shipping_class-standard-versand","11":"first","12":"instock","13":"sale","14":"taxable","15":"shipping-taxable","16":"purchasable","17":"product-type-simple"},"_links":{"self":[{"href":"https:\/\/www.soanam.de\/pl\/wp-json\/wp\/v2\/product\/78016","targetHints":{"allow":["GET"]}}],"collection":[{"href":"https:\/\/www.soanam.de\/pl\/wp-json\/wp\/v2\/product"}],"about":[{"href":"https:\/\/www.soanam.de\/pl\/wp-json\/wp\/v2\/types\/product"}],"replies":[{"embeddable":true,"href":"https:\/\/www.soanam.de\/pl\/wp-json\/wp\/v2\/comments?post=78016"}],"wp:featuredmedia":[{"embeddable":true,"href":"https:\/\/www.soanam.de\/pl\/wp-json\/wp\/v2\/media\/78144"}],"wp:attachment":[{"href":"https:\/\/www.soanam.de\/pl\/wp-json\/wp\/v2\/media?parent=78016"}],"wp:term":[{"taxonomy":"product_brand","embeddable":true,"href":"https:\/\/www.soanam.de\/pl\/wp-json\/wp\/v2\/product_brand?post=78016"},{"taxonomy":"product_cat","embeddable":true,"href":"https:\/\/www.soanam.de\/pl\/wp-json\/wp\/v2\/product_cat?post=78016"},{"taxonomy":"product_tag","embeddable":true,"href":"https:\/\/www.soanam.de\/pl\/wp-json\/wp\/v2\/product_tag?post=78016"}],"curies":[{"name":"wp","href":"https:\/\/api.w.org\/{rel}","templated":true}]}}