{"id":78014,"date":"2023-12-13T21:05:05","date_gmt":"2023-12-13T20:05:05","guid":{"rendered":"https:\/\/www.soanam.de\/?post_type=product&#038;p=78014"},"modified":"2023-12-13T21:12:12","modified_gmt":"2023-12-13T20:12:12","slug":"ocun-womens-tsunami-damska-kurtka-puchowa-icemint-gr-l","status":"publish","type":"product","link":"https:\/\/www.soanam.de\/pl\/produkt\/ocun-womens-tsunami-damen-daunenjacke-icemint-gr-l\/","title":{"rendered":"OCUN - Women's Tsunami - Damska kurtka puchowa, Icemint, rozmiar L"},"content":{"rendered":"<h3>Opis<\/h3>\n<p>Oferuje doskona\u0142y stosunek wagi do izolacji: damska kurtka puchowa Tsunami od Ocun! Kurtka puchowa ma lekko dopasowany kr\u00f3j i jest specjalnie zaprojektowana do sportowych aktywno\u015bci na \u015bwie\u017cym powietrzu, takich jak wspinaczka czy bouldering. Dzi\u0119ki lekkiej puchowej podszewce wykonanej z puszystego, wysoce izoluj\u0105cego puchu, nie zmarzniesz nawet wtedy, gdy si\u0119 nie wspinasz.<\/p>\n<p>Kurtka jest wykonana z wytrzyma\u0142ego, oddychaj\u0105cego materia\u0142u zewn\u0119trznego ripstop z trwa\u0142ym wyko\u0144czeniem odpornym na wod\u0119 i zabrudzenia. Chroni puchow\u0105 podszewk\u0119 przed wilgoci\u0105 i jest pi\u0119knie g\u0142adka, dzi\u0119ki czemu \u0142atwo wsuwa si\u0119 pod kurtk\u0119 przeciwdeszczow\u0105. Dzi\u0119ki komorowej konstrukcji puchowa podszewka jest optymalnie roz\u0142o\u017cona na g\u00f3rnej cz\u0119\u015bci cia\u0142a i nie zsuwa si\u0119!<\/p>\n<p>Wewn\u0119trzne kieszenie z przodu zapewniaj\u0105 bezpiecze\u0144stwo i \u0142atwy dost\u0119p do but\u00f3w wspinaczkowych, a dwie przednie kieszenie s\u0105 idealne na cenne przedmioty. Kurtka puchowa jest d\u0142u\u017csza z ty\u0142u, dzi\u0119ki czemu zawsze zakrywa doln\u0105 cz\u0119\u015b\u0107 plec\u00f3w podczas wspinaczki. Praktyczny dwukierunkowy zamek b\u0142yskawiczny z przodu zapewnia szybki dost\u0119p do uprz\u0119\u017cy wspinaczkowej, a p\u0119tle na kciuki utrzymuj\u0105 r\u0119kawy we w\u0142a\u015bciwej pozycji przez ca\u0142y czas.<\/p>\n<p>Funkcjonalna, ciep\u0142a i lekka: damska kurtka puchowa Tsunami mo\u017ce by\u0107 przechowywana w ma\u0142ej sakwie i zapewnia niezawodne ciep\u0142o, gdy temperatura spada!<\/p>\n<h3>szczeg\u00f3\u0142y<\/h3>\n<p>Odpowiedni dla: Kobiety<br \/>\nObszar zastosowa\u0144: Wspinaczka<br \/>\nG\u0142\u00f3wny materia\u0142: poliamid 100%<br \/>\nMateria\u0142 wype\u0142niaj\u0105cy: puch 100%<br \/>\nRodzaj materia\u0142u: Wype\u0142nienie puchowe<br \/>\nInformacje o materiale: Zawiera nietekstylne cz\u0119\u015bci pochodzenia zwierz\u0119cego<br \/>\nObr\u00f3bka materia\u0142u: impregnowany DWR<br \/>\nW\u0142a\u015bciwo\u015bci materia\u0142u: puchoszczelny, izoluj\u0105cy, oddychaj\u0105cy, wodoodporny<br \/>\nSi\u0142a wype\u0142nienia: 650 cuin Proporcje mieszania: 90\/10 (puch do pierza)<br \/>\nZr\u00f3wnowa\u017cony rozw\u00f3j: zawiera puch z certyfikatem Codex<br \/>\nZapi\u0119cie: 2-kierunkowy zamek b\u0142yskawiczny z przodu na ca\u0142ej d\u0142ugo\u015bci<br \/>\nKaptur: regulowany<br \/>\nKieszenie: 1 kiesze\u0144 wewn\u0119trzna, 2 zapinane na zamek kieszenie przednie<br \/>\nWaga: 330 g<br \/>\nRozmiar referencyjny: \u015bredni<br \/>\nDopasowanie: Normalne<br \/>\nDodatki: p\u0119tle na kciuki, mo\u017cliwo\u015b\u0107 schowania we w\u0142asnej kieszeni, elastyczny d\u00f3\u0142, elastyczne mankiety, przed\u0142u\u017cony ty\u0142<\/p>","protected":false},"excerpt":{"rendered":"<h3>Artikelmerkmale<\/h3>\n<p>Stan produktu: Nowy z etykiet\u0105: Nowy, nieu\u017cywany i nienoszony produkt w oryginalnym opakowaniu.<\/p>\n<table border=\"0\" frame=\"VOID\" rules=\"NONE\" cellspacing=\"0\">\n<colgroup>\n<col width=\"133\" \/>\n<col width=\"267\" \/><\/colgroup>\n<tbody>\n<tr>\n<td align=\"LEFT\" width=\"133\" height=\"18\">Abteilung:<\/td>\n<td align=\"LEFT\" width=\"267\">Damen<\/td>\n<\/tr>\n<tr>\n<td align=\"LEFT\" height=\"18\">Akzente:<\/td>\n<td align=\"LEFT\">ohne<\/td>\n<\/tr>\n<tr>\n<td align=\"LEFT\" height=\"18\">Anlass:<\/td>\n<td align=\"LEFT\">Freizeit, Reise<\/td>\n<\/tr>\n<tr>\n<td align=\"LEFT\" height=\"18\">Au\u00dfenmaterial:<\/td>\n<td align=\"LEFT\">Polyamid<\/td>\n<\/tr>\n<tr>\n<td align=\"LEFT\" height=\"18\">Funkcje specjalne:<\/td>\n<td align=\"LEFT\">Atmungsaktiv, Taschen<\/td>\n<\/tr>\n<tr>\n<td align=\"LEFT\" height=\"18\">Charakter:<\/td>\n<td align=\"LEFT\">ohne<\/td>\n<\/tr>\n<tr>\n<td align=\"LEFT\" height=\"17\">EAN:<\/td>\n<td align=\"LEFT\">8591804646638<\/td>\n<\/tr>\n<tr>\n<td align=\"LEFT\" height=\"18\">Kolor:<\/td>\n<td align=\"LEFT\">Niebieski<\/td>\n<\/tr>\n<tr>\n<td align=\"LEFT\" height=\"18\">Futtermaterial:<\/td>\n<td align=\"LEFT\">Daune<\/td>\n<\/tr>\n<tr>\n<td align=\"LEFT\" height=\"18\">Gewebeart:<\/td>\n<td align=\"LEFT\">Mischgewebe<\/td>\n<\/tr>\n<tr>\n<td align=\"LEFT\" height=\"18\">Gr\u00f6\u00dfe:<\/td>\n<td align=\"LEFT\">L<\/td>\n<\/tr>\n<tr>\n<td align=\"LEFT\" height=\"18\">Gr\u00f6\u00dfenkategorie:<\/td>\n<td align=\"LEFT\">Normalgr\u00f6\u00dfe<\/td>\n<\/tr>\n<tr>\n<td align=\"LEFT\" height=\"18\">Isoliermaterial:<\/td>\n<td align=\"LEFT\">W d\u00f3\u0142<\/td>\n<\/tr>\n<tr>\n<td align=\"LEFT\" height=\"18\">Jacken-\/Mantell\u00e4nge:<\/td>\n<td align=\"LEFT\">Kurz<\/td>\n<\/tr>\n<tr>\n<td align=\"LEFT\" height=\"18\">Jahreszeit:<\/td>\n<td align=\"LEFT\">Fr\u00fchling, Herbst, Winter<\/td>\n<\/tr>\n<tr>\n<td align=\"LEFT\" height=\"18\">Marke:<\/td>\n<td align=\"LEFT\">OCUN<\/td>\n<\/tr>\n<tr>\n<td align=\"LEFT\" height=\"18\">Modell:<\/td>\n<td align=\"LEFT\">Tsunami<\/td>\n<\/tr>\n<tr>\n<td align=\"LEFT\" height=\"18\">Wz\u00f3r:<\/td>\n<td align=\"LEFT\">Ohne Muster<\/td>\n<\/tr>\n<tr>\n<td align=\"LEFT\" height=\"18\">Produktart:<\/td>\n<td align=\"LEFT\">Jacke<\/td>\n<\/tr>\n<tr>\n<td align=\"LEFT\" height=\"18\">Stil:<\/td>\n<td align=\"LEFT\">Daunenjacke<\/td>\n<\/tr>\n<tr>\n<td align=\"LEFT\" height=\"18\">Thema:<\/td>\n<td align=\"LEFT\">Sport<\/td>\n<\/tr>\n<tr>\n<td align=\"LEFT\" height=\"18\">Verschluss:<\/td>\n<td align=\"LEFT\">Zamek b\u0142yskawiczny<\/td>\n<\/tr>\n<tr>\n<td align=\"LEFT\" height=\"18\">Vintage:<\/td>\n<td align=\"LEFT\">Nein<\/td>\n<\/tr>\n<\/tbody>\n<\/table>","protected":false},"featured_media":78132,"comment_status":"open","ping_status":"closed","template":"","meta":{"_seopress_robots_primary_cat":"","_seopress_titles_title":"","_seopress_titles_desc":"","_seopress_robots_index":""},"product_brand":[],"product_cat":[1348,1354,1376],"product_tag":[],"class_list":{"0":"post-78014","1":"product","2":"type-product","3":"status-publish","4":"has-post-thumbnail","6":"product_cat-damen-mode","7":"product_cat-jacken-maentel","8":"product_cat-daunenjacken-steppjacken","9":"product_shipping_class-standard-versand","11":"first","12":"instock","13":"sale","14":"taxable","15":"shipping-taxable","16":"purchasable","17":"product-type-simple"},"_links":{"self":[{"href":"https:\/\/www.soanam.de\/pl\/wp-json\/wp\/v2\/product\/78014","targetHints":{"allow":["GET"]}}],"collection":[{"href":"https:\/\/www.soanam.de\/pl\/wp-json\/wp\/v2\/product"}],"about":[{"href":"https:\/\/www.soanam.de\/pl\/wp-json\/wp\/v2\/types\/product"}],"replies":[{"embeddable":true,"href":"https:\/\/www.soanam.de\/pl\/wp-json\/wp\/v2\/comments?post=78014"}],"wp:featuredmedia":[{"embeddable":true,"href":"https:\/\/www.soanam.de\/pl\/wp-json\/wp\/v2\/media\/78132"}],"wp:attachment":[{"href":"https:\/\/www.soanam.de\/pl\/wp-json\/wp\/v2\/media?parent=78014"}],"wp:term":[{"taxonomy":"product_brand","embeddable":true,"href":"https:\/\/www.soanam.de\/pl\/wp-json\/wp\/v2\/product_brand?post=78014"},{"taxonomy":"product_cat","embeddable":true,"href":"https:\/\/www.soanam.de\/pl\/wp-json\/wp\/v2\/product_cat?post=78014"},{"taxonomy":"product_tag","embeddable":true,"href":"https:\/\/www.soanam.de\/pl\/wp-json\/wp\/v2\/product_tag?post=78014"}],"curies":[{"name":"wp","href":"https:\/\/api.w.org\/{rel}","templated":true}]}}