{"id":78000,"date":"2023-12-13T21:04:40","date_gmt":"2023-12-13T20:04:40","guid":{"rendered":"https:\/\/www.soanam.de\/?post_type=product&#038;p=78000"},"modified":"2023-12-13T21:11:55","modified_gmt":"2023-12-13T20:11:55","slug":"selected-homme-meska-marynarka-w-krate-slim-fit-w-kolorze-granatowym-rozmiar-54","status":"publish","type":"product","link":"https:\/\/www.soanam.de\/pl\/produkt\/selected-homme-karierter-slim-fit-blazer-fuer-herren-in-navy-blau-groesse-54\/","title":{"rendered":"Selected Homme CARDED SLIM FIT BLAZER dla m\u0119\u017cczyzn, w kolorze granatowym, rozmiar 54"},"content":{"rendered":"<h3>Opis<\/h3>\n<p>- Klasyczny blezer w krat\u0119<br \/>\n- Slim fit<br \/>\n- Podw\u00f3jne rozci\u0119cia boczne<br \/>\n- Kieszenie z klapk\u0105<br \/>\n- Modelka ma 190 cm wzrostu i nosi rozmiar 50.<\/p>\n<p>Marynarka to absolutny must-have w szafie ka\u017cdego m\u0119\u017cczyzny. Ten blezer ma kiesze\u0144 na piersi i dwie kieszenie z patkami. Ma podw\u00f3jne rozci\u0119cia po bokach i zapi\u0119cie na guziki z przodu.<\/p>\n<p>Materia\u0142 zewn\u0119trzny: we\u0142na 52%, poliester 48%, podszewka: poliester 55%, wiskoza 45%<\/p>\n<p>Nie my\u0107<br \/>\nNie wybiela\u0107<br \/>\nNie u\u017cywaj suszarki b\u0119bnowej<br \/>\nNie prasowa\u0107<br \/>\nCzyszczenie na sucho (bez trichloroetylenu)<\/p>","protected":false},"excerpt":{"rendered":"<h3>Artikelmerkmale<\/h3>\n<p>Stan produktu: Nowy z etykiet\u0105: Nowy, nieu\u017cywany i nienoszony produkt w oryginalnym opakowaniu.<\/p>\n<table border=\"0\" frame=\"VOID\" rules=\"NONE\" cellspacing=\"0\">\n<colgroup>\n<col width=\"133\" \/>\n<col width=\"267\" \/><\/colgroup>\n<tbody>\n<tr>\n<td align=\"LEFT\" width=\"133\" height=\"18\">Abteilung:<\/td>\n<td align=\"LEFT\" width=\"267\">Herren<\/td>\n<\/tr>\n<tr>\n<td align=\"LEFT\" height=\"18\">Anlass:<\/td>\n<td align=\"LEFT\">Business, Elegant<\/td>\n<\/tr>\n<tr>\n<td align=\"LEFT\" height=\"18\">Brustumfang:<\/td>\n<td align=\"LEFT\">ohne Angabe<\/td>\n<\/tr>\n<tr>\n<td align=\"LEFT\" height=\"17\">EAN:<\/td>\n<td align=\"LEFT\">5713738094030<\/td>\n<\/tr>\n<tr>\n<td align=\"LEFT\" height=\"18\">Kolor:<\/td>\n<td align=\"LEFT\">Niebieski<\/td>\n<\/tr>\n<tr>\n<td align=\"LEFT\" height=\"18\">Gewebeart:<\/td>\n<td align=\"LEFT\">Mischgewebe<\/td>\n<\/tr>\n<tr>\n<td align=\"LEFT\" height=\"18\">Gr\u00f6\u00dfe:<\/td>\n<td align=\"LEFT\">54<\/td>\n<\/tr>\n<tr>\n<td align=\"LEFT\" height=\"18\">Gr\u00f6\u00dfenkategorie:<\/td>\n<td align=\"LEFT\">Normalgr\u00f6\u00dfe<\/td>\n<\/tr>\n<tr>\n<td align=\"LEFT\" height=\"18\">Jacken-\/Mantell\u00e4nge:<\/td>\n<td align=\"LEFT\">Normal<\/td>\n<\/tr>\n<tr>\n<td align=\"LEFT\" height=\"18\">Jackenrevers-Form:<\/td>\n<td align=\"LEFT\">Reversekragen<\/td>\n<\/tr>\n<tr>\n<td align=\"LEFT\" height=\"18\">Marke:<\/td>\n<td align=\"LEFT\">Selected Homme<\/td>\n<\/tr>\n<tr>\n<td align=\"LEFT\" height=\"18\">Materia\u0142:<\/td>\n<td align=\"LEFT\">We\u0142na 52%, poliester 48%<\/td>\n<\/tr>\n<tr>\n<td align=\"LEFT\" height=\"18\">Wz\u00f3r:<\/td>\n<td align=\"LEFT\">Kariert<\/td>\n<\/tr>\n<tr>\n<td align=\"LEFT\" height=\"18\">Passform:<\/td>\n<td align=\"LEFT\">Slim<\/td>\n<\/tr>\n<tr>\n<td align=\"LEFT\" height=\"18\">Produktart:<\/td>\n<td align=\"LEFT\">Marynarka<\/td>\n<\/tr>\n<tr>\n<td align=\"LEFT\" height=\"18\">Stil:<\/td>\n<td align=\"LEFT\">Anzugsjacke<\/td>\n<\/tr>\n<tr>\n<td align=\"LEFT\" height=\"18\">Thema:<\/td>\n<td align=\"LEFT\">Elegant<\/td>\n<\/tr>\n<tr>\n<td align=\"LEFT\" height=\"18\">Vintage:<\/td>\n<td align=\"LEFT\">Nein<\/td>\n<\/tr>\n<\/tbody>\n<\/table>","protected":false},"featured_media":78127,"comment_status":"open","ping_status":"closed","template":"","meta":{"_seopress_robots_primary_cat":"","_seopress_titles_title":"","_seopress_titles_desc":"","_seopress_robots_index":""},"product_brand":[],"product_cat":[1345,1368,1369],"product_tag":[],"class_list":{"0":"post-78000","1":"product","2":"type-product","3":"status-publish","4":"has-post-thumbnail","6":"product_cat-herrenmode","7":"product_cat-anzuege-anzugsteile","8":"product_cat-sakkos","9":"product_shipping_class-standard-versand","11":"first","12":"instock","13":"sale","14":"taxable","15":"shipping-taxable","16":"purchasable","17":"product-type-simple"},"_links":{"self":[{"href":"https:\/\/www.soanam.de\/pl\/wp-json\/wp\/v2\/product\/78000","targetHints":{"allow":["GET"]}}],"collection":[{"href":"https:\/\/www.soanam.de\/pl\/wp-json\/wp\/v2\/product"}],"about":[{"href":"https:\/\/www.soanam.de\/pl\/wp-json\/wp\/v2\/types\/product"}],"replies":[{"embeddable":true,"href":"https:\/\/www.soanam.de\/pl\/wp-json\/wp\/v2\/comments?post=78000"}],"wp:featuredmedia":[{"embeddable":true,"href":"https:\/\/www.soanam.de\/pl\/wp-json\/wp\/v2\/media\/78127"}],"wp:attachment":[{"href":"https:\/\/www.soanam.de\/pl\/wp-json\/wp\/v2\/media?parent=78000"}],"wp:term":[{"taxonomy":"product_brand","embeddable":true,"href":"https:\/\/www.soanam.de\/pl\/wp-json\/wp\/v2\/product_brand?post=78000"},{"taxonomy":"product_cat","embeddable":true,"href":"https:\/\/www.soanam.de\/pl\/wp-json\/wp\/v2\/product_cat?post=78000"},{"taxonomy":"product_tag","embeddable":true,"href":"https:\/\/www.soanam.de\/pl\/wp-json\/wp\/v2\/product_tag?post=78000"}],"curies":[{"name":"wp","href":"https:\/\/api.w.org\/{rel}","templated":true}]}}