{"id":77998,"date":"2023-12-13T21:04:40","date_gmt":"2023-12-13T20:04:40","guid":{"rendered":"https:\/\/www.soanam.de\/?post_type=product&#038;p=77998"},"modified":"2023-12-13T21:11:48","modified_gmt":"2023-12-13T20:11:48","slug":"save-the-duck-ultraleichte-damen-steppjacke-iris-in-marineblau-groesse-36","status":"publish","type":"product","link":"https:\/\/www.soanam.de\/pl\/produkt\/save-the-duck-ultraleichte-damen-steppjacke-iris-in-marineblau-groesse-36\/","title":{"rendered":"Save The Duck ultralekka damska kurtka pikowana Iris, w kolorze granatowym, rozmiar 36"},"content":{"rendered":"<h3>Opis<\/h3>\n<p>Mit ihrer weichen, besonders leichtgewichtigen F\u00fcllung aus warmer Plumtech-Kunstfaser verspricht diese Jacke Iris von Save the Duck auch an k\u00e4lteren Tagen wohlige W\u00e4rme.<\/p>\n<p><strong>szczeg\u00f3\u0142y<\/strong><\/p>\n<p>Dopasowany kr\u00f3j<br \/>\nObro\u017ca stoj\u0105ca<br \/>\nZapinana na dwukierunkowy zamek b\u0142yskawiczny<br \/>\nRei\u00dfverschluss mit Kinnschutz<br \/>\nSeitliche Eingrifftaschen mit Rei\u00dfverschluss<br \/>\nKurze Seitenschlitze am Saum<br \/>\nGesteppte Verarbeitung<br \/>\nLeichtes, weiches Material<br \/>\nGef\u00fctterte Verarbeitung mit PLUMTECH\u00ae Technologie<br \/>\nGestepptes Innenfutter<br \/>\nOddychaj\u0105cy<br \/>\nWasserabweisend<br \/>\nW\u00e4rmeisolierend<br \/>\nLabel-Badge am \u00c4rmel<br \/>\nGeringes Packma\u00df<br \/>\nIm Packbeutel verstaubar<\/p>\n<p><strong>Materia\u0142<\/strong><\/p>\n<p>Obermaterial: 100% Nylon<br \/>\nPodszewka: nylon 100%<br \/>\nWy\u015bci\u00f3\u0142ka: poliester 100%<br \/>\nTeile tierischen Ursprungs: Nein<\/p>","protected":false},"excerpt":{"rendered":"<h3>Artikelmerkmale<\/h3>\n<p>Stan produktu: Nowy z etykiet\u0105: Nowy, nieu\u017cywany i nienoszony produkt w oryginalnym opakowaniu.<\/p>\n<table border=\"0\" frame=\"VOID\" rules=\"NONE\" cellspacing=\"0\">\n<colgroup>\n<col width=\"133\" \/>\n<col width=\"267\" \/><\/colgroup>\n<tbody>\n<tr>\n<td align=\"LEFT\" width=\"133\" height=\"18\">Abteilung:<\/td>\n<td align=\"LEFT\" width=\"267\">Damen<\/td>\n<\/tr>\n<tr>\n<td align=\"LEFT\" height=\"18\">Akzente:<\/td>\n<td align=\"LEFT\">2 Wege Rei\u00dfverschluss, Gesteppt<\/td>\n<\/tr>\n<tr>\n<td align=\"LEFT\" height=\"18\">Anlass:<\/td>\n<td align=\"LEFT\">Freizeit<\/td>\n<\/tr>\n<tr>\n<td align=\"LEFT\" height=\"18\">Au\u00dfenmaterial:<\/td>\n<td align=\"LEFT\">Nylon<\/td>\n<\/tr>\n<tr>\n<td align=\"LEFT\" height=\"18\">Funkcje specjalne:<\/td>\n<td align=\"LEFT\">Oddychaj\u0105cy<\/td>\n<\/tr>\n<tr>\n<td align=\"LEFT\" height=\"18\">Charakter:<\/td>\n<td align=\"LEFT\">ohne<\/td>\n<\/tr>\n<tr>\n<td align=\"LEFT\" height=\"18\">EAN:<\/td>\n<td align=\"LEFT\">nichtzutreffend<\/td>\n<\/tr>\n<tr>\n<td align=\"LEFT\" height=\"18\">Kolor:<\/td>\n<td align=\"LEFT\">Niebieski<\/td>\n<\/tr>\n<tr>\n<td align=\"LEFT\" height=\"18\">Futtermaterial:<\/td>\n<td align=\"LEFT\">Nylon<\/td>\n<\/tr>\n<tr>\n<td align=\"LEFT\" height=\"18\">Gewebeart:<\/td>\n<td align=\"LEFT\">Nylon<\/td>\n<\/tr>\n<tr>\n<td align=\"LEFT\" height=\"18\">Gr\u00f6\u00dfe:<\/td>\n<td align=\"LEFT\">36<\/td>\n<\/tr>\n<tr>\n<td align=\"LEFT\" height=\"18\">Gr\u00f6\u00dfenkategorie:<\/td>\n<td align=\"LEFT\">Normalgr\u00f6\u00dfe<\/td>\n<\/tr>\n<tr>\n<td align=\"LEFT\" height=\"18\">Isoliermaterial:<\/td>\n<td align=\"LEFT\">Poliester<\/td>\n<\/tr>\n<tr>\n<td align=\"LEFT\" height=\"18\">Jacken-\/Mantell\u00e4nge:<\/td>\n<td align=\"LEFT\">Kurz<\/td>\n<\/tr>\n<tr>\n<td align=\"LEFT\" height=\"18\">Jahreszeit:<\/td>\n<td align=\"LEFT\">Fr\u00fchling, Herbst, Winter<\/td>\n<\/tr>\n<tr>\n<td align=\"LEFT\" height=\"18\">Marke:<\/td>\n<td align=\"LEFT\">Save The Duck<\/td>\n<\/tr>\n<tr>\n<td align=\"LEFT\" height=\"18\">Modell:<\/td>\n<td align=\"LEFT\">ohne Angabe<\/td>\n<\/tr>\n<tr>\n<td align=\"LEFT\" height=\"18\">Wz\u00f3r:<\/td>\n<td align=\"LEFT\">Ohne Muster<\/td>\n<\/tr>\n<tr>\n<td align=\"LEFT\" height=\"18\">Produktart:<\/td>\n<td align=\"LEFT\">Jacke<\/td>\n<\/tr>\n<tr>\n<td align=\"LEFT\" height=\"18\">Stil:<\/td>\n<td align=\"LEFT\">Steppjacke<\/td>\n<\/tr>\n<tr>\n<td align=\"LEFT\" height=\"18\">Thema:<\/td>\n<td align=\"LEFT\">Outdoor<\/td>\n<\/tr>\n<tr>\n<td align=\"LEFT\" height=\"18\">Verschluss:<\/td>\n<td align=\"LEFT\">Zamek b\u0142yskawiczny<\/td>\n<\/tr>\n<tr>\n<td align=\"LEFT\" height=\"18\">Vintage:<\/td>\n<td align=\"LEFT\">Nein<\/td>\n<\/tr>\n<\/tbody>\n<\/table>","protected":false},"featured_media":78120,"comment_status":"open","ping_status":"closed","template":"","meta":{"_seopress_robots_primary_cat":"","_seopress_titles_title":"","_seopress_titles_desc":"","_seopress_robots_index":""},"product_brand":[],"product_cat":[1348,1354,1376],"product_tag":[],"class_list":{"0":"post-77998","1":"product","2":"type-product","3":"status-publish","4":"has-post-thumbnail","6":"product_cat-damen-mode","7":"product_cat-jacken-maentel","8":"product_cat-daunenjacken-steppjacken","9":"product_shipping_class-standard-versand","11":"first","12":"instock","13":"sale","14":"taxable","15":"shipping-taxable","16":"purchasable","17":"product-type-simple"},"_links":{"self":[{"href":"https:\/\/www.soanam.de\/pl\/wp-json\/wp\/v2\/product\/77998","targetHints":{"allow":["GET"]}}],"collection":[{"href":"https:\/\/www.soanam.de\/pl\/wp-json\/wp\/v2\/product"}],"about":[{"href":"https:\/\/www.soanam.de\/pl\/wp-json\/wp\/v2\/types\/product"}],"replies":[{"embeddable":true,"href":"https:\/\/www.soanam.de\/pl\/wp-json\/wp\/v2\/comments?post=77998"}],"wp:featuredmedia":[{"embeddable":true,"href":"https:\/\/www.soanam.de\/pl\/wp-json\/wp\/v2\/media\/78120"}],"wp:attachment":[{"href":"https:\/\/www.soanam.de\/pl\/wp-json\/wp\/v2\/media?parent=77998"}],"wp:term":[{"taxonomy":"product_brand","embeddable":true,"href":"https:\/\/www.soanam.de\/pl\/wp-json\/wp\/v2\/product_brand?post=77998"},{"taxonomy":"product_cat","embeddable":true,"href":"https:\/\/www.soanam.de\/pl\/wp-json\/wp\/v2\/product_cat?post=77998"},{"taxonomy":"product_tag","embeddable":true,"href":"https:\/\/www.soanam.de\/pl\/wp-json\/wp\/v2\/product_tag?post=77998"}],"curies":[{"name":"wp","href":"https:\/\/api.w.org\/{rel}","templated":true}]}}