{"id":77997,"date":"2023-12-13T21:04:39","date_gmt":"2023-12-13T20:04:39","guid":{"rendered":"https:\/\/www.soanam.de\/?post_type=product&#038;p=77997"},"modified":"2023-12-13T21:11:39","modified_gmt":"2023-12-13T20:11:39","slug":"nike-react-infinity-run-2-damskie-trampki-w-kolorze-bialym-czarnym-rozmiar-38","status":"publish","type":"product","link":"https:\/\/www.soanam.de\/pl\/produkt\/nike-react-infinity-run-2-damen-sneaker-in-weiss-schwarz-groesse-38\/","title":{"rendered":"Buty sportowe damskie Nike React Infinity Run 2, kolor bia\u0142y\/czarny, rozmiar 38"},"content":{"rendered":"<h3>Opis<\/h3>\n<p>Poka\u017c swoj\u0105 dzik\u0105 stron\u0119 w butach Nike React Infinity Run Flyknit 2, kt\u00f3re nie pozwalaj\u0105 Ci przesta\u0107 biega\u0107. Zosta\u0142y one wzbogacone o nadruk geparda na Swooshu i ko\u0142nierzu.<\/p>\n<p>Nike React Infinity Run Flyknit 2 dla kobiet ma neutralne przej\u015bcie i oferuje niezb\u0119dne wsparcie i wentylacj\u0119. Cholewka Flywire jest wysoce oddychaj\u0105ca dzi\u0119ki strategicznie rozmieszczonym strefom wentylacji, a pianka zapewnia mi\u0119kk\u0105 reakcj\u0119 i d\u0142ugotrwa\u0142y komfort.<\/p>\n<p>Technologia Flywire zapewnia dodatkowe wsparcie i stabilno\u015b\u0107 dla ca\u0142ej stopy, a Infinity Run Flyknit 2 zapewnia niezb\u0119dn\u0105 amortyzacj\u0119. Te buty do biegania zapewniaj\u0105 elastyczno\u015b\u0107 podczas odepchni\u0119cia, p\u0142ynne przej\u015bcie i amortyzacj\u0119 przy kontakcie z pod\u0142o\u017cem.<\/p>\n<h3>szczeg\u00f3\u0142y<\/h3>\n<p>Neutralne buty do biegania<br \/>\nStrefy wentylacji<br \/>\nDodatkowa guma na podeszwie zewn\u0119trznej<br \/>\nTechnologia Flywire<br \/>\nAmortyzowany ko\u0142nierz zapewnia mi\u0119kki komfort noszenia<br \/>\nSpadek pi\u0119ty: 9 mm<br \/>\nWaga: 244 gramy<br \/>\nKolor: czarny \/ bia\u0142y<br \/>\nKolor producenta: Platinum Tint<\/p>\n<h3>Materia\u0142<\/h3>\n<p>Materia\u0142 cholewki: Tekstylia<br \/>\nPodeszwa: guma<\/p>","protected":false},"excerpt":{"rendered":"<h3>Artikelmerkmale<\/h3>\n<p>Stan produktu: Nowy z etykiet\u0105: Nowy, nieu\u017cywany i nienoszony produkt w oryginalnym opakowaniu.<\/p>\n<table border=\"0\" frame=\"VOID\" rules=\"NONE\" cellspacing=\"0\">\n<colgroup>\n<col width=\"133\" \/>\n<col width=\"267\" \/><\/colgroup>\n<tbody>\n<tr>\n<td align=\"LEFT\" width=\"133\" height=\"18\">Abteilung:<\/td>\n<td align=\"LEFT\" width=\"267\">Damen<\/td>\n<\/tr>\n<tr>\n<td align=\"LEFT\" height=\"18\">Akzente:<\/td>\n<td align=\"LEFT\">Geparden-Print<\/td>\n<\/tr>\n<tr>\n<td align=\"LEFT\" height=\"18\">AU-Schuhgr\u00f6\u00dfe:<\/td>\n<td align=\"LEFT\">ohne Angabe<\/td>\n<\/tr>\n<tr>\n<td align=\"LEFT\" height=\"18\">Funkcje specjalne:<\/td>\n<td align=\"LEFT\">D\u00e4mpfung, Atmungsaktiv<\/td>\n<\/tr>\n<tr>\n<td align=\"LEFT\" height=\"18\">Charakter:<\/td>\n<td align=\"LEFT\">ohne<\/td>\n<\/tr>\n<tr>\n<td align=\"LEFT\" height=\"17\">EAN:<\/td>\n<td align=\"LEFT\">195239831430<\/td>\n<\/tr>\n<tr>\n<td align=\"LEFT\" height=\"18\">Erscheinungsjahr:<\/td>\n<td align=\"LEFT\">2020<\/td>\n<\/tr>\n<tr>\n<td align=\"LEFT\" height=\"18\">EU-Schuhgr\u00f6\u00dfe:<\/td>\n<td align=\"LEFT\">EUR 38<\/td>\n<\/tr>\n<tr>\n<td align=\"LEFT\" height=\"18\">Kolor:<\/td>\n<td align=\"LEFT\">Bia\u0142y<\/td>\n<\/tr>\n<tr>\n<td align=\"LEFT\" height=\"18\">Futtermaterial:<\/td>\n<td align=\"LEFT\">Tekstylia<\/td>\n<\/tr>\n<tr>\n<td align=\"LEFT\" height=\"18\">Herstellernummer:<\/td>\n<td align=\"LEFT\">DJ5932001<\/td>\n<\/tr>\n<tr>\n<td align=\"LEFT\" height=\"18\">Individualisiert:<\/td>\n<td align=\"LEFT\">Nein<\/td>\n<\/tr>\n<tr>\n<td align=\"LEFT\" height=\"18\">Innensohlenmaterial:<\/td>\n<td align=\"LEFT\">Tekstylia<\/td>\n<\/tr>\n<tr>\n<td align=\"LEFT\" height=\"18\">Laufsohlenmaterial:<\/td>\n<td align=\"LEFT\">Guma<\/td>\n<\/tr>\n<tr>\n<td align=\"LEFT\" height=\"18\">Marke:<\/td>\n<td align=\"LEFT\">Nike<\/td>\n<\/tr>\n<tr>\n<td align=\"LEFT\" height=\"18\">Modell:<\/td>\n<td align=\"LEFT\">Nike React Infinity Run<\/td>\n<\/tr>\n<tr>\n<td align=\"LEFT\" height=\"18\">Materia\u0142 cholewki:<\/td>\n<td align=\"LEFT\">Tekstylia<\/td>\n<\/tr>\n<tr>\n<td align=\"LEFT\" height=\"18\">Produktart:<\/td>\n<td align=\"LEFT\">Sportschuh<\/td>\n<\/tr>\n<tr>\n<td align=\"LEFT\" height=\"18\">Produktlinie:<\/td>\n<td align=\"LEFT\">Infinity Run<\/td>\n<\/tr>\n<tr>\n<td align=\"LEFT\" height=\"18\">Schuhweite:<\/td>\n<td align=\"LEFT\">F<\/td>\n<\/tr>\n<tr>\n<td align=\"LEFT\" height=\"18\">Stil:<\/td>\n<td align=\"LEFT\">Sneaker<\/td>\n<\/tr>\n<tr>\n<td align=\"LEFT\" height=\"18\">Thema:<\/td>\n<td align=\"LEFT\">Sport<\/td>\n<\/tr>\n<tr>\n<td align=\"LEFT\" height=\"18\">UK-Schuhgr\u00f6\u00dfe:<\/td>\n<td align=\"LEFT\">UK 4,5<\/td>\n<\/tr>\n<tr>\n<td align=\"LEFT\" height=\"18\">US-Schuhgr\u00f6\u00dfe:<\/td>\n<td align=\"LEFT\">US 7<\/td>\n<\/tr>\n<tr>\n<td align=\"LEFT\" height=\"18\">Verschluss:<\/td>\n<td align=\"LEFT\">Schn\u00fcrung<\/td>\n<\/tr>\n<tr>\n<td align=\"LEFT\" height=\"18\">Vintage:<\/td>\n<td align=\"LEFT\">Nein<\/td>\n<\/tr>\n<\/tbody>\n<\/table>","protected":false},"featured_media":78110,"comment_status":"open","ping_status":"closed","template":"","meta":{"_seopress_robots_primary_cat":"","_seopress_titles_title":"","_seopress_titles_desc":"","_seopress_robots_index":""},"product_brand":[],"product_cat":[1360,1367],"product_tag":[],"class_list":{"0":"post-77997","1":"product","2":"type-product","3":"status-publish","4":"has-post-thumbnail","6":"product_cat-schuhe","7":"product_cat-sneakers","8":"product_shipping_class-standard-versand","10":"first","11":"instock","12":"sale","13":"taxable","14":"shipping-taxable","15":"purchasable","16":"product-type-simple"},"_links":{"self":[{"href":"https:\/\/www.soanam.de\/pl\/wp-json\/wp\/v2\/product\/77997","targetHints":{"allow":["GET"]}}],"collection":[{"href":"https:\/\/www.soanam.de\/pl\/wp-json\/wp\/v2\/product"}],"about":[{"href":"https:\/\/www.soanam.de\/pl\/wp-json\/wp\/v2\/types\/product"}],"replies":[{"embeddable":true,"href":"https:\/\/www.soanam.de\/pl\/wp-json\/wp\/v2\/comments?post=77997"}],"wp:featuredmedia":[{"embeddable":true,"href":"https:\/\/www.soanam.de\/pl\/wp-json\/wp\/v2\/media\/78110"}],"wp:attachment":[{"href":"https:\/\/www.soanam.de\/pl\/wp-json\/wp\/v2\/media?parent=77997"}],"wp:term":[{"taxonomy":"product_brand","embeddable":true,"href":"https:\/\/www.soanam.de\/pl\/wp-json\/wp\/v2\/product_brand?post=77997"},{"taxonomy":"product_cat","embeddable":true,"href":"https:\/\/www.soanam.de\/pl\/wp-json\/wp\/v2\/product_cat?post=77997"},{"taxonomy":"product_tag","embeddable":true,"href":"https:\/\/www.soanam.de\/pl\/wp-json\/wp\/v2\/product_tag?post=77997"}],"curies":[{"name":"wp","href":"https:\/\/api.w.org\/{rel}","templated":true}]}}