{"id":77970,"date":"2023-12-13T21:04:13","date_gmt":"2023-12-13T20:04:13","guid":{"rendered":"https:\/\/www.soanam.de\/?post_type=product&#038;p=77970"},"modified":"2023-12-13T21:07:06","modified_gmt":"2023-12-13T20:07:06","slug":"khujo-pikowany-plaszcz-toots-kaptur-sciagany-sznurkiem-wewnetrzny-dzianinowy-kolnierz-xl","status":"publish","type":"product","link":"https:\/\/www.soanam.de\/pl\/produkt\/khujo-steppmantel-toots-kordelzug-an-der-kapuze-innenliegender-strickkragen-xl\/","title":{"rendered":"Pikowany p\u0142aszcz Khujo \"TOOTS\" z kapturem \u015bci\u0105ganym sznurkiem, wewn\u0119trzny ko\u0142nierz z dzianiny, XL"},"content":{"rendered":"<h3>Szczeg\u00f3\u0142y produktu<\/h3>\n<p>Sznurek \u015bci\u0105gaj\u0105cy na kapturze<br \/>\nZ wewn\u0119trznym ko\u0142nierzem z dzianiny<br \/>\nDzianinowe wstawki na r\u0119kawach<br \/>\nDwukierunkowy zamek b\u0142yskawiczny<br \/>\nZ du\u017cymi kieszeniami na suwak i kieszeni\u0105 wewn\u0119trzn\u0105<\/p>\n<p>Pikowany p\u0142aszcz khujo TOOTS z kapturem \u015bci\u0105ganym sznurkiem jest idealnym jesiennym towarzyszem. Lekki kr\u00f3tki p\u0142aszcz z dwukierunkowym zamkiem b\u0142yskawicznym ma wewn\u0119trzny ko\u0142nierz z dzianiny i dzianinowe wstawki na r\u0119kawach. Du\u017ce kieszenie na suwak i zamykana kiesze\u0144 wewn\u0119trzna zapewniaj\u0105 du\u017co miejsca do przechowywania, gdy jeste\u015b poza domem.<\/p>\n<p>Rozmiar: XL (44)<br \/>\nTyp rozmiaru: Regularne rozmiary<br \/>\nSk\u0142ad materia\u0142u<br \/>\nMateria\u0142 zewn\u0119trzny: poliester 100%. Materia\u0142 wewn\u0119trzny: poliester 100%. Wk\u0142adka materia\u0142owa: 97% poliester, 3% elastan. Wy\u015bci\u00f3\u0142ka: poliester 100%<br \/>\nInformacje o materiale: Zawiera nietekstylne cz\u0119\u015bci pochodzenia zwierz\u0119cego<br \/>\nW\u0142a\u015bciwo\u015bci materia\u0142u: ocieplenie<br \/>\nWskaz\u00f3wki dotycz\u0105ce piel\u0119gnacji: Pra\u0107 w pralce<br \/>\nOptyka: wzorzysta<br \/>\nStyl: casual<br \/>\nKolor producenta: niebiesko-szary<br \/>\nKolor: niebieski<br \/>\nKo\u0142nierz: dzianinowy ko\u0142nierz<br \/>\nR\u0119kawy: D\u0142ugi r\u0119kaw<br \/>\nSzczeg\u00f3\u0142y r\u0119kaw\u00f3w: wstawka<br \/>\nMankiety r\u0119kaw\u00f3w: zszyta kraw\u0119d\u017a<br \/>\nWyko\u0144czenie tu\u0142owia: zszyta kraw\u0119d\u017a<br \/>\nKr\u00f3j: dopasowany do sylwetki<br \/>\nDopasowanie producenta: normalne<br \/>\nSzczeg\u00f3\u0142y kaptura: ze sznurkiem<br \/>\nPodszewka kaptura: podszyta<br \/>\nAplikacje: Odznaki<br \/>\nKieszenie: Kieszenie na suwak<br \/>\nZapi\u0119cie: zamek b\u0142yskawiczny<br \/>\nCechy szczeg\u00f3lne: ze sznurkiem \u015bci\u0105gaj\u0105cym na kapturze<br \/>\nD\u0142ugo\u015b\u0107 r\u0119kawa: w rozmiarze S (36) ok. 64 cm<br \/>\nD\u0142ugo\u015b\u0107 plec\u00f3w: w rozmiarze S (36) ok. 86 cm<\/p>","protected":false},"excerpt":{"rendered":"<h3>Artikelmerkmale<\/h3>\n<p>Stan produktu: Nowy z etykiet\u0105: Nowy, nieu\u017cywany i nienoszony produkt w oryginalnym opakowaniu.<\/p>\n<table border=\"0\" frame=\"VOID\" rules=\"NONE\" cellspacing=\"0\">\n<colgroup>\n<col width=\"137\" \/>\n<col width=\"267\" \/><\/colgroup>\n<tbody>\n<tr>\n<td align=\"LEFT\" width=\"137\" height=\"18\">Abteilung:<\/td>\n<td align=\"LEFT\" width=\"267\">Damen<\/td>\n<\/tr>\n<tr>\n<td align=\"LEFT\" height=\"18\">Akzente:<\/td>\n<td align=\"LEFT\">Kordelzug<\/td>\n<\/tr>\n<tr>\n<td align=\"LEFT\" height=\"18\">Anlass:<\/td>\n<td align=\"LEFT\">Freizeit<\/td>\n<\/tr>\n<tr>\n<td align=\"LEFT\" height=\"18\">Au\u00dfenmaterial:<\/td>\n<td align=\"LEFT\">97% poliester, 3% elastan<\/td>\n<\/tr>\n<tr>\n<td align=\"LEFT\" height=\"18\">Funkcje specjalne:<\/td>\n<td align=\"LEFT\">Strickkragen<\/td>\n<\/tr>\n<tr>\n<td align=\"LEFT\" height=\"18\">Charakter:<\/td>\n<td align=\"LEFT\">ohne<\/td>\n<\/tr>\n<tr>\n<td align=\"LEFT\" height=\"17\">EAN:<\/td>\n<td align=\"LEFT\">4062493140775<\/td>\n<\/tr>\n<tr>\n<td align=\"LEFT\" height=\"18\">Kolor:<\/td>\n<td align=\"LEFT\">Blau Grau<\/td>\n<\/tr>\n<tr>\n<td align=\"LEFT\" height=\"18\">Futtermaterial:<\/td>\n<td align=\"LEFT\">Poliester<\/td>\n<\/tr>\n<tr>\n<td align=\"LEFT\" height=\"18\">Gewebeart:<\/td>\n<td align=\"LEFT\">ohne Angabe<\/td>\n<\/tr>\n<tr>\n<td align=\"LEFT\" height=\"18\">Gr\u00f6\u00dfe:<\/td>\n<td align=\"LEFT\">44<\/td>\n<\/tr>\n<tr>\n<td align=\"LEFT\" height=\"18\">Gr\u00f6\u00dfenkategorie:<\/td>\n<td align=\"LEFT\">Normalgr\u00f6\u00dfe<\/td>\n<\/tr>\n<tr>\n<td align=\"LEFT\" height=\"18\">Isoliermaterial:<\/td>\n<td align=\"LEFT\">Poliester<\/td>\n<\/tr>\n<tr>\n<td align=\"LEFT\" height=\"18\">Jacken-\/Mantell\u00e4nge:<\/td>\n<td align=\"LEFT\">Halblang<\/td>\n<\/tr>\n<tr>\n<td align=\"LEFT\" height=\"18\">Jahreszeit:<\/td>\n<td align=\"LEFT\">Herbst, Winter<\/td>\n<\/tr>\n<tr>\n<td align=\"LEFT\" height=\"18\">Marke:<\/td>\n<td align=\"LEFT\">Khujo<\/td>\n<\/tr>\n<tr>\n<td align=\"LEFT\" height=\"18\">Modell:<\/td>\n<td align=\"LEFT\">Toots<\/td>\n<\/tr>\n<tr>\n<td align=\"LEFT\" height=\"18\">Wz\u00f3r:<\/td>\n<td align=\"LEFT\">Ohne Muster<\/td>\n<\/tr>\n<tr>\n<td align=\"LEFT\" height=\"18\">Produktart:<\/td>\n<td align=\"LEFT\">Jacke<\/td>\n<\/tr>\n<tr>\n<td align=\"LEFT\" height=\"18\">Stil:<\/td>\n<td align=\"LEFT\">Steppjacke<\/td>\n<\/tr>\n<tr>\n<td align=\"LEFT\" height=\"18\">Thema:<\/td>\n<td align=\"LEFT\">Outdoor<\/td>\n<\/tr>\n<tr>\n<td align=\"LEFT\" height=\"18\">Verschluss:<\/td>\n<td align=\"LEFT\">Zamek b\u0142yskawiczny<\/td>\n<\/tr>\n<tr>\n<td align=\"LEFT\" height=\"18\">Vintage:<\/td>\n<td align=\"LEFT\">Nein<\/td>\n<\/tr>\n<\/tbody>\n<\/table>","protected":false},"featured_media":78085,"comment_status":"open","ping_status":"closed","template":"","meta":{"_seopress_robots_primary_cat":"","_seopress_titles_title":"","_seopress_titles_desc":"","_seopress_robots_index":""},"product_brand":[],"product_cat":[1348,1354,1376],"product_tag":[],"class_list":{"0":"post-77970","1":"product","2":"type-product","3":"status-publish","4":"has-post-thumbnail","6":"product_cat-damen-mode","7":"product_cat-jacken-maentel","8":"product_cat-daunenjacken-steppjacken","9":"product_shipping_class-standard-versand","11":"first","12":"instock","13":"sale","14":"taxable","15":"shipping-taxable","16":"purchasable","17":"product-type-simple"},"_links":{"self":[{"href":"https:\/\/www.soanam.de\/pl\/wp-json\/wp\/v2\/product\/77970","targetHints":{"allow":["GET"]}}],"collection":[{"href":"https:\/\/www.soanam.de\/pl\/wp-json\/wp\/v2\/product"}],"about":[{"href":"https:\/\/www.soanam.de\/pl\/wp-json\/wp\/v2\/types\/product"}],"replies":[{"embeddable":true,"href":"https:\/\/www.soanam.de\/pl\/wp-json\/wp\/v2\/comments?post=77970"}],"wp:featuredmedia":[{"embeddable":true,"href":"https:\/\/www.soanam.de\/pl\/wp-json\/wp\/v2\/media\/78085"}],"wp:attachment":[{"href":"https:\/\/www.soanam.de\/pl\/wp-json\/wp\/v2\/media?parent=77970"}],"wp:term":[{"taxonomy":"product_brand","embeddable":true,"href":"https:\/\/www.soanam.de\/pl\/wp-json\/wp\/v2\/product_brand?post=77970"},{"taxonomy":"product_cat","embeddable":true,"href":"https:\/\/www.soanam.de\/pl\/wp-json\/wp\/v2\/product_cat?post=77970"},{"taxonomy":"product_tag","embeddable":true,"href":"https:\/\/www.soanam.de\/pl\/wp-json\/wp\/v2\/product_tag?post=77970"}],"curies":[{"name":"wp","href":"https:\/\/api.w.org\/{rel}","templated":true}]}}