{"id":77949,"date":"2023-12-13T21:03:47","date_gmt":"2023-12-13T20:03:47","guid":{"rendered":"https:\/\/www.soanam.de\/?post_type=product&#038;p=77949"},"modified":"2023-12-13T21:06:14","modified_gmt":"2023-12-13T20:06:14","slug":"buty-pilkarskie-nike-phantom-vision-elite-df-sg-pro-black-blue-rozmiar-40","status":"publish","type":"product","link":"https:\/\/www.soanam.de\/pl\/produkt\/fussballschuhe-nike-phantom-vision-elite-df-sg-pro-schwarz-blau-groesse-40\/","title":{"rendered":"Buty pi\u0142karskie Nike Phantom Vision Elite DF SG-Pro, czarny\/niebieski, rozmiar 40"},"content":{"rendered":"<h3>Opis<\/h3>\n<p>Buty pi\u0142karskie Phantom Vision Elite DF SG-Pro - cz\u0119\u015b\u0107 nowego pakietu Always Forward od Nike.<br \/>\nDedykowane wszystkim, kt\u00f3rzy robi\u0105 r\u00f3\u017cnic\u0119<br \/>\nButy pi\u0142karskie Phantom Vision Elite DF SG-Pro maj\u0105 syntetyczn\u0105 cholewk\u0119 Flyknit, s\u0105 lekkie i maj\u0105 niesamowit\u0105 przyczepno\u015b\u0107, dzi\u0119ki czemu zapewniaj\u0105 doskona\u0142e czucie pi\u0142ki, nawet w mokrych warunkach.<br \/>\nPrzyczepno\u015b\u0107, zapobieganie zatykaniu si\u0119 Nike Phantom Vision Elite do sze\u015bciu ko\u0142k\u00f3w, co pozwala, aby b\u0142oto nie gromadzi\u0142o si\u0119, wewn\u0119trzna wy\u015bci\u00f3\u0142ka zapewnia mo\u017cliwo\u015b\u0107 dostosowania do ka\u017cdego rodzaju stopy.<\/p>\n<h3>Arkusz danych<\/h3>\n<p>Wewn\u0119trzna wy\u015bci\u00f3\u0142ka z siateczki Quadfit dopasowuje si\u0119 do kszta\u0142tu stopy w ka\u017cdym szczeg\u00f3le<br \/>\nTeksturowana struktura Flyknit zapewnia maksymaln\u0105 przyczepno\u015b\u0107, zapewniaj\u0105c niesamowit\u0105 kontrol\u0119 nad pi\u0142k\u0105, nawet w mokrych warunkach<br \/>\nUltralekka p\u0142aska podeszwa<br \/>\nPrzyczepno\u015b\u0107 i ochrona przed zatykaniem zapobiegaj\u0105 gromadzeniu si\u0119 brudu na knagach<br \/>\nSystem sznurowania Ghost Lace ukrywa sznurowad\u0142a, zapewniaj\u0105c idealne po\u0142\u0105czenie z pi\u0142k\u0105<br \/>\nTacchettatura SG Pro, idealna na gleby naturalne, mi\u0119kkie i b\u0142otniste<\/p>","protected":false},"excerpt":{"rendered":"<h3>Artikelmerkmale<\/h3>\n<p>Stan produktu: Nowy z etykiet\u0105: Nowy, nieu\u017cywany i nienoszony produkt w oryginalnym opakowaniu.<\/p>\n<table border=\"0\" frame=\"VOID\" rules=\"NONE\" cellspacing=\"0\">\n<colgroup>\n<col width=\"137\" \/>\n<col width=\"168\" \/><\/colgroup>\n<tbody>\n<tr>\n<td align=\"LEFT\" width=\"137\" height=\"18\">Abteilung:<\/td>\n<td align=\"LEFT\" width=\"168\">Herren<\/td>\n<\/tr>\n<tr>\n<td align=\"LEFT\" height=\"18\">Angebotspaket:<\/td>\n<td align=\"LEFT\">Nein<\/td>\n<\/tr>\n<tr>\n<td align=\"LEFT\" height=\"18\">EAN:<\/td>\n<td align=\"LEFT\">nichtzutreffend<\/td>\n<\/tr>\n<tr>\n<td align=\"LEFT\" height=\"18\">Kolor:<\/td>\n<td align=\"LEFT\">Czarny\/niebieski<\/td>\n<\/tr>\n<tr>\n<td align=\"LEFT\" height=\"18\">Geeignet f\u00fcr:<\/td>\n<td align=\"LEFT\">Outdoor<\/td>\n<\/tr>\n<tr>\n<td align=\"LEFT\" height=\"18\">Gr\u00f6\u00dfe:<\/td>\n<td align=\"LEFT\">40<\/td>\n<\/tr>\n<tr>\n<td align=\"LEFT\" height=\"18\">Marke:<\/td>\n<td align=\"LEFT\">Nike<\/td>\n<\/tr>\n<tr>\n<td align=\"LEFT\" height=\"18\">Modell:<\/td>\n<td align=\"LEFT\">Phantom Vision Elite<\/td>\n<\/tr>\n<tr>\n<td align=\"LEFT\" height=\"18\">Modifizierter Artikel:<\/td>\n<td align=\"LEFT\">Nein<\/td>\n<\/tr>\n<tr>\n<td align=\"LEFT\" height=\"18\">Pr\u00e4zise Farbe:<\/td>\n<td align=\"LEFT\">Czarny\/niebieski<\/td>\n<\/tr>\n<tr>\n<td align=\"LEFT\" height=\"18\">Produktart:<\/td>\n<td align=\"LEFT\">Nocken<\/td>\n<\/tr>\n<\/tbody>\n<\/table>","protected":false},"featured_media":78068,"comment_status":"open","ping_status":"closed","template":"","meta":{"_seopress_robots_primary_cat":"","_seopress_titles_title":"","_seopress_titles_desc":"","_seopress_robots_index":""},"product_brand":[],"product_cat":[1345,1365,1393,1471],"product_tag":[],"class_list":{"0":"post-77949","1":"product","2":"type-product","3":"status-publish","4":"has-post-thumbnail","6":"product_cat-herrenmode","7":"product_cat-sportbekleidung","8":"product_cat-schuhe-herrenmode","9":"product_cat-fussballschuhe","10":"product_shipping_class-standard-versand","12":"first","13":"instock","14":"sale","15":"taxable","16":"shipping-taxable","17":"purchasable","18":"product-type-simple"},"_links":{"self":[{"href":"https:\/\/www.soanam.de\/pl\/wp-json\/wp\/v2\/product\/77949","targetHints":{"allow":["GET"]}}],"collection":[{"href":"https:\/\/www.soanam.de\/pl\/wp-json\/wp\/v2\/product"}],"about":[{"href":"https:\/\/www.soanam.de\/pl\/wp-json\/wp\/v2\/types\/product"}],"replies":[{"embeddable":true,"href":"https:\/\/www.soanam.de\/pl\/wp-json\/wp\/v2\/comments?post=77949"}],"wp:featuredmedia":[{"embeddable":true,"href":"https:\/\/www.soanam.de\/pl\/wp-json\/wp\/v2\/media\/78068"}],"wp:attachment":[{"href":"https:\/\/www.soanam.de\/pl\/wp-json\/wp\/v2\/media?parent=77949"}],"wp:term":[{"taxonomy":"product_brand","embeddable":true,"href":"https:\/\/www.soanam.de\/pl\/wp-json\/wp\/v2\/product_brand?post=77949"},{"taxonomy":"product_cat","embeddable":true,"href":"https:\/\/www.soanam.de\/pl\/wp-json\/wp\/v2\/product_cat?post=77949"},{"taxonomy":"product_tag","embeddable":true,"href":"https:\/\/www.soanam.de\/pl\/wp-json\/wp\/v2\/product_tag?post=77949"}],"curies":[{"name":"wp","href":"https:\/\/api.w.org\/{rel}","templated":true}]}}