{"id":77930,"date":"2023-12-13T21:03:24","date_gmt":"2023-12-13T20:03:24","guid":{"rendered":"https:\/\/www.soanam.de\/?post_type=product&#038;p=77930"},"modified":"2023-12-13T21:05:51","modified_gmt":"2023-12-13T20:05:51","slug":"adidas-performance-outerior-rain-rdy-parka-damska-czarna-rozmiar-l","status":"publish","type":"product","link":"https:\/\/www.soanam.de\/pl\/produkt\/adidas-performance-outerior-rain-rdy-parka-damen-parka-black-groesse-l\/","title":{"rendered":"Adidas Performance OUTERIOR RAIN RDY PARKA - Parka damska, czarny, rozmiar L"},"content":{"rendered":"<h3>Opis<\/h3>\n<p>Membrana: poliuretan, technologia: RAIN.RDY (Adidas)<br \/>\noddychaj\u0105cy,<br \/>\nwiatroszczelna i wodoodporna,<br \/>\nOddychalno\u015b\u0107: 10 000 g\/m\u00b2\/24h,<br \/>\nS\u0142up wody: 10 000 mm,<br \/>\nSznurek na wysoko\u015bci talii po wewn\u0119trznej stronie<\/p>\n<p>Sport: turystyka piesza, miejski outdoor<br \/>\nPogoda: deszcz<br \/>\nKo\u0142nierz: Kaptur<br \/>\nKo\u0142nierz: os\u0142ona podbr\u00f3dka, wysoki ko\u0142nierz<br \/>\nDodatki: wodoodporne zamki b\u0142yskawiczne, elementy odblaskowe, otw\u00f3r na s\u0142uchawki<br \/>\nZapi\u0119cie: zamek b\u0142yskawiczny<br \/>\nKieszenie: Kieszenie zamykane na zamek b\u0142yskawiczny, kiesze\u0144 wewn\u0119trzna<br \/>\nKaptur: regulowany, mo\u017cna go schowa\u0107 w ko\u0142nierzu<br \/>\nKieszenie: Kiesze\u0144 wewn\u0119trzna, kieszenie z zamkiem b\u0142yskawicznym<br \/>\nMankiety: Regulowane zapi\u0119cie na rzep<br \/>\nSzczeg\u00f3\u0142y kaptura: Kaptur ze sznurkiem \u015bci\u0105gaj\u0105cym<br \/>\nWz\u00f3r: Zwyk\u0142e kolory<br \/>\nFunkcja: oddychaj\u0105ca, wiatroszczelna, wodoodporna<\/p>\n<h3>Materia\u0142 i instrukcje dotycz\u0105ce piel\u0119gnacji<\/h3>\n<p>Materia\u0142 zewn\u0119trzny: poliester 100%<br \/>\nPodszewka: poliester 100%<br \/>\nWskaz\u00f3wki dotycz\u0105ce piel\u0119gnacji: Pra\u0107 w pralce w temperaturze 30\u00b0C, nie prasowa\u0107, cykl delikatny<\/p>\n<h3>Dopasowanie<\/h3>\n<p>Rozmiar modelki: Modelka ma 176 cm wzrostu i nosi rozmiar S.<br \/>\nD\u0142ugo\u015b\u0107: do uda<br \/>\nD\u0142ugo\u015b\u0107 r\u0119kawa: D\u0142ugi r\u0119kaw<br \/>\nD\u0142ugo\u015b\u0107 r\u0119kawa: 58 cm dla rozmiaru S<br \/>\nSzeroko\u015b\u0107 plec\u00f3w: 46 cm dla rozmiaru S<br \/>\nD\u0142ugo\u015b\u0107 ca\u0142kowita: 91 cm dla rozmiaru S<\/p>","protected":false},"excerpt":{"rendered":"<h3>Artikelmerkmale<\/h3>\n<p>Stan produktu: Nowy z etykiet\u0105: Nowy, nieu\u017cywany i nienoszony produkt w oryginalnym opakowaniu.<\/p>\n<table border=\"0\" frame=\"VOID\" rules=\"NONE\" cellspacing=\"0\">\n<colgroup>\n<col width=\"137\" \/>\n<col width=\"168\" \/><\/colgroup>\n<tbody>\n<tr>\n<td align=\"LEFT\" width=\"137\" height=\"19\">Abteilung:<\/td>\n<td align=\"LEFT\" width=\"168\">Damen<\/td>\n<\/tr>\n<tr>\n<td align=\"LEFT\" height=\"19\">Akzente:<\/td>\n<td align=\"LEFT\">Tunnelzug, Klettverschlu\u00df<\/td>\n<\/tr>\n<tr>\n<td align=\"LEFT\" height=\"19\">Anlass:<\/td>\n<td align=\"LEFT\">Freizeit<\/td>\n<\/tr>\n<tr>\n<td align=\"LEFT\" height=\"19\">Au\u00dfenmaterial:<\/td>\n<td align=\"LEFT\">Poliester<\/td>\n<\/tr>\n<tr>\n<td align=\"LEFT\" height=\"19\">Funkcje specjalne:<\/td>\n<td align=\"LEFT\">Wasserdicht, Winddicht<\/td>\n<\/tr>\n<tr>\n<td align=\"LEFT\" height=\"19\">Charakter:<\/td>\n<td align=\"LEFT\">ohne<\/td>\n<\/tr>\n<tr>\n<td align=\"LEFT\" height=\"17\">EAN:<\/td>\n<td align=\"LEFT\">4062054721603<\/td>\n<\/tr>\n<tr>\n<td align=\"LEFT\" height=\"19\">Kolor:<\/td>\n<td align=\"LEFT\">Czarny<\/td>\n<\/tr>\n<tr>\n<td align=\"LEFT\" height=\"19\">Futtermaterial:<\/td>\n<td align=\"LEFT\">Poliester<\/td>\n<\/tr>\n<tr>\n<td align=\"LEFT\" height=\"19\">Gewebeart:<\/td>\n<td align=\"LEFT\">Poliester<\/td>\n<\/tr>\n<tr>\n<td align=\"LEFT\" height=\"19\">Gr\u00f6\u00dfe:<\/td>\n<td align=\"LEFT\">L<\/td>\n<\/tr>\n<tr>\n<td align=\"LEFT\" height=\"19\">Gr\u00f6\u00dfenkategorie:<\/td>\n<td align=\"LEFT\">Normalgr\u00f6\u00dfe<\/td>\n<\/tr>\n<tr>\n<td align=\"LEFT\" height=\"19\">Isoliermaterial:<\/td>\n<td align=\"LEFT\">nicht zutreffend<\/td>\n<\/tr>\n<tr>\n<td align=\"LEFT\" height=\"19\">Jacken-\/Mantell\u00e4nge:<\/td>\n<td align=\"LEFT\">Halblang<\/td>\n<\/tr>\n<tr>\n<td align=\"LEFT\" height=\"19\">Jahreszeit:<\/td>\n<td align=\"LEFT\">Fr\u00fchling, Herbst<\/td>\n<\/tr>\n<tr>\n<td align=\"LEFT\" height=\"19\">Marke:<\/td>\n<td align=\"LEFT\">Adidas<\/td>\n<\/tr>\n<tr>\n<td align=\"LEFT\" height=\"19\">Modell:<\/td>\n<td align=\"LEFT\">Rain Rdy Parka<\/td>\n<\/tr>\n<tr>\n<td align=\"LEFT\" height=\"19\">Wz\u00f3r:<\/td>\n<td align=\"LEFT\">Ohne Muster<\/td>\n<\/tr>\n<tr>\n<td align=\"LEFT\" height=\"19\">Produktart:<\/td>\n<td align=\"LEFT\">Jacke<\/td>\n<\/tr>\n<tr>\n<td align=\"LEFT\" height=\"19\">Stil:<\/td>\n<td align=\"LEFT\">Parka<\/td>\n<\/tr>\n<tr>\n<td align=\"LEFT\" height=\"19\">Thema:<\/td>\n<td align=\"LEFT\">Wandern<\/td>\n<\/tr>\n<tr>\n<td align=\"LEFT\" height=\"19\">Verschluss:<\/td>\n<td align=\"LEFT\">Zamek b\u0142yskawiczny<\/td>\n<\/tr>\n<tr>\n<td align=\"LEFT\" height=\"19\">Vintage:<\/td>\n<td align=\"LEFT\">Nein<\/td>\n<\/tr>\n<\/tbody>\n<\/table>","protected":false},"featured_media":78052,"comment_status":"open","ping_status":"closed","template":"","meta":{"_seopress_robots_primary_cat":"","_seopress_titles_title":"","_seopress_titles_desc":"","_seopress_robots_index":""},"product_brand":[],"product_cat":[1348,1354,1440],"product_tag":[],"class_list":{"0":"post-77930","1":"product","2":"type-product","3":"status-publish","4":"has-post-thumbnail","6":"product_cat-damen-mode","7":"product_cat-jacken-maentel","8":"product_cat-parkas-winterjacken","9":"product_shipping_class-standard-versand","11":"first","12":"instock","13":"sale","14":"taxable","15":"shipping-taxable","16":"purchasable","17":"product-type-simple"},"_links":{"self":[{"href":"https:\/\/www.soanam.de\/pl\/wp-json\/wp\/v2\/product\/77930","targetHints":{"allow":["GET"]}}],"collection":[{"href":"https:\/\/www.soanam.de\/pl\/wp-json\/wp\/v2\/product"}],"about":[{"href":"https:\/\/www.soanam.de\/pl\/wp-json\/wp\/v2\/types\/product"}],"replies":[{"embeddable":true,"href":"https:\/\/www.soanam.de\/pl\/wp-json\/wp\/v2\/comments?post=77930"}],"wp:featuredmedia":[{"embeddable":true,"href":"https:\/\/www.soanam.de\/pl\/wp-json\/wp\/v2\/media\/78052"}],"wp:attachment":[{"href":"https:\/\/www.soanam.de\/pl\/wp-json\/wp\/v2\/media?parent=77930"}],"wp:term":[{"taxonomy":"product_brand","embeddable":true,"href":"https:\/\/www.soanam.de\/pl\/wp-json\/wp\/v2\/product_brand?post=77930"},{"taxonomy":"product_cat","embeddable":true,"href":"https:\/\/www.soanam.de\/pl\/wp-json\/wp\/v2\/product_cat?post=77930"},{"taxonomy":"product_tag","embeddable":true,"href":"https:\/\/www.soanam.de\/pl\/wp-json\/wp\/v2\/product_tag?post=77930"}],"curies":[{"name":"wp","href":"https:\/\/api.w.org\/{rel}","templated":true}]}}