{"id":77929,"date":"2023-12-13T21:03:23","date_gmt":"2023-12-13T20:03:23","guid":{"rendered":"https:\/\/www.soanam.de\/?post_type=product&#038;p=77929"},"modified":"2023-12-13T21:05:44","modified_gmt":"2023-12-13T20:05:44","slug":"vero-moda-jeans-vmmanya-w-kolorze-czarnym-rozmiar-48","status":"publish","type":"product","link":"https:\/\/www.soanam.de\/pl\/produkt\/vero-moda-jeans-vmmanya-in-schwarz-groesse-48\/","title":{"rendered":"D\u017cinsy Vero Moda VMMANYA, kolor czarny, rozmiar 48"},"content":{"rendered":"<p>D\u017cinsy slim fit od Vero Moda<br \/>\nRegularny kr\u00f3j dla kr\u0105g\u0142ych kobiet<br \/>\nW\u0105ska, ciasna nogawka<br \/>\nW stylu z 5 kieszeniami<br \/>\nZ elastanem dla wygodnego dopasowania<\/p>\n<p>VERO MODA Curve to kolekcja z rozszerzonymi rozmiarami dla os\u00f3b o kr\u0105g\u0142ych kszta\u0142tach.<br \/>\nD\u017cinsy slim fit o regularnym kroju z pi\u0119cioma kieszeniami.<br \/>\nTe d\u017cinsy s\u0105 wykonane z mi\u0119kkiej mieszanki bawe\u0142ny.<\/p>\n<p>Materia\u0142: 38% poliester, 36% bawe\u0142na, 23% wiskoza, 3% elastan<br \/>\nWskaz\u00f3wki dotycz\u0105ce piel\u0119gnacji: Pra\u0107 w pralce<\/p>\n<p>Kolor: czarny<br \/>\nRozmiar: EUR 48<\/p>\n<p>Rozmiar talii: 95 cm<br \/>\nObw\u00f3d bioder: 114 cm<br \/>\nD\u0142ugo\u015b\u0107 kroku: 80 cm<br \/>\nCa\u0142kowita d\u0142ugo\u015b\u0107: 106 cm<\/p>","protected":false},"excerpt":{"rendered":"<p>Marke : Vero Moda<\/p>\n<p>Farbe : Schwarz<\/p>\n<p>Rozmiar: EUR 48<\/p>\n<p>Geschlecht : Frau<\/p>\n<p>Altersgruppe : Erwachsene<\/p>\n<p>Sortiment : NOOS<\/p>","protected":false},"featured_media":78048,"comment_status":"open","ping_status":"closed","template":"","meta":{"_seopress_robots_primary_cat":"","_seopress_titles_title":"","_seopress_titles_desc":"","_seopress_robots_index":""},"product_brand":[],"product_cat":[1348,1349,1350],"product_tag":[],"class_list":{"0":"post-77929","1":"product","2":"type-product","3":"status-publish","4":"has-post-thumbnail","6":"product_cat-damen-mode","7":"product_cat-hosen-damen-mode","8":"product_cat-jeans-hosen-damen-mode","9":"product_shipping_class-standard-versand","11":"first","12":"instock","13":"taxable","14":"shipping-taxable","15":"purchasable","16":"product-type-simple"},"_links":{"self":[{"href":"https:\/\/www.soanam.de\/pl\/wp-json\/wp\/v2\/product\/77929","targetHints":{"allow":["GET"]}}],"collection":[{"href":"https:\/\/www.soanam.de\/pl\/wp-json\/wp\/v2\/product"}],"about":[{"href":"https:\/\/www.soanam.de\/pl\/wp-json\/wp\/v2\/types\/product"}],"replies":[{"embeddable":true,"href":"https:\/\/www.soanam.de\/pl\/wp-json\/wp\/v2\/comments?post=77929"}],"wp:featuredmedia":[{"embeddable":true,"href":"https:\/\/www.soanam.de\/pl\/wp-json\/wp\/v2\/media\/78048"}],"wp:attachment":[{"href":"https:\/\/www.soanam.de\/pl\/wp-json\/wp\/v2\/media?parent=77929"}],"wp:term":[{"taxonomy":"product_brand","embeddable":true,"href":"https:\/\/www.soanam.de\/pl\/wp-json\/wp\/v2\/product_brand?post=77929"},{"taxonomy":"product_cat","embeddable":true,"href":"https:\/\/www.soanam.de\/pl\/wp-json\/wp\/v2\/product_cat?post=77929"},{"taxonomy":"product_tag","embeddable":true,"href":"https:\/\/www.soanam.de\/pl\/wp-json\/wp\/v2\/product_tag?post=77929"}],"curies":[{"name":"wp","href":"https:\/\/api.w.org\/{rel}","templated":true}]}}