{"id":77902,"date":"2023-12-13T21:02:55","date_gmt":"2023-12-13T20:02:55","guid":{"rendered":"https:\/\/www.soanam.de\/?post_type=product&#038;p=77902"},"modified":"2023-12-13T21:04:55","modified_gmt":"2023-12-13T20:04:55","slug":"black-diamond-womens-access-down-parka-kurtka-puchowa-damska-bordowy-gr-l","status":"publish","type":"product","link":"https:\/\/www.soanam.de\/pl\/produkt\/black-diamond-womens-access-down-parka-daunenjacke-damen-bordeaux-gr-l\/","title":{"rendered":"BLACK DIAMOND - Women's Access Down Parka - Kurtka puchowa, damska, Bordeaux, rozmiar L"},"content":{"rendered":"<h3>Opis<\/h3>\n<p>Ocieplaj\u0105ca parka z wype\u0142nieniem z g\u0119siego puchu - Women's Access Down Parka marki Black Diamond to idealny wyb\u00f3r, gdy trzeba sp\u0119dzi\u0107 d\u0142u\u017cszy czas w ska\u0142ach. Puszysty puch i d\u0142ugi kr\u00f3j kurtki zapewniaj\u0105 przyjemne ciep\u0142o. Mimo to kurtka jest przyjemnie lekka i w razie potrzeby mo\u017cna j\u0105 \u0142atwo skompresowa\u0107 i schowa\u0107. Elastyczny kaptur \u015bci\u015ble przylega do g\u0142owy i twarzy, utrzymuj\u0105c ciep\u0142o cia\u0142a wewn\u0105trz.<\/p>\n<p>Lekki materia\u0142 zewn\u0119trzny wykonany z odpornego na rozdarcia i wytrzyma\u0142ego nylonu chroni puchowe wype\u0142nienie i jest odporny na dzia\u0142anie czynnik\u00f3w zewn\u0119trznych. Kurtka zawiera r\u00f3wnie\u017c w\u0142\u00f3kna z certyfikatem bluesign, kt\u00f3re s\u0105 szczeg\u00f3lnie przyjazne dla \u015brodowiska. Dzi\u0119ki obr\u00f3bce DWR tkanina jest trwale wodoodporna. Puch jest r\u00f3wnie\u017c wyposa\u017cony w technologi\u0119 HyperDry, dzi\u0119ki czemu jest mniej wra\u017cliwy na wilgo\u0107. Dwie przednie kieszenie mog\u0105 s\u0142u\u017cy\u0107 do ogrzania zimnych d\u0142oni lub bezpiecznego przechowywania ma\u0142ych przedmiot\u00f3w. W kieszeni na piersi mo\u017cna przechowywa\u0107 smartfon.<\/p>\n<p><strong>szczeg\u00f3\u0142y<\/strong><\/p>\n<p>Odpowiedni dla: Kobiety<br \/>\nObszar u\u017cytkowania: Wspinaczka, rekreacja, skitouring<br \/>\nG\u0142\u00f3wny materia\u0142: poliamid 100%<br \/>\nMateria\u0142 wype\u0142niaj\u0105cy: puch 100%<br \/>\nRodzaj materia\u0142u: g\u0119si puch<br \/>\nInformacje o materiale: Zawiera nietekstylne cz\u0119\u015bci pochodzenia zwierz\u0119cego<br \/>\nGrubo\u015b\u0107 materia\u0142u: 30 denier<br \/>\nObr\u00f3bka materia\u0142u: impregnowany DWR<br \/>\nW\u0142a\u015bciwo\u015bci materia\u0142u: izoluj\u0105cy, oddychaj\u0105cy, wysoce wodoodporny, szybkoschn\u0105cy<br \/>\nSi\u0142a sp\u0119czniaj\u0105ca: 700 cuin<br \/>\nProporcje mieszania: 85\/15 (puch do pierza)<br \/>\nZr\u00f3wnowa\u017cony rozw\u00f3j: zawiera puch z certyfikatem RDS, zawiera w\u0142\u00f3kna z certyfikatem Bluesign<br \/>\nZapi\u0119cie: zamek b\u0142yskawiczny z przodu na ca\u0142ej d\u0142ugo\u015bci<br \/>\nKaptur: elastyczny<br \/>\nKieszenie: 1 kiesze\u0144 na piersi, 2 kieszenie z przodu<br \/>\nWaga: 395 g<br \/>\nRozmiar referencyjny: \u015bredni<br \/>\nDopasowanie: Normalne<br \/>\nDodatki: elastyczne mankiety<\/p>","protected":false},"excerpt":{"rendered":"<h3>Artikelmerkmale<\/h3>\n<p>Stan produktu: Nowy z etykiet\u0105: Nowy, nieu\u017cywany i nienoszony produkt w oryginalnym opakowaniu.<\/p>\n<table border=\"0\" frame=\"VOID\" rules=\"NONE\" cellspacing=\"0\">\n<colgroup>\n<col width=\"137\" \/>\n<col width=\"202\" \/><\/colgroup>\n<tbody>\n<tr>\n<td align=\"LEFT\" width=\"137\" height=\"19\">Abteilung:<\/td>\n<td align=\"LEFT\" width=\"202\">Damen<\/td>\n<\/tr>\n<tr>\n<td align=\"LEFT\" height=\"19\">Akzente:<\/td>\n<td align=\"LEFT\">Zamek b\u0142yskawiczny<\/td>\n<\/tr>\n<tr>\n<td align=\"LEFT\" height=\"19\">Anlass:<\/td>\n<td align=\"LEFT\">Freizeit, Reise<\/td>\n<\/tr>\n<tr>\n<td align=\"LEFT\" height=\"19\">Au\u00dfenmaterial:<\/td>\n<td align=\"LEFT\">Polyamid<\/td>\n<\/tr>\n<tr>\n<td align=\"LEFT\" height=\"19\">Funkcje specjalne:<\/td>\n<td align=\"LEFT\">Zamek b\u0142yskawiczny na ca\u0142ej d\u0142ugo\u015bci<\/td>\n<\/tr>\n<tr>\n<td align=\"LEFT\" height=\"19\">Charakter:<\/td>\n<td align=\"LEFT\">ohne<\/td>\n<\/tr>\n<tr>\n<td align=\"LEFT\" height=\"17\">EAN:<\/td>\n<td align=\"LEFT\">793661422624<\/td>\n<\/tr>\n<tr>\n<td align=\"LEFT\" height=\"19\">Kolor:<\/td>\n<td align=\"LEFT\">Bordeaux<\/td>\n<\/tr>\n<tr>\n<td align=\"LEFT\" height=\"19\">Futtermaterial:<\/td>\n<td align=\"LEFT\">Daune<\/td>\n<\/tr>\n<tr>\n<td align=\"LEFT\" height=\"19\">Gewebeart:<\/td>\n<td align=\"LEFT\">Mischgewebe<\/td>\n<\/tr>\n<tr>\n<td align=\"LEFT\" height=\"19\">Gr\u00f6\u00dfe:<\/td>\n<td align=\"LEFT\">L<\/td>\n<\/tr>\n<tr>\n<td align=\"LEFT\" height=\"19\">Gr\u00f6\u00dfenkategorie:<\/td>\n<td align=\"LEFT\">Normalgr\u00f6\u00dfe<\/td>\n<\/tr>\n<tr>\n<td align=\"LEFT\" height=\"19\">Isoliermaterial:<\/td>\n<td align=\"LEFT\">W d\u00f3\u0142<\/td>\n<\/tr>\n<tr>\n<td align=\"LEFT\" height=\"19\">Jacken-\/Mantell\u00e4nge:<\/td>\n<td align=\"LEFT\">Kurz<\/td>\n<\/tr>\n<tr>\n<td align=\"LEFT\" height=\"19\">Jahreszeit:<\/td>\n<td align=\"LEFT\">Fr\u00fchling, Herbst, Winter<\/td>\n<\/tr>\n<tr>\n<td align=\"LEFT\" height=\"19\">Marke:<\/td>\n<td align=\"LEFT\">CZARNY DIAMENT<\/td>\n<\/tr>\n<tr>\n<td align=\"LEFT\" height=\"19\">Modell:<\/td>\n<td align=\"LEFT\">Down Parka<\/td>\n<\/tr>\n<tr>\n<td align=\"LEFT\" height=\"19\">Wz\u00f3r:<\/td>\n<td align=\"LEFT\">Ohne Muster<\/td>\n<\/tr>\n<tr>\n<td align=\"LEFT\" height=\"19\">Produktart:<\/td>\n<td align=\"LEFT\">Jacke<\/td>\n<\/tr>\n<tr>\n<td align=\"LEFT\" height=\"19\">Stil:<\/td>\n<td align=\"LEFT\">Daunenjacke<\/td>\n<\/tr>\n<tr>\n<td align=\"LEFT\" height=\"19\">Thema:<\/td>\n<td align=\"LEFT\">Outdoor<\/td>\n<\/tr>\n<tr>\n<td align=\"LEFT\" height=\"19\">Verschluss:<\/td>\n<td align=\"LEFT\">Zamek b\u0142yskawiczny<\/td>\n<\/tr>\n<tr>\n<td align=\"LEFT\" height=\"19\">Vintage:<\/td>\n<td align=\"LEFT\">Nein<\/td>\n<\/tr>\n<\/tbody>\n<\/table>","protected":false},"featured_media":78009,"comment_status":"open","ping_status":"closed","template":"","meta":{"_seopress_robots_primary_cat":"","_seopress_titles_title":"","_seopress_titles_desc":"","_seopress_robots_index":""},"product_brand":[],"product_cat":[1348,1354,1376],"product_tag":[],"class_list":{"0":"post-77902","1":"product","2":"type-product","3":"status-publish","4":"has-post-thumbnail","6":"product_cat-damen-mode","7":"product_cat-jacken-maentel","8":"product_cat-daunenjacken-steppjacken","9":"product_shipping_class-standard-versand","11":"first","12":"instock","13":"sale","14":"taxable","15":"shipping-taxable","16":"purchasable","17":"product-type-simple"},"_links":{"self":[{"href":"https:\/\/www.soanam.de\/pl\/wp-json\/wp\/v2\/product\/77902","targetHints":{"allow":["GET"]}}],"collection":[{"href":"https:\/\/www.soanam.de\/pl\/wp-json\/wp\/v2\/product"}],"about":[{"href":"https:\/\/www.soanam.de\/pl\/wp-json\/wp\/v2\/types\/product"}],"replies":[{"embeddable":true,"href":"https:\/\/www.soanam.de\/pl\/wp-json\/wp\/v2\/comments?post=77902"}],"wp:featuredmedia":[{"embeddable":true,"href":"https:\/\/www.soanam.de\/pl\/wp-json\/wp\/v2\/media\/78009"}],"wp:attachment":[{"href":"https:\/\/www.soanam.de\/pl\/wp-json\/wp\/v2\/media?parent=77902"}],"wp:term":[{"taxonomy":"product_brand","embeddable":true,"href":"https:\/\/www.soanam.de\/pl\/wp-json\/wp\/v2\/product_brand?post=77902"},{"taxonomy":"product_cat","embeddable":true,"href":"https:\/\/www.soanam.de\/pl\/wp-json\/wp\/v2\/product_cat?post=77902"},{"taxonomy":"product_tag","embeddable":true,"href":"https:\/\/www.soanam.de\/pl\/wp-json\/wp\/v2\/product_tag?post=77902"}],"curies":[{"name":"wp","href":"https:\/\/api.w.org\/{rel}","templated":true}]}}