{"id":77856,"date":"2023-12-13T21:02:03","date_gmt":"2023-12-13T20:02:03","guid":{"rendered":"https:\/\/www.soanam.de\/?post_type=product&#038;p=77856"},"modified":"2023-12-13T21:04:10","modified_gmt":"2023-12-13T20:04:10","slug":"cmp-softshellhose-in-schwarz-groesse-20","status":"publish","type":"product","link":"https:\/\/www.soanam.de\/pl\/produkt\/cmp-softshellhose-in-schwarz-groesse-20\/","title":{"rendered":"Spodnie softshellowe CMP w kolorze czarnym, rozmiar 20"},"content":{"rendered":"<p>Warme Softshellhose von CMP<br \/>\nRozci\u0119te kieszenie z zamkiem b\u0142yskawicznym, szlufki na pasek<br \/>\nNogawki o prostym kroju z przeszytymi kolanami<br \/>\nWodoodporny, wiatroszczelny i oddychaj\u0105cy<br \/>\n7000 mm s\u0142upa wody<\/p>\n<p>Eine atmungsaktive und winddichte Softshell Hose, die mit ihrem geraden Schnitt, den seitlichen Rei\u00dfverschlusstaschen und den Abn\u00e4hern am Knie jede Outdooraktivit\u00e4t zum Vergn\u00fcgen macht.<br \/>\nDzi\u0119ki s\u0142upowi wody o wysoko\u015bci 7000 mm jest on r\u00f3wnie\u017c wodoodporny.<\/p>\n<p>Material: Obermaterial: 96% Polyester, 4% Elasthan. Futter: 100% Polyester<br \/>\nWskaz\u00f3wki dotycz\u0105ce piel\u0119gnacji: Pra\u0107 w pralce<\/p>\n<p>Kolor: czarny<br \/>\nGr\u00f6\u00dfe: 20<\/p>\n<p>Rozmiar talii: 85 cm<br \/>\nObw\u00f3d bioder: 103 cm<br \/>\nD\u0142ugo\u015b\u0107 kroku: 73 cm<br \/>\nCa\u0142kowita d\u0142ugo\u015b\u0107: 99 cm<\/p>\n<p>Ten nowy przedmiot jest zwrotem klienta bez etykiety.<\/p>","protected":false},"excerpt":{"rendered":"<table class=\"dv_characteristicsTable\">\n<tbody>\n<tr>\n<td class=\"left\">Rozmiar<\/td>\n<td>20<\/td>\n<\/tr>\n<tr>\n<td class=\"left\">Gr\u00f6\u00dfentyp<\/td>\n<td>Kurzgr\u00f6\u00dfen<\/td>\n<\/tr>\n<tr>\n<td class=\"left\">Sk\u0142ad materia\u0142u<\/td>\n<td>Obermaterial: 96% Polyester, 4% Elasthan. Futter: 100% Polyester<\/td>\n<\/tr>\n<tr>\n<td class=\"left\">Materialart<\/td>\n<td>Softshell<\/td>\n<\/tr>\n<tr>\n<td class=\"left\">Materialeigenschaften<\/td>\n<td>winddicht, wasserabweisend, atmungsaktiv, elastisch, schnell trocknend<\/td>\n<\/tr>\n<tr>\n<td class=\"left\">Wassers\u00e4ule<\/td>\n<td>7000 mm<\/td>\n<\/tr>\n<tr>\n<td class=\"left\">Atmungsaktivit\u00e4t<\/td>\n<td>1000<\/td>\n<\/tr>\n<tr>\n<td class=\"left\">Instrukcje dotycz\u0105ce piel\u0119gnacji<\/td>\n<td>Pranie w pralce<\/td>\n<\/tr>\n<tr>\n<td class=\"left\">Stil<\/td>\n<td>sportlich<\/td>\n<\/tr>\n<tr>\n<td class=\"left\">Herstellerfarbbezeichnung<\/td>\n<td>nero<\/td>\n<\/tr>\n<tr>\n<td class=\"left\">Kolor<\/td>\n<td>schwarz<\/td>\n<\/tr>\n<tr>\n<td class=\"left\">Leibh\u00f6he<\/td>\n<td>klassisch<\/td>\n<\/tr>\n<tr>\n<td class=\"left\">Beinform<\/td>\n<td>gerade<\/td>\n<\/tr>\n<tr>\n<td class=\"left\">G\u00fcrtelschlaufen<\/td>\n<td>ja<\/td>\n<\/tr>\n<tr>\n<td class=\"left\">Applikationen<\/td>\n<td>Haftowane logo<\/td>\n<\/tr>\n<tr>\n<td class=\"left\">Torby<\/td>\n<td>Rei\u00dfverschlusstaschen<\/td>\n<\/tr>\n<tr>\n<td class=\"left\">Verschluss<\/td>\n<td>Rei\u00dfverschluss, Knopf<\/td>\n<\/tr>\n<tr>\n<td class=\"left\">Gr\u00f6\u00dfenhinweis<\/td>\n<td>F\u00e4llt eng aus, bitte eine Gr\u00f6\u00dfe gr\u00f6\u00dfer bestellen.<\/td>\n<\/tr>\n<tr>\n<td class=\"left\">Sportart<\/td>\n<td>Trekking<\/td>\n<\/tr>\n<\/tbody>\n<\/table>","protected":false},"featured_media":77964,"comment_status":"open","ping_status":"closed","template":"","meta":{"_seopress_robots_primary_cat":"","_seopress_titles_title":"","_seopress_titles_desc":"","_seopress_robots_index":""},"product_brand":[],"product_cat":[1348,1349,1455],"product_tag":[],"class_list":{"0":"post-77856","1":"product","2":"type-product","3":"status-publish","4":"has-post-thumbnail","6":"product_cat-damen-mode","7":"product_cat-hosen-damen-mode","8":"product_cat-regen-skihosen","9":"product_shipping_class-standard-versand","11":"first","12":"instock","13":"sale","14":"taxable","15":"shipping-taxable","16":"purchasable","17":"product-type-simple"},"_links":{"self":[{"href":"https:\/\/www.soanam.de\/pl\/wp-json\/wp\/v2\/product\/77856","targetHints":{"allow":["GET"]}}],"collection":[{"href":"https:\/\/www.soanam.de\/pl\/wp-json\/wp\/v2\/product"}],"about":[{"href":"https:\/\/www.soanam.de\/pl\/wp-json\/wp\/v2\/types\/product"}],"replies":[{"embeddable":true,"href":"https:\/\/www.soanam.de\/pl\/wp-json\/wp\/v2\/comments?post=77856"}],"wp:featuredmedia":[{"embeddable":true,"href":"https:\/\/www.soanam.de\/pl\/wp-json\/wp\/v2\/media\/77964"}],"wp:attachment":[{"href":"https:\/\/www.soanam.de\/pl\/wp-json\/wp\/v2\/media?parent=77856"}],"wp:term":[{"taxonomy":"product_brand","embeddable":true,"href":"https:\/\/www.soanam.de\/pl\/wp-json\/wp\/v2\/product_brand?post=77856"},{"taxonomy":"product_cat","embeddable":true,"href":"https:\/\/www.soanam.de\/pl\/wp-json\/wp\/v2\/product_cat?post=77856"},{"taxonomy":"product_tag","embeddable":true,"href":"https:\/\/www.soanam.de\/pl\/wp-json\/wp\/v2\/product_tag?post=77856"}],"curies":[{"name":"wp","href":"https:\/\/api.w.org\/{rel}","templated":true}]}}