{"id":77855,"date":"2023-12-13T21:02:03","date_gmt":"2023-12-13T20:02:03","guid":{"rendered":"https:\/\/www.soanam.de\/?post_type=product&#038;p=77855"},"modified":"2023-12-13T21:04:04","modified_gmt":"2023-12-13T20:04:04","slug":"uhu-klej-brokatowy-oryginalny-klej-brokatowy-do-dekoracji-rzemieslniczych-6-x-10-ml-od-4","status":"publish","type":"product","link":"https:\/\/www.soanam.de\/pl\/produkt\/uhu-glitter-glue-original-glitzerkleber-zum-basteln-dekorieren-6-x-10-ml-ab-4\/","title":{"rendered":"UHU Glitter Glue Original, klej brokatowy do r\u0119kodzie\u0142a, dekoracji 6 x 10 ml, od 4"},"content":{"rendered":"<h3>Opis produktu<\/h3>\n<p>Kreatywna zabawa brokatem na wielu materia\u0142ach<br \/>\nWysoce b\u0142yszcz\u0105cy efekt po\u0142ysku<br \/>\nBardzo mi\u0119kkie rurki z delikatn\u0105 ko\u0144c\u00f3wk\u0105 dozuj\u0105c\u0105<br \/>\nProste i czyste dekoracje<br \/>\nBezrozpuszczalnikowy i zmywalny<\/p>\n<p>Odpowiedni materia\u0142: tkanina, drewno, papier<br \/>\nKolor: z\u0142oty, srebrny, czerwony, zielony, niebieski, fioletowy<br \/>\nMarka: UHU<br \/>\nInformacje o opakowaniu: Tuba<br \/>\nPojemno\u015b\u0107 artyku\u0142u: 10 mililitr\u00f3w<\/p>\n<p><strong>Uwaga<\/strong><br \/>\nNieodpowiednie dla dzieci poni\u017cej 3 roku \u017cycia!<\/p>","protected":false},"excerpt":{"rendered":"<h3><strong>Artikelmerkmale<\/strong><\/h3>\n<p>Artikelzustand: Neu - Neuer, unbenutzter und unbesch\u00e4digter Artikel in der unge\u00f6ffneten Verpackung<\/p>\n<table style=\"border-collapse: collapse; width: 431pt;\" width=\"575\">\n<tbody>\n<tr style=\"height: 15.0pt;\">\n<td style=\"width: 193pt; height: 15.0pt;\" width=\"257\" height=\"20\">Kolor:<\/td>\n<td class=\"xl65\" style=\"width: 239pt;\" width=\"318\">wielokolorowy<\/td>\n<\/tr>\n<tr style=\"height: 15.0pt;\">\n<td style=\"height: 15.0pt;\" height=\"20\">EAN:<\/td>\n<td class=\"xl65\">4026700390407<\/td>\n<\/tr>\n<tr style=\"height: 15.0pt;\">\n<td style=\"height: 15.0pt;\" height=\"20\">Marke:<\/td>\n<td class=\"xl65\">UHU<\/td>\n<\/tr>\n<tr style=\"height: 15.0pt;\">\n<td style=\"height: 15.0pt;\" height=\"20\">Model:<\/td>\n<td class=\"xl65\">Glitter Glue - Original<\/td>\n<\/tr>\n<tr style=\"height: 15.0pt;\">\n<td style=\"height: 15.0pt;\" height=\"20\">Produktart:<\/td>\n<td class=\"xl65\">Bastelkleber<\/td>\n<\/tr>\n<\/tbody>\n<\/table>","protected":false},"featured_media":77962,"comment_status":"open","ping_status":"closed","template":"","meta":{"_seopress_robots_primary_cat":"","_seopress_titles_title":"","_seopress_titles_desc":"","_seopress_robots_index":""},"product_brand":[],"product_cat":[1435,1462],"product_tag":[],"class_list":{"0":"post-77855","1":"product","2":"type-product","3":"status-publish","4":"has-post-thumbnail","6":"product_cat-spielzeug","7":"product_cat-basteln","8":"product_shipping_class-standard-versand","10":"first","11":"instock","12":"sale","13":"taxable","14":"shipping-taxable","15":"purchasable","16":"product-type-simple"},"_links":{"self":[{"href":"https:\/\/www.soanam.de\/pl\/wp-json\/wp\/v2\/product\/77855","targetHints":{"allow":["GET"]}}],"collection":[{"href":"https:\/\/www.soanam.de\/pl\/wp-json\/wp\/v2\/product"}],"about":[{"href":"https:\/\/www.soanam.de\/pl\/wp-json\/wp\/v2\/types\/product"}],"replies":[{"embeddable":true,"href":"https:\/\/www.soanam.de\/pl\/wp-json\/wp\/v2\/comments?post=77855"}],"wp:featuredmedia":[{"embeddable":true,"href":"https:\/\/www.soanam.de\/pl\/wp-json\/wp\/v2\/media\/77962"}],"wp:attachment":[{"href":"https:\/\/www.soanam.de\/pl\/wp-json\/wp\/v2\/media?parent=77855"}],"wp:term":[{"taxonomy":"product_brand","embeddable":true,"href":"https:\/\/www.soanam.de\/pl\/wp-json\/wp\/v2\/product_brand?post=77855"},{"taxonomy":"product_cat","embeddable":true,"href":"https:\/\/www.soanam.de\/pl\/wp-json\/wp\/v2\/product_cat?post=77855"},{"taxonomy":"product_tag","embeddable":true,"href":"https:\/\/www.soanam.de\/pl\/wp-json\/wp\/v2\/product_tag?post=77855"}],"curies":[{"name":"wp","href":"https:\/\/api.w.org\/{rel}","templated":true}]}}