{"id":77837,"date":"2023-12-13T21:01:40","date_gmt":"2023-12-13T20:01:40","guid":{"rendered":"https:\/\/www.soanam.de\/?post_type=product&#038;p=77837"},"modified":"2023-12-13T21:03:53","modified_gmt":"2023-12-13T20:03:53","slug":"porto-muinos-espagueti-de-mar-suszone-wodorosty-morskie-spaghetti-organiczne-weganskie-25g","status":"publish","type":"product","link":"https:\/\/www.soanam.de\/pl\/produkt\/porto-muinos-espagueti-de-mar-dried-seaweed-meeresspaghetti-organic-vegan-25g\/","title":{"rendered":"Porto Mui\u00f1os ESPAGUETI DE MAR, suszone wodorosty, spaghetti morskie, organiczne, wega\u0144skie, 25g"},"content":{"rendered":"<h3><strong>Opis produktu<\/strong><\/h3>\n<p>Organiczne spaghetti morskie Porto Mui\u00f1o to br\u0105zowe wodorosty. Ich d\u0142ugi, cienki i lekko rozga\u0142\u0119ziony wygl\u0105d przypomina tagliatelle. Ich smak przypomina \u015bwie\u017c\u0105 fasol\u0119. Ich konsystencja jest zwarta.<\/p>\n<p><strong>Zastosowanie<\/strong>:<br \/>\nPrzyjmowanie p\u0142yn\u00f3w:<br \/>\n1. moczy\u0107 wodorosty w wodzie przez 20 minut.<br \/>\n2. powt\u00f3rzy\u0107 ten proces.<br \/>\n3. zwi\u0119kszaj\u0105 swoj\u0105 wag\u0119 10-krotnie, gdy s\u0105 mokre.<br \/>\nCzas gotowania: Gotowa\u0107 wodorosty w du\u017cej ilo\u015bci wody przez 10 minut.<\/p>\n<p>Suszone wodorosty mo\u017cna upiec w piekarniku i zmieli\u0107 w celu u\u017cycia jako przyprawa. Wodorosty mo\u017cna upiec jako przystawk\u0119 i podawa\u0107 z gotowanymi rybami, owocami morza i sa\u0142atkami. Nadaj\u0105 si\u0119 r\u00f3wnie\u017c jako sk\u0142adnik da\u0144 z ry\u017cu, makaronu i warzyw, zup, krokiet\u00f3w itp.<\/p>\n<p><strong>Sk\u0142adniki:<\/strong><br \/>\nSpaghetti morskie (Himanthalia elongata) z dzikich zbior\u00f3w wybrze\u017ca Galicji (Zatoka Biskajska i wody portugalskie).<br \/>\nMo\u017ce zawiera\u0107 \u015bladowe ilo\u015bci skorupiak\u00f3w i ryb morskich.<\/p>\n<p><strong>Dodatkowe informacje:<\/strong><br \/>\nPrzechowywa\u0107 w temperaturze pokojowej.<br \/>\nPo otwarciu opakowanie nale\u017cy przechowywa\u0107 w szczelnym i suchym miejscu.<\/p>\n<p><strong>Informacje dla konsument\u00f3w:<\/strong><br \/>\nNaturalnie bogaty w jod. Nadmierne spo\u017cycie jodu mo\u017ce prowadzi\u0107 do problem\u00f3w z tarczyc\u0105. Dlatego te\u017c Niemieckie Towarzystwo \u017bywienia zaleca \u015brednie dzienne spo\u017cycie nie wi\u0119ksze ni\u017c 0,2 mg jodu. 2 g suszonych wodorost\u00f3w spaghetti zawiera mniej ni\u017c 0,2 mg jodu.<\/p>\n<p><strong>Informacje o warto\u015bciach od\u017cywczych:<\/strong><br \/>\nWarto\u015bci od\u017cywcze na 100 g<\/p>\n<p>odwodniony odwodniony *<\/p>\n<p>Energia<br \/>\n702 kJ \/ 170 kcal 213 kJ \/ 52 kcal<\/p>\n<p>T\u0142uszcz<br \/>\n- w tym nasycone kwasy t\u0142uszczowe<br \/>\n1,0 g &lt;0,5 g<br \/>\n0,4 g 0,1 g<\/p>\n<p>W\u0119glowodany<br \/>\n- jego cukier<br \/>\n15 g 3,2 g<br \/>\n&lt;0,5 g &lt;0,5 g<\/p>\n<p>W\u0142\u00f3kna<br \/>\n36 g 14 g<\/p>\n<p>Bia\u0142ko<br \/>\n7,5 g 2,2 g<\/p>\n<p>S\u00f3l<br \/>\n7,9 g 1,1 g<\/p>\n<p>Jod<br \/>\n924 x 10 \u00b5g 264 x 10 ug<\/p>","protected":false},"excerpt":{"rendered":"<h3><strong>Artikelmerkmale<\/strong><\/h3>\n<p>Artikelzustand: Neu - Neuer, unbenutzter und unbesch\u00e4digter Artikel in der unge\u00f6ffneten Verpackung<\/p>\n<table style=\"border-collapse: collapse;width: 431pt\" width=\"575\">\n<tbody>\n<tr style=\"height: 15.0pt\">\n<td style=\"width: 193pt;height: 15.0pt\" width=\"257\" height=\"20\">Ablaufdatum:<\/td>\n<td class=\"xl65\" style=\"width: 239pt\" width=\"318\">04\/2023<\/td>\n<\/tr>\n<tr style=\"height: 15.0pt\">\n<td style=\"height: 15.0pt\" height=\"20\">Allergene:<\/td>\n<td class=\"xl65\">Fisch, Krebstiere<\/td>\n<\/tr>\n<tr style=\"height: 15.0pt\">\n<td style=\"height: 15.0pt\" height=\"20\">EAN:<\/td>\n<td class=\"xl65\">8437001476367<\/td>\n<\/tr>\n<tr style=\"height: 15.0pt\">\n<td style=\"height: 15.0pt\" height=\"20\">Herstellernummer:<\/td>\n<td class=\"xl65\">ohne Angabe<\/td>\n<\/tr>\n<tr style=\"height: 15.0pt\">\n<td style=\"height: 15.0pt\" height=\"20\">Inhalt:<\/td>\n<td class=\"xl65\">25g<\/td>\n<\/tr>\n<tr style=\"height: 15.0pt\">\n<td style=\"height: 15.0pt\" height=\"20\">Lebensmittelspezifikationen:<\/td>\n<td class=\"xl65\">Vegan<\/td>\n<\/tr>\n<tr style=\"height: 15.0pt\">\n<td style=\"height: 15.0pt\" height=\"20\">Marke:<\/td>\n<td class=\"xl65\">Porto Mui\u00f1os<\/td>\n<\/tr>\n<tr style=\"height: 15.0pt\">\n<td style=\"height: 15.0pt\" height=\"20\">Produkt:<\/td>\n<td class=\"xl65\">Meeresspaghetti<\/td>\n<\/tr>\n<tr style=\"height: 15.0pt\">\n<td style=\"height: 15.0pt\" height=\"20\">Produktart:<\/td>\n<td class=\"xl65\">Dried Seaweed<\/td>\n<\/tr>\n<\/tbody>\n<\/table>","protected":false},"featured_media":77953,"comment_status":"open","ping_status":"closed","template":"","meta":{"_seopress_robots_primary_cat":"","_seopress_titles_title":"","_seopress_titles_desc":"","_seopress_robots_index":""},"product_brand":[],"product_cat":[1730],"product_tag":[],"class_list":{"0":"post-77837","1":"product","2":"type-product","3":"status-publish","4":"has-post-thumbnail","6":"product_cat-sonstiges-2","7":"product_shipping_class-standard-versand","9":"first","10":"instock","11":"sale","12":"taxable","13":"shipping-taxable","14":"purchasable","15":"product-type-simple"},"_links":{"self":[{"href":"https:\/\/www.soanam.de\/pl\/wp-json\/wp\/v2\/product\/77837","targetHints":{"allow":["GET"]}}],"collection":[{"href":"https:\/\/www.soanam.de\/pl\/wp-json\/wp\/v2\/product"}],"about":[{"href":"https:\/\/www.soanam.de\/pl\/wp-json\/wp\/v2\/types\/product"}],"replies":[{"embeddable":true,"href":"https:\/\/www.soanam.de\/pl\/wp-json\/wp\/v2\/comments?post=77837"}],"wp:featuredmedia":[{"embeddable":true,"href":"https:\/\/www.soanam.de\/pl\/wp-json\/wp\/v2\/media\/77953"}],"wp:attachment":[{"href":"https:\/\/www.soanam.de\/pl\/wp-json\/wp\/v2\/media?parent=77837"}],"wp:term":[{"taxonomy":"product_brand","embeddable":true,"href":"https:\/\/www.soanam.de\/pl\/wp-json\/wp\/v2\/product_brand?post=77837"},{"taxonomy":"product_cat","embeddable":true,"href":"https:\/\/www.soanam.de\/pl\/wp-json\/wp\/v2\/product_cat?post=77837"},{"taxonomy":"product_tag","embeddable":true,"href":"https:\/\/www.soanam.de\/pl\/wp-json\/wp\/v2\/product_tag?post=77837"}],"curies":[{"name":"wp","href":"https:\/\/api.w.org\/{rel}","templated":true}]}}