{"id":77827,"date":"2023-12-13T21:01:18","date_gmt":"2023-12-13T20:01:18","guid":{"rendered":"https:\/\/www.soanam.de\/?post_type=product&#038;p=77827"},"modified":"2023-12-13T21:03:44","modified_gmt":"2023-12-13T20:03:44","slug":"shein-crop-cami-top-ze-sloncem-i-ksiezycem-czarny-bialy-rozmiar-s","status":"publish","type":"product","link":"https:\/\/www.soanam.de\/pl\/produkt\/shein-crop-cami-top-mit-sonne-und-mond-schwarz-weiss-gr-s\/","title":{"rendered":"SHEIN Crop Cami Top mit Sonne und Mond, Schwarz &amp; Wei\u00df, Gr. S"},"content":{"rendered":"<h3><strong>Opis produktu<\/strong><\/h3>\n<p>Styl: swobodny<br \/>\nKolor: czarny<br \/>\nMuster : Sonne und Mond<br \/>\nAusschnitt : Spaghettitr\u00e4ger<br \/>\nL\u00e4nge : Crop<br \/>\nTyp: Camisole<br \/>\nSezon: Lato<br \/>\nFit Typ: Schmal geschnitten<br \/>\nMaterialzusammensetzung: 97% Polyester, 3% Elasthan<br \/>\nMateria\u0142: \u0142atwo rozci\u0105gliwy<\/p>\n<p>Das Model tr\u00e4gt Gr\u00f6\u00dfe: S<br \/>\nH\u00f6he: 168cm<br \/>\nBrust : 84cm<\/p>","protected":false},"excerpt":{"rendered":"<h3><strong>Artikelmerkmale<\/strong><\/h3>\n<p>Artikelzustand: Neu ohne Etikett<\/p>\n<table style=\"border-collapse: collapse;width: 863pt\" width=\"1150\">\n<tbody>\n<tr style=\"height: 15.0pt\">\n<td style=\"width: 193pt;height: 15.0pt\" width=\"257\" height=\"20\">Abteilung:<\/td>\n<td class=\"xl65\" style=\"width: 670pt\" width=\"893\">Damen<\/td>\n<\/tr>\n<tr style=\"height: 15.0pt\">\n<td style=\"height: 15.0pt\" height=\"20\">Anlass:<\/td>\n<td class=\"xl65\">Freizeit<\/td>\n<\/tr>\n<tr style=\"height: 15.0pt\">\n<td style=\"height: 15.0pt\" height=\"20\">\u00c4rmell\u00e4nge:<\/td>\n<td class=\"xl65\">Bez r\u0119kaw\u00f3w<\/td>\n<\/tr>\n<tr style=\"height: 15.0pt\">\n<td style=\"height: 15.0pt\" height=\"20\">Ausschnitt:<\/td>\n<td class=\"xl65\">Okr\u0105g\u0142y dekolt<\/td>\n<\/tr>\n<tr style=\"height: 15.0pt\">\n<td style=\"height: 15.0pt\" height=\"20\">Funkcje specjalne:<\/td>\n<td class=\"xl65\">Stretch<\/td>\n<\/tr>\n<tr style=\"height: 15.0pt\">\n<td style=\"height: 15.0pt\" height=\"20\">Kolor:<\/td>\n<td class=\"xl65\">Czarny, bia\u0142y<\/td>\n<\/tr>\n<tr style=\"height: 15.0pt\">\n<td style=\"height: 15.0pt\" height=\"20\">Gewebeart:<\/td>\n<td class=\"xl65\">Mischgewebe<\/td>\n<\/tr>\n<tr style=\"height: 15.0pt\">\n<td style=\"height: 15.0pt\" height=\"20\">Gr\u00f6\u00dfe:<\/td>\n<td class=\"xl65\">S<\/td>\n<\/tr>\n<tr style=\"height: 15.0pt\">\n<td style=\"height: 15.0pt\" height=\"20\">Gr\u00f6\u00dfenkategorie:<\/td>\n<td class=\"xl65\">Normalgr\u00f6\u00dfe<\/td>\n<\/tr>\n<tr style=\"height: 15.0pt\">\n<td style=\"height: 15.0pt\" height=\"20\">Jahreszeit:<\/td>\n<td class=\"xl65\">Sommer<\/td>\n<\/tr>\n<tr style=\"height: 15.0pt\">\n<td style=\"height: 15.0pt\" height=\"20\">Marke:<\/td>\n<td class=\"xl65\">Shein<\/td>\n<\/tr>\n<tr style=\"height: 15.0pt\">\n<td style=\"height: 15.0pt\" height=\"20\">Materia\u0142:<\/td>\n<td class=\"xl65\">97% poliester, 3% elastan<\/td>\n<\/tr>\n<tr style=\"height: 15.0pt\">\n<td style=\"height: 15.0pt\" height=\"20\">Wz\u00f3r:<\/td>\n<td class=\"xl65\">Sonne und Mond<\/td>\n<\/tr>\n<tr style=\"height: 15.0pt\">\n<td style=\"height: 15.0pt\" height=\"20\">Passform:<\/td>\n<td class=\"xl65\">Slim<\/td>\n<\/tr>\n<tr style=\"height: 15.0pt\">\n<td style=\"height: 15.0pt\" height=\"20\">Produktart:<\/td>\n<td class=\"xl65\">Top<\/td>\n<\/tr>\n<tr style=\"height: 15.0pt\">\n<td style=\"height: 15.0pt\" height=\"20\">Stil:<\/td>\n<td class=\"xl65\">Camisole<\/td>\n<\/tr>\n<tr style=\"height: 15.0pt\">\n<td style=\"height: 15.0pt\" height=\"20\">Vintage:<\/td>\n<td class=\"xl65\">Nein<\/td>\n<\/tr>\n<\/tbody>\n<\/table>","protected":false},"featured_media":77943,"comment_status":"open","ping_status":"closed","template":"","meta":{"_seopress_robots_primary_cat":"","_seopress_titles_title":"","_seopress_titles_desc":"","_seopress_robots_index":""},"product_brand":[],"product_cat":[1348,1458,1459],"product_tag":[],"class_list":{"0":"post-77827","1":"product","2":"type-product","3":"status-publish","4":"has-post-thumbnail","6":"product_cat-damen-mode","7":"product_cat-shirts-damen-mode","8":"product_cat-tops-shirts-damen-mode","9":"product_shipping_class-standard-versand","11":"first","12":"instock","13":"sale","14":"taxable","15":"shipping-taxable","16":"purchasable","17":"product-type-simple"},"_links":{"self":[{"href":"https:\/\/www.soanam.de\/pl\/wp-json\/wp\/v2\/product\/77827","targetHints":{"allow":["GET"]}}],"collection":[{"href":"https:\/\/www.soanam.de\/pl\/wp-json\/wp\/v2\/product"}],"about":[{"href":"https:\/\/www.soanam.de\/pl\/wp-json\/wp\/v2\/types\/product"}],"replies":[{"embeddable":true,"href":"https:\/\/www.soanam.de\/pl\/wp-json\/wp\/v2\/comments?post=77827"}],"wp:featuredmedia":[{"embeddable":true,"href":"https:\/\/www.soanam.de\/pl\/wp-json\/wp\/v2\/media\/77943"}],"wp:attachment":[{"href":"https:\/\/www.soanam.de\/pl\/wp-json\/wp\/v2\/media?parent=77827"}],"wp:term":[{"taxonomy":"product_brand","embeddable":true,"href":"https:\/\/www.soanam.de\/pl\/wp-json\/wp\/v2\/product_brand?post=77827"},{"taxonomy":"product_cat","embeddable":true,"href":"https:\/\/www.soanam.de\/pl\/wp-json\/wp\/v2\/product_cat?post=77827"},{"taxonomy":"product_tag","embeddable":true,"href":"https:\/\/www.soanam.de\/pl\/wp-json\/wp\/v2\/product_tag?post=77827"}],"curies":[{"name":"wp","href":"https:\/\/api.w.org\/{rel}","templated":true}]}}