{"id":77808,"date":"2023-12-13T21:00:51","date_gmt":"2023-12-13T20:00:51","guid":{"rendered":"https:\/\/www.soanam.de\/?post_type=product&#038;p=77808"},"modified":"2023-12-13T21:03:16","modified_gmt":"2023-12-13T20:03:16","slug":"dziewczyna-wadzda-pierwszy-film-z-arabii-saudyjskiej-nakrecony-przez-kobiete-dvd","status":"publish","type":"product","link":"https:\/\/www.soanam.de\/pl\/produkt\/das-maedchen-wadjda-der-erste-film-aus-saudi-arabien-gedreht-von-einer-frau-dvd\/","title":{"rendered":"Dziewczyna Wadjda - Pierwszy film z Arabii Saudyjskiej nakr\u0119cony przez kobiet\u0119 - DVD"},"content":{"rendered":"<h3><strong>Opis produktu<\/strong><\/h3>\n<p>Ka\u017cdego dnia, gdy Wadjda idzie do szko\u0142y w swoim rodzinnym mie\u015bcie Rijad, mija sklep z zabawkami sprzedaj\u0105cy zielony rower. Jej serce bije szybciej za ka\u017cdym razem, poniewa\u017c posiadanie tego zielonego roweru oznacza\u0142oby r\u00f3wnie\u017c, \u017ce w ko\u0144cu b\u0119dzie w stanie przeciwstawi\u0107 si\u0119 ch\u0142opcu z s\u0105siedztwa, Abdullahowi, i wyprzedzi\u0107 go tak szybko, jak wiatr. Chocia\u017c dziewczynkom nie wolno je\u017adzi\u0107 na rowerach, Wadjda obmy\u015bla plan zarobienia pieni\u0119dzy na rower, robi\u0105c nielegalne interesy na szkolnym boisku. Ale machinacje Wadjdy zostaj\u0105 odkryte, grozi jej wyrzucenie ze szko\u0142y, a jej nadzieje na zarobienie pieni\u0119dzy zostaj\u0105 zaprzepaszczone. Dziewczyna ma tylko jedn\u0105 szans\u0119: musi wygra\u0107 szkolny konkurs recytacji Koranu, w kt\u00f3rym przewidziana jest wysoka nagroda. Z wielkim zapa\u0142em i pomys\u0142owo\u015bci\u0105 przyst\u0119puje do zadania, by sta\u0107 si\u0119 rzekomo pobo\u017cn\u0105. Nie zwraca wi\u0119c uwagi na problemy swojej matki, kt\u00f3ra stara si\u0119 powstrzyma\u0107 m\u0119\u017ca przed wzi\u0119ciem drugiej \u017cony. Ale podobnie jak jej odwa\u017cna c\u00f3rka, matka Wadjdy r\u00f3wnie\u017c zdaje sobie spraw\u0119, \u017ce ostatecznie jest zdana sama na siebie i musi pod\u0105\u017ca\u0107 kamienist\u0105 \u015bcie\u017ck\u0105, aby walczy\u0107 o samostanowi\u0105c\u0105 przysz\u0142o\u015b\u0107 dla siebie i swojej c\u00f3rki.<\/p>\n<p>Pierwszy pe\u0142nometra\u017cowy film z Arabii Saudyjskiej nakr\u0119cony przez kobiet\u0119! W swoim debiutanckim filmie saudyjska re\u017cyserka i scenarzystka Haifaa Al Mansour opowiada wzruszaj\u0105c\u0105 histori\u0119 dziesi\u0119cioletniej dziewczynki Wadjdy, kt\u00f3ra dorasta na obrze\u017cach Rijadu i udaje jej si\u0119 realizowa\u0107 w\u0142asne marzenia z odwag\u0105 i dowcipem, wbrew surowym konwencjom. Film maluje zr\u00f3\u017cnicowany i autentyczny obraz \u017cycia saudyjskich kobiet i przekazuje unikalny wgl\u0105d w tamtejsz\u0105 kultur\u0119 i spo\u0142ecze\u0144stwo.<\/p>\n<p>\"Ten film to ma\u0142y klejnot!\" (BILD)<\/p>\n<p>\"Prawdziwy cud filmowy z kraju, w kt\u00f3rym nie ma kin\" (TV Spielfilm)<\/p>\n<p>\"Wzruszaj\u0105cy apel o silne dziewczyny i kobiety\" (Stern)<\/p>\n<p>\"Ma\u0142a sensacja\" (S\u00fcddeutsche Zeitung)<\/p>","protected":false},"excerpt":{"rendered":"<h3><strong>Artikelmerkmale<\/strong><\/h3>\n<p>Artikelzustand: Neu - Artikel, dessen Originalverpackung (sofern zutreffend) nicht ge\u00f6ffnet oder entfernt wurde<\/p>\n<table style=\"border-collapse: collapse;width: 863pt\" width=\"1150\">\n<tbody>\n<tr style=\"height: 15.0pt\">\n<td style=\"width: 193pt;height: 15.0pt\" width=\"257\" height=\"20\">Funkcje specjalne:<\/td>\n<td class=\"xl65\" style=\"width: 670pt\" width=\"893\">Full Screen, Mit Untertiteln<\/td>\n<\/tr>\n<tr style=\"height: 15.0pt\">\n<td style=\"height: 15.0pt\" height=\"20\">Darsteller:<\/td>\n<td class=\"xl65\">Reem Abdullah, Waad Mohammed, Abdullrahman Al Gohani<\/td>\n<\/tr>\n<tr style=\"height: 15.0pt\">\n<td style=\"height: 15.0pt\" height=\"20\">EAN:<\/td>\n<td class=\"xl65\">4020628924300<\/td>\n<\/tr>\n<tr style=\"height: 15.0pt\">\n<td style=\"height: 15.0pt\" height=\"20\">Edition:<\/td>\n<td class=\"xl65\">Standardausgabe<\/td>\n<\/tr>\n<tr style=\"height: 15.0pt\">\n<td style=\"height: 15.0pt\" height=\"20\">Erscheinungsjahr:<\/td>\n<td class=\"xl65\">2014<\/td>\n<\/tr>\n<tr style=\"height: 15.0pt\">\n<td style=\"height: 15.0pt\" height=\"20\">Film-\/Fernseh-Titel:<\/td>\n<td class=\"xl65\">Das M\u00e4dchen Wadjda<\/td>\n<\/tr>\n<tr style=\"height: 15.0pt\">\n<td style=\"height: 15.0pt\" height=\"20\">Format:<\/td>\n<td class=\"xl65\">DVD Video<\/td>\n<\/tr>\n<tr style=\"height: 15.0pt\">\n<td style=\"height: 15.0pt\" height=\"20\">FSK-Einstufung:<\/td>\n<td class=\"xl65\">0<\/td>\n<\/tr>\n<tr style=\"height: 15.0pt\">\n<td style=\"height: 15.0pt\" height=\"20\">Genre:<\/td>\n<td class=\"xl65\">Drama<\/td>\n<\/tr>\n<tr style=\"height: 15.0pt\">\n<td style=\"height: 15.0pt\" height=\"20\">Herstellernummer:<\/td>\n<td class=\"xl65\">Nicht zutreffend<\/td>\n<\/tr>\n<tr style=\"height: 15.0pt\">\n<td style=\"height: 15.0pt\" height=\"20\">Herstellungsland und -region:<\/td>\n<td class=\"xl65\">Saudi-Arabien<\/td>\n<\/tr>\n<tr style=\"height: 15.0pt\">\n<td style=\"height: 15.0pt\" height=\"20\">H\u00fcllenart:<\/td>\n<td class=\"xl65\">Kunststoffh\u00fclse<\/td>\n<\/tr>\n<tr style=\"height: 15.0pt\">\n<td style=\"height: 15.0pt\" height=\"20\">Produktart:<\/td>\n<td class=\"xl65\">Film<\/td>\n<\/tr>\n<tr style=\"height: 15.0pt\">\n<td style=\"height: 15.0pt\" height=\"20\">Regionalcode:<\/td>\n<td class=\"xl65\">DVD: 2 (Europa, Japan, Naher Osten\u2026)<\/td>\n<\/tr>\n<tr style=\"height: 15.0pt\">\n<td style=\"height: 15.0pt\" height=\"20\">Regisseur:<\/td>\n<td class=\"xl65\">Haifaa Al-Mansour<\/td>\n<\/tr>\n<tr style=\"height: 15.0pt\">\n<td style=\"height: 15.0pt\" height=\"20\">Spieldauer:<\/td>\n<td class=\"xl65\">93 Min.<\/td>\n<\/tr>\n<tr style=\"height: 15.0pt\">\n<td style=\"height: 15.0pt\" height=\"20\">Sprache:<\/td>\n<td class=\"xl65\">Deutsch, Arabisch<\/td>\n<\/tr>\n<tr style=\"height: 15.0pt\">\n<td style=\"height: 15.0pt\" height=\"20\">Studio:<\/td>\n<td class=\"xl65\">Koch Films<\/td>\n<\/tr>\n<tr style=\"height: 15.0pt\">\n<td style=\"height: 15.0pt\" height=\"20\">Subgenre:<\/td>\n<td class=\"xl65\">Familie<\/td>\n<\/tr>\n<tr style=\"height: 15.0pt\">\n<td style=\"height: 15.0pt\" height=\"20\">Untertitel Sprache:<\/td>\n<td class=\"xl65\">Niemiecki<\/td>\n<\/tr>\n<\/tbody>\n<\/table>","protected":false},"featured_media":77921,"comment_status":"open","ping_status":"closed","template":"","meta":{"_seopress_robots_primary_cat":"","_seopress_titles_title":"","_seopress_titles_desc":"","_seopress_robots_index":""},"product_brand":[],"product_cat":[1423,1424],"product_tag":[],"class_list":{"0":"post-77808","1":"product","2":"type-product","3":"status-publish","4":"has-post-thumbnail","6":"product_cat-multimedia","7":"product_cat-dvds","8":"product_shipping_class-standard-versand","10":"first","11":"instock","12":"sale","13":"taxable","14":"shipping-taxable","15":"purchasable","16":"product-type-simple"},"_links":{"self":[{"href":"https:\/\/www.soanam.de\/pl\/wp-json\/wp\/v2\/product\/77808","targetHints":{"allow":["GET"]}}],"collection":[{"href":"https:\/\/www.soanam.de\/pl\/wp-json\/wp\/v2\/product"}],"about":[{"href":"https:\/\/www.soanam.de\/pl\/wp-json\/wp\/v2\/types\/product"}],"replies":[{"embeddable":true,"href":"https:\/\/www.soanam.de\/pl\/wp-json\/wp\/v2\/comments?post=77808"}],"wp:featuredmedia":[{"embeddable":true,"href":"https:\/\/www.soanam.de\/pl\/wp-json\/wp\/v2\/media\/77921"}],"wp:attachment":[{"href":"https:\/\/www.soanam.de\/pl\/wp-json\/wp\/v2\/media?parent=77808"}],"wp:term":[{"taxonomy":"product_brand","embeddable":true,"href":"https:\/\/www.soanam.de\/pl\/wp-json\/wp\/v2\/product_brand?post=77808"},{"taxonomy":"product_cat","embeddable":true,"href":"https:\/\/www.soanam.de\/pl\/wp-json\/wp\/v2\/product_cat?post=77808"},{"taxonomy":"product_tag","embeddable":true,"href":"https:\/\/www.soanam.de\/pl\/wp-json\/wp\/v2\/product_tag?post=77808"}],"curies":[{"name":"wp","href":"https:\/\/api.w.org\/{rel}","templated":true}]}}