{"id":77786,"date":"2023-12-13T21:00:25","date_gmt":"2023-12-13T20:00:25","guid":{"rendered":"https:\/\/www.soanam.de\/?post_type=product&#038;p=77786"},"modified":"2023-12-13T21:02:47","modified_gmt":"2023-12-13T20:02:47","slug":"susanne-goehlich-bettzeit-ists-wydanie-w-twardej-oprawie-2013-jezyk-niemiecki","status":"publish","type":"product","link":"https:\/\/www.soanam.de\/pl\/produkt\/susanne-goehlich-bettzeit-ists-gebundene-ausgabe-2013-deutsch\/","title":{"rendered":"Susanne G\u00f6hlich - Bettzeit ist's, wydanie w twardej oprawie 2013, niemiecki"},"content":{"rendered":"<h3><strong>Opis produktu<\/strong><\/h3>\n<p><strong>Kartonowa ksi\u0105\u017cka obrazkowa<\/strong><\/p>\n<p>\"Nied\u017awied\u017a polarny zn\u00f3w jest ciep\u0142y, jego r\u0119ka zwisa z lod\u00f3wki\".<\/p>\n<p>Lena chcia\u0142aby i\u015b\u0107 spa\u0107, ale nie ma jej pluszowych zabawek. \u015awinka nadal bawi si\u0119 kolejk\u0105, kacz\u0105tko Ania gaworzy w wannie, a ko\u0144 pije wod\u0119 z makaronu na kuchence. Musi wi\u0119c szuka\u0107 jednej pluszowej zabawki po drugiej i przygotowywa\u0107 je do spania, a\u017c w ko\u0144cu nadchodzi pora snu: Teraz wszystkie zwierz\u0119ta s\u0105 tutaj i przytulaj\u0105 si\u0119 - cudownie.<br \/>\nUrocza i weso\u0142a kartonowa ksi\u0105\u017cka obrazkowa o sytuacji, kt\u00f3r\u0105 znaj\u0105 wszystkie dzieci, w tym o r\u00f3\u017cnych taktykach op\u00f3\u017aniania.<\/p>\n<p><strong>Szczeg\u00f3\u0142y produktu<\/strong><\/p>\n<p>Oprawa: wydanie w twardej oprawie<br \/>\nLiczba stron: 22<br \/>\nZalecany wiek: 2 - 4 lata<br \/>\nData publikacji: 04\/03\/2013<br \/>\nJ\u0119zyk: niemiecki<br \/>\nISBN: 978-3-89565-258-5<br \/>\nWydawca: Moritz<br \/>\nWymiary (d\u0142.\/szer.\/wys.): 17,2\/17\/1,7 cm<br \/>\nWaga: 231 g<br \/>\nIlustracje: z licznymi kolorowymi zdj\u0119ciami<br \/>\nWydanie: 6<br \/>\nIlustrator: Susanne G\u00f6hlich<\/p>","protected":false},"excerpt":{"rendered":"<h3><strong>Artikelmerkmale<\/strong><\/h3>\n<p>Artikelzustand: Neu - Neues, ungelesenes, ungebrauchtes Buch in makellosem Zustand<\/p>\n<table style=\"border-collapse: collapse;width: 432pt\" width=\"576\">\n<tbody>\n<tr style=\"height: 15.0pt\">\n<td class=\"xl65\" style=\"width: 193pt;height: 15.0pt\" width=\"257\" height=\"20\">Zalecenia dotycz\u0105ce wieku:<\/td>\n<td class=\"xl65\" style=\"width: 239pt\" width=\"319\">2-4 Jahre<\/td>\n<\/tr>\n<tr style=\"height: 15.0pt\">\n<td style=\"height: 15.0pt\" height=\"20\">Anzahl der Seiten:<\/td>\n<td>22 Seiten<\/td>\n<\/tr>\n<tr style=\"height: 15.0pt\">\n<td class=\"xl65\" style=\"height: 15.0pt\" height=\"20\">Autor:<\/td>\n<td class=\"xl65\">Susanne G\u00f6hlich<\/td>\n<\/tr>\n<tr style=\"height: 15.0pt\">\n<td class=\"xl65\" style=\"height: 15.0pt\" height=\"20\">Buchtitel:<\/td>\n<td class=\"xl65\">Bettzeit Ist's<\/td>\n<\/tr>\n<tr style=\"height: 15.0pt\">\n<td class=\"xl65\" style=\"height: 15.0pt\" height=\"20\">W\u0142a\u015bciwo\u015bci:<\/td>\n<td class=\"xl65\">Illustriert<\/td>\n<\/tr>\n<tr style=\"height: 15.0pt\">\n<td class=\"xl65\" style=\"height: 15.0pt\" height=\"20\">Epoche:<\/td>\n<td class=\"xl65\">2010er<\/td>\n<\/tr>\n<tr style=\"height: 15.0pt\">\n<td class=\"xl65\" style=\"height: 15.0pt\" height=\"20\">Erscheinungsjahr:<\/td>\n<td class=\"xl65\">2013<\/td>\n<\/tr>\n<tr style=\"height: 15.0pt\">\n<td class=\"xl65\" style=\"height: 15.0pt\" height=\"20\">Format:<\/td>\n<td class=\"xl65\">Kartonbuch<\/td>\n<\/tr>\n<tr style=\"height: 15.0pt\">\n<td class=\"xl65\" style=\"height: 15.0pt\" height=\"20\">Herstellungsland und -region:<\/td>\n<td class=\"xl65\">Niemcy<\/td>\n<\/tr>\n<tr style=\"height: 15.0pt\">\n<td class=\"xl65\" style=\"height: 15.0pt\" height=\"20\">Illustrator:<\/td>\n<td class=\"xl65\">Susanne G\u00f6hlich<\/td>\n<\/tr>\n<tr style=\"height: 15.0pt\">\n<td class=\"xl65\" style=\"height: 15.0pt\" height=\"20\">ISBN:<\/td>\n<td class=\"xl65\">9783895652585<\/td>\n<\/tr>\n<tr style=\"height: 15.0pt\">\n<td class=\"xl65\" style=\"height: 15.0pt\" height=\"20\">Produktart:<\/td>\n<td class=\"xl65\">Bilder-\/Wimmelbuch<\/td>\n<\/tr>\n<tr style=\"height: 15.0pt\">\n<td class=\"xl65\" style=\"height: 15.0pt\" height=\"20\">Sprache:<\/td>\n<td class=\"xl65\">Niemiecki<\/td>\n<\/tr>\n<tr style=\"height: 15.0pt\">\n<td class=\"xl65\" style=\"height: 15.0pt\" height=\"20\">Thema:<\/td>\n<td class=\"xl65\">Dzieci<\/td>\n<\/tr>\n<tr style=\"height: 15.0pt\">\n<td class=\"xl65\" style=\"height: 15.0pt\" height=\"20\">Themenbereich:<\/td>\n<td class=\"xl65\">Eltern, Ehe &amp; Familie<\/td>\n<\/tr>\n<tr style=\"height: 15.0pt\">\n<td class=\"xl65\" style=\"height: 15.0pt\" height=\"20\">Verlag:<\/td>\n<td class=\"xl65\">Moritz, Moritz Verlag-Gmbh<\/td>\n<\/tr>\n<\/tbody>\n<\/table>","protected":false},"featured_media":77895,"comment_status":"open","ping_status":"closed","template":"","meta":{"_seopress_robots_primary_cat":"","_seopress_titles_title":"","_seopress_titles_desc":"","_seopress_robots_index":""},"product_brand":[],"product_cat":[1428,1431,1432],"product_tag":[],"class_list":{"0":"post-77786","1":"product","2":"type-product","3":"status-publish","4":"has-post-thumbnail","6":"product_cat-buecher","7":"product_cat-kinder","8":"product_cat-bilderbuecher","9":"product_shipping_class-standard-versand","11":"first","12":"instock","13":"taxable","14":"shipping-taxable","15":"purchasable","16":"product-type-simple"},"_links":{"self":[{"href":"https:\/\/www.soanam.de\/pl\/wp-json\/wp\/v2\/product\/77786","targetHints":{"allow":["GET"]}}],"collection":[{"href":"https:\/\/www.soanam.de\/pl\/wp-json\/wp\/v2\/product"}],"about":[{"href":"https:\/\/www.soanam.de\/pl\/wp-json\/wp\/v2\/types\/product"}],"replies":[{"embeddable":true,"href":"https:\/\/www.soanam.de\/pl\/wp-json\/wp\/v2\/comments?post=77786"}],"wp:featuredmedia":[{"embeddable":true,"href":"https:\/\/www.soanam.de\/pl\/wp-json\/wp\/v2\/media\/77895"}],"wp:attachment":[{"href":"https:\/\/www.soanam.de\/pl\/wp-json\/wp\/v2\/media?parent=77786"}],"wp:term":[{"taxonomy":"product_brand","embeddable":true,"href":"https:\/\/www.soanam.de\/pl\/wp-json\/wp\/v2\/product_brand?post=77786"},{"taxonomy":"product_cat","embeddable":true,"href":"https:\/\/www.soanam.de\/pl\/wp-json\/wp\/v2\/product_cat?post=77786"},{"taxonomy":"product_tag","embeddable":true,"href":"https:\/\/www.soanam.de\/pl\/wp-json\/wp\/v2\/product_tag?post=77786"}],"curies":[{"name":"wp","href":"https:\/\/api.w.org\/{rel}","templated":true}]}}