{"id":77785,"date":"2023-12-13T21:00:25","date_gmt":"2023-12-13T20:00:25","guid":{"rendered":"https:\/\/www.soanam.de\/?post_type=product&#038;p=77785"},"modified":"2023-12-13T21:02:45","modified_gmt":"2023-12-13T20:02:45","slug":"louisa-campion-lustgefluester-paperback-german-2020","status":"publish","type":"product","link":"https:\/\/www.soanam.de\/pl\/produkt\/louisa-campion-lustgefluester-taschenbuch-deutsch-2020\/","title":{"rendered":"Louisa Campion \" Lustgefl\u00fcster \" Paperback, niemiecki, 2020"},"content":{"rendered":"<h3><strong>Opis produktu<\/strong><\/h3>\n<p>Pi\u0119kna Sophy lubi nieszkodliwy flirt, ale kiedy spotyka Cygana, gra staje si\u0119 burzliwa i powa\u017cna.<br \/>\nJej siostra Beth nie mo\u017ce tego zrozumie\u0107, dop\u00f3ki sama nie spotyka m\u0119\u017cczyzny, kt\u00f3ry rozpala jej sekretne pragnienie.<\/p>\n<p><strong>szczeg\u00f3\u0142y<\/strong><br \/>\nAutor: Louisa Campion<br \/>\nTytu\u0142: Lustgefl\u00fcster<br \/>\nISBN: 3453875028 (ISBN-13: 9783453875029)<br \/>\nWydawca: Heyne Verlag<br \/>\nFormat: 180x116x22 mm<br \/>\nStron: 208<br \/>\nWaga: 203 g<br \/>\nLokalizacja: Monachium<br \/>\nOk\u0142adka: mi\u0119kka<br \/>\nJ\u0119zyk: niemiecki<\/p>","protected":false},"excerpt":{"rendered":"<h3><strong>Artikelmerkmale<\/strong><\/h3>\n<p>Artikelzustand: Neu - Neues, ungelesenes, ungebrauchtes Buch in makellosem Zustand<\/p>\n<table style=\"border-collapse: collapse; width: 432pt;\" width=\"576\">\n<tbody>\n<tr style=\"height: 15.0pt;\">\n<td class=\"xl65\" style=\"width: 193pt; height: 15.0pt;\" width=\"257\" height=\"20\">Autor:<\/td>\n<td class=\"xl65\" style=\"width: 239pt;\" width=\"319\">Louisa Campion<\/td>\n<\/tr>\n<tr style=\"height: 15.0pt;\">\n<td class=\"xl65\" style=\"height: 15.0pt;\" height=\"20\">Buchtitel:<\/td>\n<td class=\"xl65\">Lustgefl\u00fcster<\/td>\n<\/tr>\n<tr style=\"height: 15.0pt;\">\n<td class=\"xl65\" style=\"height: 15.0pt;\" height=\"20\">Erscheinungsjahr:<\/td>\n<td class=\"xl65\">2020<\/td>\n<\/tr>\n<tr style=\"height: 15.0pt;\">\n<td class=\"xl65\" style=\"height: 15.0pt;\" height=\"20\">Format:<\/td>\n<td class=\"xl65\">Taschenbuch<\/td>\n<\/tr>\n<tr style=\"height: 15.0pt;\">\n<td class=\"xl65\" style=\"height: 15.0pt;\" height=\"20\">Genre:<\/td>\n<td class=\"xl65\">Liebe &amp; Romantik<\/td>\n<\/tr>\n<tr style=\"height: 15.0pt;\">\n<td class=\"xl65\" style=\"height: 15.0pt;\" height=\"20\">Herstellungsland und -region:<\/td>\n<td class=\"xl65\">Niemcy<\/td>\n<\/tr>\n<tr style=\"height: 15.0pt;\">\n<td class=\"xl65\" style=\"height: 15.0pt;\" height=\"20\">ISBN:<\/td>\n<td class=\"xl65\">9783453875029<\/td>\n<\/tr>\n<tr style=\"height: 15.0pt;\">\n<td class=\"xl65\" style=\"height: 15.0pt;\" height=\"20\">Literarische Gattung:<\/td>\n<td class=\"xl65\">Belletristik<\/td>\n<\/tr>\n<tr style=\"height: 15.0pt;\">\n<td class=\"xl65\" style=\"height: 15.0pt;\" height=\"20\">Produktart:<\/td>\n<td class=\"xl65\">Roman<\/td>\n<\/tr>\n<tr style=\"height: 15.0pt;\">\n<td class=\"xl65\" style=\"height: 15.0pt;\" height=\"20\">Sprache:<\/td>\n<td class=\"xl65\">Niemiecki<\/td>\n<\/tr>\n<tr style=\"height: 15.0pt;\">\n<td class=\"xl65\" style=\"height: 15.0pt;\" height=\"20\">Thematik:<\/td>\n<td class=\"xl65\">verborgene Leidenschaft<\/td>\n<\/tr>\n<tr style=\"height: 15.0pt;\">\n<td class=\"xl65\" style=\"height: 15.0pt;\" height=\"20\">Verlag:<\/td>\n<td class=\"xl65\">Heyne<\/td>\n<\/tr>\n<tr style=\"height: 15.0pt;\">\n<td class=\"xl65\" style=\"height: 15.0pt;\" height=\"20\">Zielgruppe:<\/td>\n<td class=\"xl65\">Doro\u015bli<\/td>\n<\/tr>\n<\/tbody>\n<\/table>","protected":false},"featured_media":77893,"comment_status":"open","ping_status":"closed","template":"","meta":{"_seopress_robots_primary_cat":"","_seopress_titles_title":"","_seopress_titles_desc":"","_seopress_robots_index":""},"product_brand":[],"product_cat":[1428,1429,1434,1451,1452],"product_tag":[346],"class_list":{"0":"post-77785","1":"product","2":"type-product","3":"status-publish","4":"has-post-thumbnail","6":"product_cat-buecher","7":"product_cat-jugend","8":"product_cat-erwachsene","9":"product_cat-romane","10":"product_cat-romane-jugend","11":"product_tag-346","12":"product_shipping_class-standard-versand","14":"first","15":"instock","16":"taxable","17":"shipping-taxable","18":"purchasable","19":"product-type-simple"},"_links":{"self":[{"href":"https:\/\/www.soanam.de\/pl\/wp-json\/wp\/v2\/product\/77785","targetHints":{"allow":["GET"]}}],"collection":[{"href":"https:\/\/www.soanam.de\/pl\/wp-json\/wp\/v2\/product"}],"about":[{"href":"https:\/\/www.soanam.de\/pl\/wp-json\/wp\/v2\/types\/product"}],"replies":[{"embeddable":true,"href":"https:\/\/www.soanam.de\/pl\/wp-json\/wp\/v2\/comments?post=77785"}],"wp:featuredmedia":[{"embeddable":true,"href":"https:\/\/www.soanam.de\/pl\/wp-json\/wp\/v2\/media\/77893"}],"wp:attachment":[{"href":"https:\/\/www.soanam.de\/pl\/wp-json\/wp\/v2\/media?parent=77785"}],"wp:term":[{"taxonomy":"product_brand","embeddable":true,"href":"https:\/\/www.soanam.de\/pl\/wp-json\/wp\/v2\/product_brand?post=77785"},{"taxonomy":"product_cat","embeddable":true,"href":"https:\/\/www.soanam.de\/pl\/wp-json\/wp\/v2\/product_cat?post=77785"},{"taxonomy":"product_tag","embeddable":true,"href":"https:\/\/www.soanam.de\/pl\/wp-json\/wp\/v2\/product_tag?post=77785"}],"curies":[{"name":"wp","href":"https:\/\/api.w.org\/{rel}","templated":true}]}}