{"id":77784,"date":"2023-12-13T21:00:24","date_gmt":"2023-12-13T20:00:24","guid":{"rendered":"https:\/\/www.soanam.de\/?post_type=product&#038;p=77784"},"modified":"2023-12-13T21:02:42","modified_gmt":"2023-12-13T20:02:42","slug":"dzieciece-spodnie-do-biegania-z-szerokim-elastycznym-pasem-w-kolorze-granatowym-rozmiar-80","status":"publish","type":"product","link":"https:\/\/www.soanam.de\/pl\/produkt\/baby-jogginghose-mit-breitem-elastischen-bund-in-marineblau-groesse-80\/","title":{"rendered":"Dzieci\u0119ce spodnie do biegania z szerok\u0105 gumk\u0105 w pasie, granatowe, rozmiar 80"},"content":{"rendered":"<h3><strong>Opis produktu<\/strong><\/h3>\n<p>Dzieci\u0119ce spodnie do biegania z mi\u0119kkiego d\u017cerseju, z bardzo szerokim pasem i pr\u0105\u017ckowanymi brzegami.<br \/>\nPrz\u00f3d zdobi\u0105 2 ozdobne guziki.<\/p>\n<p><strong>szczeg\u00f3\u0142y<\/strong><br \/>\nTyp pasa: Elastyczny pas w talii<br \/>\nKszta\u0142t nogawki: regularny, wygodny, ponadczasowy kr\u00f3j z prost\u0105 nogawk\u0105<br \/>\nD\u0142ugo\u015b\u0107: normalna d\u0142ugo\u015b\u0107<br \/>\nWz\u00f3r: bez wzoru<br \/>\nAkcenty: przyciski<\/p>\n<p><strong>Materia\u0142 i piel\u0119gnacja<\/strong><br \/>\n100% Bawe\u0142na<br \/>\nPranie w pralce<\/p>","protected":false},"excerpt":{"rendered":"<h3><strong>Artikelmerkmale<\/strong><\/h3>\n<p>Artikelzustand: Neu ohne Etikett - \u201cNeuer und ungetragener Artikel, ohne Etikett, da Kundenr\u00fcckl\u00e4ufer\u201d<\/p>\n<table style=\"border-collapse: collapse;width: 432pt\" width=\"576\">\n<tbody>\n<tr style=\"height: 15.0pt\">\n<td class=\"xl65\" style=\"width: 193pt;height: 15.0pt\" width=\"257\" height=\"20\">Abteilung:<\/td>\n<td class=\"xl65\" style=\"width: 239pt\" width=\"319\">Baby<\/td>\n<\/tr>\n<tr style=\"height: 15.0pt\">\n<td class=\"xl65\" style=\"height: 15.0pt\" height=\"20\">Aktivit\u00e4t:<\/td>\n<td class=\"xl65\">Krabbeln<\/td>\n<\/tr>\n<tr style=\"height: 15.0pt\">\n<td class=\"xl65\" style=\"height: 15.0pt\" height=\"20\">Anlass:<\/td>\n<td class=\"xl65\">Freizeit<\/td>\n<\/tr>\n<tr style=\"height: 15.0pt\">\n<td class=\"xl65\" style=\"height: 15.0pt\" height=\"20\">Funkcje specjalne:<\/td>\n<td class=\"xl65\">Elastyczny pas<\/td>\n<\/tr>\n<tr style=\"height: 15.0pt\">\n<td class=\"xl65\" style=\"height: 15.0pt\" height=\"20\">Kolor:<\/td>\n<td class=\"xl65\">Niebieski<\/td>\n<\/tr>\n<tr style=\"height: 15.0pt\">\n<td class=\"xl65\" style=\"height: 15.0pt\" height=\"20\">Gr\u00f6\u00dfe:<\/td>\n<td class=\"xl65\">80<\/td>\n<\/tr>\n<tr style=\"height: 15.0pt\">\n<td class=\"xl65\" style=\"height: 15.0pt\" height=\"20\">Marke:<\/td>\n<td class=\"xl65\">C&amp;A<\/td>\n<\/tr>\n<tr style=\"height: 15.0pt\">\n<td class=\"xl65\" style=\"height: 15.0pt\" height=\"20\">Materia\u0142:<\/td>\n<td class=\"xl65\">100% Bawe\u0142na<\/td>\n<\/tr>\n<tr style=\"height: 15.0pt\">\n<td class=\"xl65\" style=\"height: 15.0pt\" height=\"20\">Produktart:<\/td>\n<td class=\"xl65\">Spodnie<\/td>\n<\/tr>\n<tr style=\"height: 15.0pt\">\n<td class=\"xl65\" style=\"height: 15.0pt\" height=\"20\">Schrittl\u00e4nge:<\/td>\n<td class=\"xl65\">ohne Angabe<\/td>\n<\/tr>\n<tr style=\"height: 15.0pt\">\n<td class=\"xl65\" style=\"height: 15.0pt\" height=\"20\">Stil:<\/td>\n<td class=\"xl65\">Jogginghose<\/td>\n<\/tr>\n<tr style=\"height: 15.0pt\">\n<td class=\"xl65\" style=\"height: 15.0pt\" height=\"20\">Vintage:<\/td>\n<td class=\"xl65\">Nein<\/td>\n<\/tr>\n<\/tbody>\n<\/table>\n<p>&nbsp;<\/p>","protected":false},"featured_media":77890,"comment_status":"open","ping_status":"closed","template":"","meta":{"_seopress_robots_primary_cat":"","_seopress_titles_title":"","_seopress_titles_desc":"","_seopress_robots_index":""},"product_brand":[],"product_cat":[1351,1372,1450],"product_tag":[],"class_list":{"0":"post-77784","1":"product","2":"type-product","3":"status-publish","4":"has-post-thumbnail","6":"product_cat-kindermode","7":"product_cat-sportbekleidung-kindermode","8":"product_cat-jogginghosen","9":"product_shipping_class-standard-versand","11":"first","12":"instock","13":"sale","14":"taxable","15":"shipping-taxable","16":"purchasable","17":"product-type-simple"},"_links":{"self":[{"href":"https:\/\/www.soanam.de\/pl\/wp-json\/wp\/v2\/product\/77784","targetHints":{"allow":["GET"]}}],"collection":[{"href":"https:\/\/www.soanam.de\/pl\/wp-json\/wp\/v2\/product"}],"about":[{"href":"https:\/\/www.soanam.de\/pl\/wp-json\/wp\/v2\/types\/product"}],"replies":[{"embeddable":true,"href":"https:\/\/www.soanam.de\/pl\/wp-json\/wp\/v2\/comments?post=77784"}],"wp:featuredmedia":[{"embeddable":true,"href":"https:\/\/www.soanam.de\/pl\/wp-json\/wp\/v2\/media\/77890"}],"wp:attachment":[{"href":"https:\/\/www.soanam.de\/pl\/wp-json\/wp\/v2\/media?parent=77784"}],"wp:term":[{"taxonomy":"product_brand","embeddable":true,"href":"https:\/\/www.soanam.de\/pl\/wp-json\/wp\/v2\/product_brand?post=77784"},{"taxonomy":"product_cat","embeddable":true,"href":"https:\/\/www.soanam.de\/pl\/wp-json\/wp\/v2\/product_cat?post=77784"},{"taxonomy":"product_tag","embeddable":true,"href":"https:\/\/www.soanam.de\/pl\/wp-json\/wp\/v2\/product_tag?post=77784"}],"curies":[{"name":"wp","href":"https:\/\/api.w.org\/{rel}","templated":true}]}}