{"id":77783,"date":"2023-12-13T21:00:24","date_gmt":"2023-12-13T20:00:24","guid":{"rendered":"https:\/\/www.soanam.de\/?post_type=product&#038;p=77783"},"modified":"2023-12-13T21:02:39","modified_gmt":"2023-12-13T20:02:39","slug":"lavana-rajstopy-z-dzianiny-sciagaczowej-w-zestawie-2-sztuk-w-kolorze-czarnym-rozmiar-36-38","status":"publish","type":"product","link":"https:\/\/www.soanam.de\/pl\/produkt\/lavana-ripp-strick-strumpfhose-im-2er-pack-in-schwarz-groesse-36-38\/","title":{"rendered":"Rajstopy Lavana z dzianiny \u015bci\u0105gaczowej w zestawie 2 sztuk, w kolorze czarnym, rozmiar 36\/38"},"content":{"rendered":"<p>Rajstopy dziane w podw\u00f3jnym opakowaniu<br \/>\nW strukturze \u017cebrowanej<br \/>\nMi\u0119kki \u015bci\u0105gacz w pasie<br \/>\nMi\u0119kki materia\u0142 o wysokiej zawarto\u015bci bawe\u0142ny<\/p>\n<p>Dzianinowe rajstopy Lavana w praktycznym 2-paku utrzymuj\u0105 nogi w cieple dzi\u0119ki mi\u0119kkiej jako\u015bci i modnej pr\u0105\u017ckowanej strukturze.<br \/>\nMi\u0119kki \u015bci\u0105gacz w pasie nie wcina si\u0119 i gwarantuje dobre dopasowanie.<br \/>\nWysoka zawarto\u015b\u0107 bawe\u0142ny sprawia, \u017ce rajstopy s\u0105 przyjemnie mi\u0119kkie i oddychaj\u0105ce.<\/p>\n<p>Materia\u0142: bawe\u0142na 83%, poliamid 15%, elastan 2%<br \/>\nWskaz\u00f3wki dotycz\u0105ce piel\u0119gnacji: Mo\u017cna pra\u0107 w pralce w temperaturze 40\u00b0<\/p>\n<p>Kolor: czarny<br \/>\nRozmiar: EUR 36\/38<\/p>","protected":false},"excerpt":{"rendered":"<table class=\"dv_characteristicsTable\">\n<tbody>\n<tr>\n<td class=\"left\">Rozmiar<\/td>\n<td>36\/38<\/td>\n<\/tr>\n<tr>\n<td class=\"left\">Gr\u00f6\u00dfentyp<\/td>\n<td>Normalgr\u00f6\u00dfen<\/td>\n<\/tr>\n<\/tbody>\n<\/table>\n<table class=\"dv_characteristicsTable\">\n<tbody>\n<tr>\n<td class=\"left\">Kolor<\/td>\n<td>schwarz<\/td>\n<\/tr>\n<tr>\n<td class=\"left\">Farbe Packst\u00fcck 2<\/td>\n<td>schwarz<\/td>\n<\/tr>\n<\/tbody>\n<\/table>\n<table class=\"dv_characteristicsTable\">\n<tbody>\n<tr>\n<td class=\"left\">Dopasowanie<\/td>\n<td>elastisch<\/td>\n<\/tr>\n<tr>\n<td class=\"left\">Art B\u00fcndchen<\/td>\n<td>gerippt<\/td>\n<\/tr>\n<tr>\n<td class=\"left\">Funkcje<\/td>\n<td>optimaler Halt<\/td>\n<\/tr>\n<tr>\n<td class=\"left\">Instrukcje dotycz\u0105ce piel\u0119gnacji<\/td>\n<td>Pranie w pralce<\/td>\n<\/tr>\n<\/tbody>\n<\/table>\n<table class=\"dv_characteristicsTable\">\n<tbody>\n<tr>\n<td class=\"left\">Sk\u0142ad materia\u0142u<\/td>\n<td>Obermaterial: 83% Baumwolle\u00a0, 15% Polyamid, 2% Elasthan<\/td>\n<\/tr>\n<tr>\n<td class=\"left\">Art Material<\/td>\n<td>Rippstrick<br \/>\nRippware<br \/>\nStrick<\/td>\n<\/tr>\n<\/tbody>\n<\/table>\n<table class=\"dv_characteristicsTable\">\n<tbody>\n<tr>\n<td class=\"left\">Tragegef\u00fchl<\/td>\n<td>w\u00e4rmend<\/td>\n<\/tr>\n<\/tbody>\n<\/table>","protected":false},"featured_media":77886,"comment_status":"open","ping_status":"closed","template":"","meta":{"_seopress_robots_primary_cat":"","_seopress_titles_title":"","_seopress_titles_desc":"","_seopress_robots_index":""},"product_brand":[],"product_cat":[1348,1444,1445],"product_tag":[],"class_list":{"0":"post-77783","1":"product","2":"type-product","3":"status-publish","4":"has-post-thumbnail","6":"product_cat-damen-mode","7":"product_cat-unterwaesche","8":"product_cat-strumpfhosen","9":"product_shipping_class-standard-versand","11":"first","12":"instock","13":"sale","14":"taxable","15":"shipping-taxable","16":"purchasable","17":"product-type-simple"},"_links":{"self":[{"href":"https:\/\/www.soanam.de\/pl\/wp-json\/wp\/v2\/product\/77783","targetHints":{"allow":["GET"]}}],"collection":[{"href":"https:\/\/www.soanam.de\/pl\/wp-json\/wp\/v2\/product"}],"about":[{"href":"https:\/\/www.soanam.de\/pl\/wp-json\/wp\/v2\/types\/product"}],"replies":[{"embeddable":true,"href":"https:\/\/www.soanam.de\/pl\/wp-json\/wp\/v2\/comments?post=77783"}],"wp:featuredmedia":[{"embeddable":true,"href":"https:\/\/www.soanam.de\/pl\/wp-json\/wp\/v2\/media\/77886"}],"wp:attachment":[{"href":"https:\/\/www.soanam.de\/pl\/wp-json\/wp\/v2\/media?parent=77783"}],"wp:term":[{"taxonomy":"product_brand","embeddable":true,"href":"https:\/\/www.soanam.de\/pl\/wp-json\/wp\/v2\/product_brand?post=77783"},{"taxonomy":"product_cat","embeddable":true,"href":"https:\/\/www.soanam.de\/pl\/wp-json\/wp\/v2\/product_cat?post=77783"},{"taxonomy":"product_tag","embeddable":true,"href":"https:\/\/www.soanam.de\/pl\/wp-json\/wp\/v2\/product_tag?post=77783"}],"curies":[{"name":"wp","href":"https:\/\/api.w.org\/{rel}","templated":true}]}}