{"id":77758,"date":"2023-12-13T20:59:57","date_gmt":"2023-12-13T19:59:57","guid":{"rendered":"https:\/\/www.soanam.de\/?post_type=product&#038;p=77758"},"modified":"2023-12-13T21:02:22","modified_gmt":"2023-12-13T20:02:22","slug":"groh-maly-cud-dorasta-segregator-niemiecki-2019","status":"publish","type":"product","link":"https:\/\/www.soanam.de\/pl\/produkt\/groh-ein-kleines-wunder-waechst-heran-ringbuch-deutsch-2019\/","title":{"rendered":"GROH Ma\u0142y cud dorasta, segregator ringowy, niemiecki, 2019"},"content":{"rendered":"<h3><strong>Opis produktu<\/strong><\/h3>\n<p>Moje ci\u0105\u017cowe odliczanie tydzie\u0144 po tygodniu<\/p>\n<p>Ci\u0105\u017ca to wspania\u0142a rzecz - ekscytuj\u0105ca i ca\u0142kowicie niepor\u00f3wnywalna, niezale\u017cnie od tego, czy jest to Tw\u00f3j pierwszy raz, czy ju\u017c urodzi\u0142a\u015b dziecko. Dzi\u0119ki temu dekoracyjnemu wy\u015bwietlaczowi przysz\u0142e mamy mog\u0105 \u015bwi\u0119towa\u0107 swoj\u0105 ci\u0105\u017c\u0119 tydzie\u0144 po tygodniu i cieszy\u0107 si\u0119 oczekiwaniem. \"Ma\u0142y cud ro\u015bnie\" zawiera odliczanie dni do porodu, a tak\u017ce praktyczne wskaz\u00f3wki z kr\u00f3tkimi, informacyjnymi tekstami na temat ci\u0105\u017cy. Odliczanie ci\u0105\u017cowe ma nowoczesny projekt graficzny i jest wspania\u0142ym prezentem dla kobiet w ci\u0105\u017cy lub dla siebie w ekscytuj\u0105cych dniach poprzedzaj\u0105cych por\u00f3d.<\/p>\n<p><strong>Etykietowanie produkt\u00f3w<\/strong><br \/>\nWydawca: zesp\u00f3\u0142 redakcyjny Groh<br \/>\nISBN-10: 3848523841<br \/>\nISBN-13: 9783848523849<\/p>\n<p><strong>G\u0142\u00f3wne cechy produktu<\/strong><br \/>\nJ\u0119zyk: niemiecki<br \/>\nLiczba stron: 52 strony<br \/>\nWydawca: Groh, Groh Verlag, Groh Verlag Gmbh<br \/>\nAutor: zesp\u00f3\u0142 redakcyjny Groh<br \/>\nTytu\u0142 ksi\u0105\u017cki: Ma\u0142y cud dorasta.<br \/>\nFormat: mi\u0119kka oprawa<br \/>\nRok publikacji: 2019<\/p>\n<p><strong>Dodatkowe cechy produktu<\/strong><br \/>\nd\u0142\/szer\/wys: 14cm\/11cm\/2cm<br \/>\nWaga produktu: 168g<\/p>","protected":false},"excerpt":{"rendered":"<h3><strong>Artikelmerkmale<\/strong><\/h3>\n<p>Artikelzustand: Neu - Neues, ungelesenes, ungebrauchtes Buch in makellosem Zustand<\/p>\n<table style=\"border-collapse: collapse;width: 432pt\" width=\"576\">\n<tbody>\n<tr style=\"height: 15.0pt\">\n<td style=\"width: 193pt;height: 15.0pt\" width=\"257\" height=\"20\">Anzahl der Seiten:<\/td>\n<td style=\"width: 239pt\" width=\"319\">52 Seiten<\/td>\n<\/tr>\n<tr style=\"height: 15.0pt\">\n<td class=\"xl65\" style=\"height: 15.0pt\" height=\"20\">Autor:<\/td>\n<td class=\"xl65\">Groh Redaktionsteam<\/td>\n<\/tr>\n<tr style=\"height: 15.0pt\">\n<td class=\"xl65\" style=\"height: 15.0pt\" height=\"20\">Funkcje specjalne:<\/td>\n<td class=\"xl65\">Ringbuch<\/td>\n<\/tr>\n<tr style=\"height: 15.0pt\">\n<td class=\"xl65\" style=\"height: 15.0pt\" height=\"20\">Buchtitel:<\/td>\n<td class=\"xl65\">Ein Kleines Wunder W\u00e4chst Heran.<\/td>\n<\/tr>\n<tr style=\"height: 15.0pt\">\n<td class=\"xl65\" style=\"height: 15.0pt\" height=\"20\">Erscheinungsjahr:<\/td>\n<td class=\"xl65\">2019<\/td>\n<\/tr>\n<tr style=\"height: 15.0pt\">\n<td class=\"xl65\" style=\"height: 15.0pt\" height=\"20\">Format:<\/td>\n<td class=\"xl65\">Taschenbuch<\/td>\n<\/tr>\n<tr style=\"height: 15.0pt\">\n<td class=\"xl65\" style=\"height: 15.0pt\" height=\"20\">Genre:<\/td>\n<td class=\"xl65\">Eltern, Ehe &amp; Familie<\/td>\n<\/tr>\n<tr style=\"height: 15.0pt\">\n<td class=\"xl65\" style=\"height: 15.0pt\" height=\"20\">Waga:<\/td>\n<td class=\"xl65\">168<\/td>\n<\/tr>\n<tr style=\"height: 15.0pt\">\n<td class=\"xl65\" style=\"height: 15.0pt\" height=\"20\">Herstellungsland und -region:<\/td>\n<td class=\"xl65\">Niemcy<\/td>\n<\/tr>\n<tr style=\"height: 15.0pt\">\n<td class=\"xl65\" style=\"height: 15.0pt\" height=\"20\">ISBN:<\/td>\n<td class=\"xl65\">9783848523849<\/td>\n<\/tr>\n<tr style=\"height: 15.0pt\">\n<td class=\"xl65\" style=\"height: 15.0pt\" height=\"20\">Literarische Gattung:<\/td>\n<td class=\"xl65\">Sachbuch<\/td>\n<\/tr>\n<tr style=\"height: 15.0pt\">\n<td class=\"xl65\" style=\"height: 15.0pt\" height=\"20\">Marke:<\/td>\n<td class=\"xl65\">Groh Verlag<\/td>\n<\/tr>\n<tr style=\"height: 15.0pt\">\n<td class=\"xl65\" style=\"height: 15.0pt\" height=\"20\">Produktart:<\/td>\n<td class=\"xl65\">Ksi\u0105\u017cki<\/td>\n<\/tr>\n<tr style=\"height: 15.0pt\">\n<td class=\"xl65\" style=\"height: 15.0pt\" height=\"20\">Sprache:<\/td>\n<td class=\"xl65\">Niemiecki<\/td>\n<\/tr>\n<tr style=\"height: 15.0pt\">\n<td class=\"xl65\" style=\"height: 15.0pt\" height=\"20\">Thematik:<\/td>\n<td class=\"xl65\">Schwangerschaft<\/td>\n<\/tr>\n<tr style=\"height: 15.0pt\">\n<td class=\"xl65\" style=\"height: 15.0pt\" height=\"20\">Verlag:<\/td>\n<td class=\"xl65\">Groh, Groh Verlag, Groh Verlag Gmbh<\/td>\n<\/tr>\n<tr style=\"height: 15.0pt\">\n<td class=\"xl65\" style=\"height: 15.0pt\" height=\"20\">Zielgruppe:<\/td>\n<td class=\"xl65\">Doro\u015bli<\/td>\n<\/tr>\n<\/tbody>\n<\/table>","protected":false},"featured_media":77872,"comment_status":"open","ping_status":"closed","template":"","meta":{"_seopress_robots_primary_cat":"","_seopress_titles_title":"","_seopress_titles_desc":"","_seopress_robots_index":""},"product_brand":[],"product_cat":[1428,1434,1447],"product_tag":[],"class_list":{"0":"post-77758","1":"product","2":"type-product","3":"status-publish","4":"has-post-thumbnail","6":"product_cat-buecher","7":"product_cat-erwachsene","8":"product_cat-ratgeber","9":"product_shipping_class-standard-versand","11":"first","12":"instock","13":"taxable","14":"shipping-taxable","15":"purchasable","16":"product-type-simple"},"_links":{"self":[{"href":"https:\/\/www.soanam.de\/pl\/wp-json\/wp\/v2\/product\/77758","targetHints":{"allow":["GET"]}}],"collection":[{"href":"https:\/\/www.soanam.de\/pl\/wp-json\/wp\/v2\/product"}],"about":[{"href":"https:\/\/www.soanam.de\/pl\/wp-json\/wp\/v2\/types\/product"}],"replies":[{"embeddable":true,"href":"https:\/\/www.soanam.de\/pl\/wp-json\/wp\/v2\/comments?post=77758"}],"wp:featuredmedia":[{"embeddable":true,"href":"https:\/\/www.soanam.de\/pl\/wp-json\/wp\/v2\/media\/77872"}],"wp:attachment":[{"href":"https:\/\/www.soanam.de\/pl\/wp-json\/wp\/v2\/media?parent=77758"}],"wp:term":[{"taxonomy":"product_brand","embeddable":true,"href":"https:\/\/www.soanam.de\/pl\/wp-json\/wp\/v2\/product_brand?post=77758"},{"taxonomy":"product_cat","embeddable":true,"href":"https:\/\/www.soanam.de\/pl\/wp-json\/wp\/v2\/product_cat?post=77758"},{"taxonomy":"product_tag","embeddable":true,"href":"https:\/\/www.soanam.de\/pl\/wp-json\/wp\/v2\/product_tag?post=77758"}],"curies":[{"name":"wp","href":"https:\/\/api.w.org\/{rel}","templated":true}]}}