{"id":77757,"date":"2023-12-13T20:59:57","date_gmt":"2023-12-13T19:59:57","guid":{"rendered":"https:\/\/www.soanam.de\/?post_type=product&#038;p=77757"},"modified":"2023-12-13T21:02:19","modified_gmt":"2023-12-13T20:02:19","slug":"bruno-banani-powerstretch-tregginsy-w-kolorze-czarnym-rozmiar-34","status":"publish","type":"product","link":"https:\/\/www.soanam.de\/pl\/produkt\/bruno-banani-powerstretch-treggings-in-schwarz-groesse-34\/","title":{"rendered":"Bruno Banani powerstretch tregginsy, czarne, rozmiar 34"},"content":{"rendered":"<p>Designerskie spodnie z detalami ze sztucznej sk\u00f3ry<br \/>\nWykonane z mocnego stretchu<br \/>\nZ ozdobnymi przeszyciami z przodu<br \/>\nKlasyczny wzrost<\/p>\n<p>Te spodnie Bruno Banani maj\u0105 \u015bwietn\u0105 sylwetk\u0119.<br \/>\nWykonany jest z wysokiej jako\u015bci \u017cebra Milano, niczym druga sk\u00f3ra. Stylowy, ultrasmuk\u0142y kr\u00f3j charakteryzuje si\u0119 bardzo elastyczn\u0105, j\u0119drn\u0105 jako\u015bci\u0105. Dzi\u0119ki temu spodnie s\u0105 niezwykle wygodne w noszeniu i oferuj\u0105 niezawodne dopasowanie. Opr\u00f3cz szlufek i zapi\u0119\u0107 na guziki w pasie, ozdobne szwy z przodu i naszywane kieszenie z ty\u0142u maj\u0105 stylowe lam\u00f3wki o wygl\u0105dzie sk\u00f3ry.<\/p>\n<p>Materia\u0142: Materia\u0142 zewn\u0119trzny: 68% wiskoza, 28% poliamid, 4% elastan.<br \/>\nObrze\u017ce: poliuretan 100%<br \/>\nWskaz\u00f3wki dotycz\u0105ce piel\u0119gnacji: Mo\u017cna pra\u0107 w pralce w temperaturze 40\u00b0<\/p>\n<p>Kolor: czarny<br \/>\nRozmiar: EUR 34<\/p>\n<p>Rozmiar talii: 71 cm<br \/>\nObw\u00f3d bioder: 80 cm<br \/>\nD\u0142ugo\u015b\u0107 stopnia: 78 cm<br \/>\nCa\u0142kowita d\u0142ugo\u015b\u0107: 101 cm<\/p>\n<p>&nbsp;<\/p>\n<p>Ten nowy przedmiot jest zwrotem klienta bez etykiety.<\/p>","protected":false},"excerpt":{"rendered":"<table class=\"dv_characteristicsTable\">\n<tbody>\n<tr>\n<td class=\"left\">Rozmiar<\/td>\n<td>34 (XS)<\/td>\n<\/tr>\n<tr>\n<td class=\"left\">Gr\u00f6\u00dfentyp<\/td>\n<td>Normalgr\u00f6\u00dfen<\/td>\n<\/tr>\n<tr>\n<td class=\"left\">Sk\u0142ad materia\u0142u<\/td>\n<td>Materia\u0142 cholewki: 68% wiskoza, 28% poliamid, 4% elastan. Kraw\u0119d\u017a: poliuretan 100%<\/td>\n<\/tr>\n<tr>\n<td class=\"left\">Materialart<\/td>\n<td>Milano Ripp<\/td>\n<\/tr>\n<tr>\n<td class=\"left\">Instrukcje dotycz\u0105ce piel\u0119gnacji<\/td>\n<td>Pranie w pralce<\/td>\n<\/tr>\n<tr>\n<td class=\"left\">Optik<\/td>\n<td>unifarben<\/td>\n<\/tr>\n<tr>\n<td class=\"left\">Stil<\/td>\n<td>modisch<\/td>\n<\/tr>\n<tr>\n<td class=\"left\">Kolor<\/td>\n<td>schwarz<\/td>\n<\/tr>\n<tr>\n<td class=\"left\">Leibh\u00f6he<\/td>\n<td>klassisch<\/td>\n<\/tr>\n<tr>\n<td class=\"left\">Bundabschluss<\/td>\n<td>abgestepptes B\u00fcndchen<\/td>\n<\/tr>\n<tr>\n<td class=\"left\">Beinabschluss<\/td>\n<td>durchgesteppt<\/td>\n<\/tr>\n<tr>\n<td class=\"left\">Beinform<\/td>\n<td>schmal<\/td>\n<\/tr>\n<tr>\n<td class=\"left\">Dopasowanie<\/td>\n<td>eng<\/td>\n<\/tr>\n<tr>\n<td class=\"left\">Schnittform L\u00e4nge<\/td>\n<td>kn\u00f6chellang<\/td>\n<\/tr>\n<tr>\n<td class=\"left\">Torby<\/td>\n<td>aufgesetzte Taschen<\/td>\n<\/tr>\n<tr>\n<td class=\"left\">Verschluss<\/td>\n<td>Rei\u00dfverschluss, 1-Knopf-Form<\/td>\n<\/tr>\n<tr>\n<td class=\"left\">Besondere Merkmale<\/td>\n<td>Slim-Fit-Hose \"Power-Stretch\"<\/td>\n<\/tr>\n<\/tbody>\n<\/table>","protected":false},"featured_media":77867,"comment_status":"open","ping_status":"closed","template":"","meta":{"_seopress_robots_primary_cat":"","_seopress_titles_title":"","_seopress_titles_desc":"","_seopress_robots_index":""},"product_brand":[],"product_cat":[1348,1349,1446],"product_tag":[],"class_list":{"0":"post-77757","1":"product","2":"type-product","3":"status-publish","4":"has-post-thumbnail","6":"product_cat-damen-mode","7":"product_cat-hosen-damen-mode","8":"product_cat-treggings","9":"product_shipping_class-standard-versand","11":"first","12":"instock","13":"taxable","14":"shipping-taxable","15":"purchasable","16":"product-type-simple"},"_links":{"self":[{"href":"https:\/\/www.soanam.de\/pl\/wp-json\/wp\/v2\/product\/77757","targetHints":{"allow":["GET"]}}],"collection":[{"href":"https:\/\/www.soanam.de\/pl\/wp-json\/wp\/v2\/product"}],"about":[{"href":"https:\/\/www.soanam.de\/pl\/wp-json\/wp\/v2\/types\/product"}],"replies":[{"embeddable":true,"href":"https:\/\/www.soanam.de\/pl\/wp-json\/wp\/v2\/comments?post=77757"}],"wp:featuredmedia":[{"embeddable":true,"href":"https:\/\/www.soanam.de\/pl\/wp-json\/wp\/v2\/media\/77867"}],"wp:attachment":[{"href":"https:\/\/www.soanam.de\/pl\/wp-json\/wp\/v2\/media?parent=77757"}],"wp:term":[{"taxonomy":"product_brand","embeddable":true,"href":"https:\/\/www.soanam.de\/pl\/wp-json\/wp\/v2\/product_brand?post=77757"},{"taxonomy":"product_cat","embeddable":true,"href":"https:\/\/www.soanam.de\/pl\/wp-json\/wp\/v2\/product_cat?post=77757"},{"taxonomy":"product_tag","embeddable":true,"href":"https:\/\/www.soanam.de\/pl\/wp-json\/wp\/v2\/product_tag?post=77757"}],"curies":[{"name":"wp","href":"https:\/\/api.w.org\/{rel}","templated":true}]}}