{"id":77737,"date":"2023-12-13T20:59:33","date_gmt":"2023-12-13T19:59:33","guid":{"rendered":"https:\/\/www.soanam.de\/?post_type=product&#038;p=77737"},"modified":"2023-12-13T21:02:11","modified_gmt":"2023-12-13T20:02:11","slug":"balea-straffende-hydrogel-gesichtsmaske-mit-diamantpuder-und-hyaluron-2er-pack","status":"publish","type":"product","link":"https:\/\/www.soanam.de\/pl\/produkt\/balea-straffende-hydrogel-gesichtsmaske-mit-diamantpuder-und-hyaluron-2er-pack\/","title":{"rendered":"Balea uj\u0119drniaj\u0105ca hydro\u017celowa maska do twarzy z proszkiem diamentowym i kwasem hialuronowym, opakowanie 2 szt."},"content":{"rendered":"<h3><strong>Opis produktu<\/strong><\/h3>\n<p>F\u00fcr strahlend sch\u00f6ne Haut<br \/>\nMit der besonderen Kraft der Edelsteine<br \/>\nMit Diamant-Puder<\/p>\n<p>Die Balea Hydrogel Gesichtsmaske Diamant enth\u00e4lt Diamant-Puder und Hyaluron. So sorgt sie, mit der besonderen Kraft der Edelsteine, f\u00fcr strahlend sch\u00f6ne Haut.<\/p>\n<p><strong>Cechy produktu<\/strong><br \/>\nHauttyp: Normaler \/ Jeder Hauttyp<br \/>\nProdukteigenschaften: Besonders f\u00fcr das Gesicht geeignet, Ohne Parabene, Ohne Paraffine \/ Mineral\u00f6le, Vegan<br \/>\nTextur \/ Konsistenz \/ Applikation: Gel<\/p>","protected":false},"excerpt":{"rendered":"<p>Artikelmerkmale<\/p>\n<p>Artikelzustand: Neu - Neuer, unbenutzter und unbesch\u00e4digter Artikel in nicht ge\u00f6ffneter Originalverpackung<\/p>\n<table style=\"border-collapse: collapse;width: 432pt\" width=\"576\">\n<tbody>\n<tr style=\"height: 15.0pt\">\n<td class=\"xl65\" style=\"width: 193pt;height: 15.0pt\" width=\"257\" height=\"20\">Funkcje specjalne:<\/td>\n<td class=\"xl65\" style=\"width: 239pt\" width=\"319\">mit Diamantpuder<\/td>\n<\/tr>\n<tr style=\"height: 15.0pt\">\n<td class=\"xl65\" style=\"height: 15.0pt\" height=\"20\">EAN:<\/td>\n<td class=\"xl65\">4058172485800<\/td>\n<\/tr>\n<tr style=\"height: 15.0pt\">\n<td style=\"height: 15.0pt\" height=\"20\">Kolor:<\/td>\n<td class=\"xl65\">Bia\u0142y<\/td>\n<\/tr>\n<tr style=\"height: 15.0pt\">\n<td style=\"height: 15.0pt\" height=\"20\">Gr\u00f6\u00dfe:<\/td>\n<td>Standardgr\u00f6\u00dfe<\/td>\n<\/tr>\n<tr style=\"height: 15.0pt\">\n<td class=\"xl65\" style=\"height: 15.0pt\" height=\"20\">Hauptverwendungszweck:<\/td>\n<td class=\"xl65\">straffend<\/td>\n<\/tr>\n<tr style=\"height: 15.0pt\">\n<td class=\"xl65\" style=\"height: 15.0pt\" height=\"20\">Herstellernummer:<\/td>\n<td class=\"xl65\">ohne Angabe<\/td>\n<\/tr>\n<tr style=\"height: 15.0pt\">\n<td class=\"xl65\" style=\"height: 15.0pt\" height=\"20\">Inhalt:<\/td>\n<td class=\"xl65\">50 ml<\/td>\n<\/tr>\n<tr style=\"height: 15.0pt\">\n<td class=\"xl65\" style=\"height: 15.0pt\" height=\"20\">Inhaltsstoffe:<\/td>\n<td class=\"xl65\">Diamond Powder<\/td>\n<\/tr>\n<tr style=\"height: 15.0pt\">\n<td class=\"xl65\" style=\"height: 15.0pt\" height=\"20\">K\u00f6rperbereich:<\/td>\n<td class=\"xl65\">Gesicht<\/td>\n<\/tr>\n<tr style=\"height: 15.0pt\">\n<td class=\"xl65\" style=\"height: 15.0pt\" height=\"20\">Lichtschutzfaktor (LSF):<\/td>\n<td class=\"xl65\">LSF 0<\/td>\n<\/tr>\n<tr style=\"height: 15.0pt\">\n<td class=\"xl65\" style=\"height: 15.0pt\" height=\"20\">Marke:<\/td>\n<td class=\"xl65\">Balea<\/td>\n<\/tr>\n<tr style=\"height: 15.0pt\">\n<td class=\"xl65\" style=\"height: 15.0pt\" height=\"20\">Produktart:<\/td>\n<td class=\"xl65\">Tuchmaske<\/td>\n<\/tr>\n<tr style=\"height: 15.0pt\">\n<td class=\"xl65\" style=\"height: 15.0pt\" height=\"20\">Produktlinie:<\/td>\n<td class=\"xl65\">ohne Angabe<\/td>\n<\/tr>\n<tr style=\"height: 15.0pt\">\n<td class=\"xl65\" style=\"height: 15.0pt\" height=\"20\">Verwendungsdauer:<\/td>\n<td class=\"xl65\">24M<\/td>\n<\/tr>\n<tr style=\"height: 15.0pt\">\n<td class=\"xl65\" style=\"height: 15.0pt\" height=\"20\">Wirksame Inhaltsstoffe:<\/td>\n<td class=\"xl65\">Hyalurons\u00e4ure<\/td>\n<\/tr>\n<\/tbody>\n<\/table>","protected":false},"featured_media":77862,"comment_status":"open","ping_status":"closed","template":"","meta":{"_seopress_robots_primary_cat":"","_seopress_titles_title":"","_seopress_titles_desc":"","_seopress_robots_index":""},"product_brand":[],"product_cat":[1442,1443],"product_tag":[],"class_list":{"0":"post-77737","1":"product","2":"type-product","3":"status-publish","4":"has-post-thumbnail","6":"product_cat-kosmetik","7":"product_cat-gesichtspflege","8":"product_shipping_class-standard-versand","10":"first","11":"instock","12":"sale","13":"taxable","14":"shipping-taxable","15":"purchasable","16":"product-type-simple"},"_links":{"self":[{"href":"https:\/\/www.soanam.de\/pl\/wp-json\/wp\/v2\/product\/77737","targetHints":{"allow":["GET"]}}],"collection":[{"href":"https:\/\/www.soanam.de\/pl\/wp-json\/wp\/v2\/product"}],"about":[{"href":"https:\/\/www.soanam.de\/pl\/wp-json\/wp\/v2\/types\/product"}],"replies":[{"embeddable":true,"href":"https:\/\/www.soanam.de\/pl\/wp-json\/wp\/v2\/comments?post=77737"}],"wp:featuredmedia":[{"embeddable":true,"href":"https:\/\/www.soanam.de\/pl\/wp-json\/wp\/v2\/media\/77862"}],"wp:attachment":[{"href":"https:\/\/www.soanam.de\/pl\/wp-json\/wp\/v2\/media?parent=77737"}],"wp:term":[{"taxonomy":"product_brand","embeddable":true,"href":"https:\/\/www.soanam.de\/pl\/wp-json\/wp\/v2\/product_brand?post=77737"},{"taxonomy":"product_cat","embeddable":true,"href":"https:\/\/www.soanam.de\/pl\/wp-json\/wp\/v2\/product_cat?post=77737"},{"taxonomy":"product_tag","embeddable":true,"href":"https:\/\/www.soanam.de\/pl\/wp-json\/wp\/v2\/product_tag?post=77737"}],"curies":[{"name":"wp","href":"https:\/\/api.w.org\/{rel}","templated":true}]}}