{"id":77735,"date":"2023-12-13T20:59:32","date_gmt":"2023-12-13T19:59:32","guid":{"rendered":"https:\/\/www.soanam.de\/?post_type=product&#038;p=77735"},"modified":"2023-12-13T21:02:05","modified_gmt":"2023-12-13T20:02:05","slug":"sarah-bosse-flos-tierpension-ein-kaetzchen-kommt-selten-allein-hardcover-german-2013","status":"publish","type":"product","link":"https:\/\/www.soanam.de\/pl\/produkt\/sarah-bosse-flos-tierpension-ein-kaetzchen-kommt-selten-allein-gebundene-ausgabe-deutsch-2013\/","title":{"rendered":"Sarah Bosse - Flos Tierpension \"Ein K\u00e4tzchen kommt selten allein\" Hardback German 2013"},"content":{"rendered":"<h3><strong>Opis produktu<\/strong><\/h3>\n<p>Schronisko dla zwierz\u0105t w Blumenstiege z trudem nad\u0105\u017ca za liczb\u0105 koci\u0105t. Codziennie trafiaj\u0105 do niego nowe koci\u0119ta, a wiele z nich trzeba karmi\u0107 butelk\u0105. Flo i jej najlepsza przyjaci\u00f3\u0142ka Hanna pilnie pomagaj\u0105 i w ko\u0144cu wpadaj\u0105 na genialny pomys\u0142: na pewno uda im si\u0119 przekona\u0107 niekt\u00f3rych s\u0105siad\u00f3w do przygarni\u0119cia ma\u0142ego tygryska! Ale \u0142atwiej powiedzie\u0107 ni\u017c zrobi\u0107, poniewa\u017c kampania wymaga du\u017co czasu i wysi\u0142ku - i du\u017co odwagi! Ale ich wysi\u0142ki zostaj\u0105 nagrodzone, a Flo i Hanna czeka ogromna niespodzianka. A ma ona zwi\u0105zek z prawdziwym tygrysem!<\/p>\n<p><strong>Szczeg\u00f3\u0142y produktu<\/strong><br \/>\nWydawca : Coppenrath Verlag<br \/>\nSeria : Flos Tierpension, tom 4<br \/>\nRok wydania : 2013<br \/>\nJ\u0119zyk : niemiecki<br \/>\nOprawa : Twarda oprawa<br \/>\nLiczba stron: 112 stron<br \/>\nISBN-10 : 3649611562<br \/>\nISBN-13 : 978-3649611561<br \/>\nIlustracje : z wewn\u0119trznymi ilustracjami w czerni i bieli<br \/>\nZalecany wiek: 8-10 lat<\/p>","protected":false},"excerpt":{"rendered":"<h3><strong>Artikelmerkmale<\/strong><\/h3>\n<p>Artikelzustand: Neu - Neues, ungelesenes, ungebrauchtes Buch in makellosem Zustand<\/p>\n<table style=\"border-collapse: collapse;width: 432pt\" width=\"576\">\n<tbody>\n<tr style=\"height: 15.0pt\">\n<td class=\"xl65\" style=\"width: 193pt;height: 15.0pt\" width=\"257\" height=\"20\">Autor:<\/td>\n<td class=\"xl65\" style=\"width: 239pt\" width=\"319\">Sarah Bosse<\/td>\n<\/tr>\n<tr style=\"height: 15.0pt\">\n<td class=\"xl65\" style=\"height: 15.0pt\" height=\"20\">Funkcje specjalne:<\/td>\n<td class=\"xl65\">Illustriert<\/td>\n<\/tr>\n<tr style=\"height: 15.0pt\">\n<td style=\"height: 15.0pt\" height=\"20\">Buchreihe:<\/td>\n<td>Flos Tierpension<\/td>\n<\/tr>\n<tr style=\"height: 15.0pt\">\n<td class=\"xl65\" style=\"height: 15.0pt\" height=\"20\">Buchtitel:<\/td>\n<td class=\"xl65\">Ein K\u00e4tzchen kommt selten allein<\/td>\n<\/tr>\n<tr style=\"height: 15.0pt\">\n<td class=\"xl65\" style=\"height: 15.0pt\" height=\"20\">Erscheinungsjahr:<\/td>\n<td class=\"xl65\">2013<\/td>\n<\/tr>\n<tr style=\"height: 15.0pt\">\n<td class=\"xl65\" style=\"height: 15.0pt\" height=\"20\">Format:<\/td>\n<td class=\"xl65\">Gebundene Ausgabe<\/td>\n<\/tr>\n<tr style=\"height: 15.0pt\">\n<td class=\"xl65\" style=\"height: 15.0pt\" height=\"20\">Genre:<\/td>\n<td class=\"xl65\">Kinder- &amp; Jugendliteratur<\/td>\n<\/tr>\n<tr style=\"height: 15.0pt\">\n<td class=\"xl65\" style=\"height: 15.0pt\" height=\"20\">Herstellungsland und -region:<\/td>\n<td class=\"xl65\">Niemcy<\/td>\n<\/tr>\n<tr style=\"height: 15.0pt\">\n<td style=\"height: 15.0pt\" height=\"20\">ISBN:<\/td>\n<td class=\"xl65\">9783649611561<\/td>\n<\/tr>\n<tr style=\"height: 15.0pt\">\n<td class=\"xl65\" style=\"height: 15.0pt\" height=\"20\">Literarische Gattung:<\/td>\n<td class=\"xl65\">Belletristik<\/td>\n<\/tr>\n<tr style=\"height: 15.0pt\">\n<td class=\"xl65\" style=\"height: 15.0pt\" height=\"20\">Produktart:<\/td>\n<td class=\"xl65\">Kinderbuch<\/td>\n<\/tr>\n<tr style=\"height: 15.0pt\">\n<td style=\"height: 15.0pt\" height=\"20\">Sprache:<\/td>\n<td>Niemiecki<\/td>\n<\/tr>\n<tr style=\"height: 15.0pt\">\n<td class=\"xl65\" style=\"height: 15.0pt\" height=\"20\">Thematik:<\/td>\n<td class=\"xl65\">Tiere<\/td>\n<\/tr>\n<tr style=\"height: 15.0pt\">\n<td class=\"xl65\" style=\"height: 15.0pt\" height=\"20\">Verlag:<\/td>\n<td class=\"xl65\">Coppenrath<\/td>\n<\/tr>\n<tr style=\"height: 15.0pt\">\n<td class=\"xl65\" style=\"height: 15.0pt\" height=\"20\">Zielgruppe:<\/td>\n<td class=\"xl65\">8-10 Jahre<\/td>\n<\/tr>\n<\/tbody>\n<\/table>","protected":false},"featured_media":77858,"comment_status":"open","ping_status":"closed","template":"","meta":{"_seopress_robots_primary_cat":"","_seopress_titles_title":"","_seopress_titles_desc":"","_seopress_robots_index":""},"product_brand":[],"product_cat":[1428,1431,1441],"product_tag":[],"class_list":{"0":"post-77735","1":"product","2":"type-product","3":"status-publish","4":"has-post-thumbnail","6":"product_cat-buecher","7":"product_cat-kinder","8":"product_cat-geschichten","9":"product_shipping_class-standard-versand","11":"first","12":"instock","13":"taxable","14":"shipping-taxable","15":"purchasable","16":"product-type-simple"},"_links":{"self":[{"href":"https:\/\/www.soanam.de\/pl\/wp-json\/wp\/v2\/product\/77735","targetHints":{"allow":["GET"]}}],"collection":[{"href":"https:\/\/www.soanam.de\/pl\/wp-json\/wp\/v2\/product"}],"about":[{"href":"https:\/\/www.soanam.de\/pl\/wp-json\/wp\/v2\/types\/product"}],"replies":[{"embeddable":true,"href":"https:\/\/www.soanam.de\/pl\/wp-json\/wp\/v2\/comments?post=77735"}],"wp:featuredmedia":[{"embeddable":true,"href":"https:\/\/www.soanam.de\/pl\/wp-json\/wp\/v2\/media\/77858"}],"wp:attachment":[{"href":"https:\/\/www.soanam.de\/pl\/wp-json\/wp\/v2\/media?parent=77735"}],"wp:term":[{"taxonomy":"product_brand","embeddable":true,"href":"https:\/\/www.soanam.de\/pl\/wp-json\/wp\/v2\/product_brand?post=77735"},{"taxonomy":"product_cat","embeddable":true,"href":"https:\/\/www.soanam.de\/pl\/wp-json\/wp\/v2\/product_cat?post=77735"},{"taxonomy":"product_tag","embeddable":true,"href":"https:\/\/www.soanam.de\/pl\/wp-json\/wp\/v2\/product_tag?post=77735"}],"curies":[{"name":"wp","href":"https:\/\/api.w.org\/{rel}","templated":true}]}}