{"id":77691,"date":"2023-12-13T20:58:43","date_gmt":"2023-12-13T19:58:43","guid":{"rendered":"https:\/\/www.soanam.de\/?post_type=product&#038;p=77691"},"modified":"2023-12-13T21:01:01","modified_gmt":"2023-12-13T20:01:01","slug":"alpine-pro-kurtka-outdoorowa-tor-z-kapturem-wodoodporna-15-000-mm-niebieska-zolta-xl","status":"publish","type":"product","link":"https:\/\/www.soanam.de\/pl\/produkt\/alpine-pro-outdoor-jacke-tor-kapuze-wassersaeule-15-000-mm-blau-gelb-xl\/","title":{"rendered":"Kurtka outdoorowa ALPINE PRO Tor, kaptur, s\u0142up wody 15 000 mm, niebieski, \u017c\u00f3\u0142ty, XL"},"content":{"rendered":"<h3>Opis:<\/h3>\n<p><strong>Kurtka zewn\u0119trzna Tor<\/strong><\/p>\n<ul>\n<li>Wodoodporny<\/li>\n<li>Odporno\u015b\u0107 na wod\u0119 i wiatr<\/li>\n<li>Uszczelnione szwy<\/li>\n<li>Zintegrowany sznurek \u015bci\u0105gaj\u0105cy<\/li>\n<li>Anatomicznie ukszta\u0142towane r\u0119kawy z zapi\u0119ciami na rzepy<\/li>\n<li>Dwie przednie kieszenie na suwak Odblaskowe detale<\/li>\n<li>Slim Fit<\/li>\n<li>Kaptur<\/li>\n<\/ul>\n<p><strong>Funkcje<\/strong><\/p>\n<ul>\n<li>Membrana PTX<\/li>\n<li>S\u0142up wody 15 000 mm<\/li>\n<li>Oddychalno\u015b\u0107 15,000 g\/m\u00b2\/24h<\/li>\n<\/ul>\n<p><strong>Materia\u0142<\/strong><\/p>\n<ul>\n<li>90% Poliester<\/li>\n<li>10% Spandex<\/li>\n<\/ul>\n<p><strong>Kolor (specyfikacja producenta)<\/strong><\/p>\n<ul>\n<li>Niebieski (capri breeze)<\/li>\n<li>\u017b\u00f3\u0142ty (z\u0142oty d\u0105b)<\/li>\n<\/ul>\n<p><strong>Opieka<\/strong><\/p>\n<ul>\n<li>Delikatny cykl prania do 30 stopni<\/li>\n<\/ul>","protected":false},"excerpt":{"rendered":"<h3>Artikelmerkmale<\/h3>\n<p>Artikelzustand: Neu: Neuer, unbenutzter und unbesch\u00e4digter Artikel in nicht ge\u00f6ffneter Originalverpackung<br \/>\nAbteilung: Herren<br \/>\nAktivit\u00e4t: Wandern<br \/>\nAnlass: Freizeit, Reise<br \/>\nAu\u00dfenmaterial: Polyester<br \/>\nBesonderheiten: Wasserabsto\u00dfend<br \/>\nCharakter: ohne<br \/>\nFarbe: Gelb<br \/>\nFuttermaterial: Polyester<br \/>\nGewebeart: Softshell<br \/>\nRozmiar: XL<br \/>\nGr\u00f6\u00dfenkategorie: Normalgr\u00f6\u00dfe<br \/>\nIsoliermaterial: Polyester<br \/>\nJahreszeit: Fr\u00fchling, Herbst<br \/>\nMarke: ALPINE PRO<br \/>\nModell: Tor<br \/>\nMuster: Ohne Muster<br \/>\nTyp produktu: Kurtka<br \/>\nStil: Windbreaker<br \/>\nThema: Outdoor<br \/>\nZapi\u0119cie: zamek b\u0142yskawiczny<br \/>\nVintage: Nein<\/p>","protected":false},"featured_media":77810,"comment_status":"open","ping_status":"closed","template":"","meta":{"_seopress_robots_primary_cat":"","_seopress_titles_title":"","_seopress_titles_desc":"","_seopress_robots_index":""},"product_brand":[],"product_cat":[1345,1363,1437],"product_tag":[],"class_list":{"0":"post-77691","1":"product","2":"type-product","3":"status-publish","4":"has-post-thumbnail","6":"product_cat-herrenmode","7":"product_cat-jacken-maentel-herrenmode","8":"product_cat-regenjacken","9":"product_shipping_class-standard-versand","11":"first","12":"instock","13":"sale","14":"taxable","15":"shipping-taxable","16":"purchasable","17":"product-type-simple"},"_links":{"self":[{"href":"https:\/\/www.soanam.de\/pl\/wp-json\/wp\/v2\/product\/77691","targetHints":{"allow":["GET"]}}],"collection":[{"href":"https:\/\/www.soanam.de\/pl\/wp-json\/wp\/v2\/product"}],"about":[{"href":"https:\/\/www.soanam.de\/pl\/wp-json\/wp\/v2\/types\/product"}],"replies":[{"embeddable":true,"href":"https:\/\/www.soanam.de\/pl\/wp-json\/wp\/v2\/comments?post=77691"}],"wp:featuredmedia":[{"embeddable":true,"href":"https:\/\/www.soanam.de\/pl\/wp-json\/wp\/v2\/media\/77810"}],"wp:attachment":[{"href":"https:\/\/www.soanam.de\/pl\/wp-json\/wp\/v2\/media?parent=77691"}],"wp:term":[{"taxonomy":"product_brand","embeddable":true,"href":"https:\/\/www.soanam.de\/pl\/wp-json\/wp\/v2\/product_brand?post=77691"},{"taxonomy":"product_cat","embeddable":true,"href":"https:\/\/www.soanam.de\/pl\/wp-json\/wp\/v2\/product_cat?post=77691"},{"taxonomy":"product_tag","embeddable":true,"href":"https:\/\/www.soanam.de\/pl\/wp-json\/wp\/v2\/product_tag?post=77691"}],"curies":[{"name":"wp","href":"https:\/\/api.w.org\/{rel}","templated":true}]}}