{"id":77671,"date":"2023-12-13T20:58:19","date_gmt":"2023-12-13T19:58:19","guid":{"rendered":"https:\/\/www.soanam.de\/?post_type=product&#038;p=77671"},"modified":"2023-12-13T21:00:52","modified_gmt":"2023-12-13T20:00:52","slug":"pura-lopez-czolenka-na-wysokim-obcasie-kolor-lava-czerwony-gr-36","status":"publish","type":"product","link":"https:\/\/www.soanam.de\/pl\/produkt\/pura-lopez-high-heels-pumps-lava-farbe-rot-gr-36\/","title":{"rendered":"Pura Lopez Cz\u00f3\u0142enka na wysokim obcasie Lava, kolor czerwony, rozmiar 36"},"content":{"rendered":"<h3>Opis:<\/h3>\n<p><strong>szczeg\u00f3\u0142y<\/strong><\/p>\n<p>Materia\u0142 cholewki: sk\u00f3ra<br \/>\nMateria\u0142 wewn\u0119trzny: sk\u00f3ra<br \/>\nWk\u0142adka: sk\u00f3ra<br \/>\nPodeszwa: sk\u00f3ra naturalna<br \/>\nGrubo\u015b\u0107 karmienia: Karmienie na zimno<\/p>\n<p>Cz\u0119\u015bci wykonane ze sk\u00f3ry lakierowanej, sk\u00f3ry koziej<br \/>\nNosek: szpiczasty<br \/>\nKszta\u0142t pi\u0119ty: szpilka<br \/>\nZamkni\u0119cie: wsuwane\/otwarte<br \/>\nWz\u00f3r: Zwyk\u0142e kolory<\/p>","protected":false},"excerpt":{"rendered":"<h3>Artikelmerkmale<\/h3>\n<p>Artikelzustand: Neu: Neuer, unbenutzter und unbesch\u00e4digter Artikel in nicht ge\u00f6ffneter Originalverpackung<\/p>\n<p>Absatzart: Pfennig-\/Stilettoabsatz<br \/>\nAbsatzh\u00f6he: Sehr hoher Absatz (Gr\u00f6\u00dfer als 8 cm)<br \/>\nAbteilung: Damen<br \/>\nAkzente: keine<br \/>\nAnlass: Elegant<br \/>\nAU-Schuhgr\u00f6\u00dfe: AU 6,5<br \/>\nEU-Schuhgr\u00f6\u00dfe: EUR 36<br \/>\nKolor: czerwony<br \/>\nFuttermaterial: Leder<br \/>\nHerstellungsjahr: 2020<br \/>\nHerstellungsland und -region: Spanien<br \/>\nIndividualisiert: Nein<br \/>\nInnensohlenmaterial: Leder<br \/>\nLaufsohlenmaterial: Leder<br \/>\nMarke: Pura L\u00f3pez<br \/>\nModell: Exklusive<br \/>\nModifizierter Artikel: Nein<br \/>\nMuster: Ohne Muster<br \/>\nMateria\u0142 cholewki: sk\u00f3ra<br \/>\nProduktart: Pumps<br \/>\nProduktnummer: PU211B05P-G11<br \/>\nNosek: szpiczasty<br \/>\nSchuhweite: F<br \/>\nStil: Pumps<br \/>\nThema: Elegant<br \/>\nUK-Schuhgr\u00f6\u00dfe: UK 4<br \/>\nUS-Schuhgr\u00f6\u00dfe: US 6,5<br \/>\nVerschluss: Kein Verschluss<br \/>\nVintage: Nein<\/p>","protected":false},"featured_media":77801,"comment_status":"open","ping_status":"closed","template":"","meta":{"_seopress_robots_primary_cat":"","_seopress_titles_title":"","_seopress_titles_desc":"","_seopress_robots_index":""},"product_brand":[],"product_cat":[1348,1360,1362],"product_tag":[],"class_list":{"0":"post-77671","1":"product","2":"type-product","3":"status-publish","4":"has-post-thumbnail","6":"product_cat-damen-mode","7":"product_cat-schuhe","8":"product_cat-pumps","9":"product_shipping_class-standard-versand","11":"first","12":"instock","13":"sale","14":"taxable","15":"shipping-taxable","16":"purchasable","17":"product-type-simple"},"_links":{"self":[{"href":"https:\/\/www.soanam.de\/pl\/wp-json\/wp\/v2\/product\/77671","targetHints":{"allow":["GET"]}}],"collection":[{"href":"https:\/\/www.soanam.de\/pl\/wp-json\/wp\/v2\/product"}],"about":[{"href":"https:\/\/www.soanam.de\/pl\/wp-json\/wp\/v2\/types\/product"}],"replies":[{"embeddable":true,"href":"https:\/\/www.soanam.de\/pl\/wp-json\/wp\/v2\/comments?post=77671"}],"wp:featuredmedia":[{"embeddable":true,"href":"https:\/\/www.soanam.de\/pl\/wp-json\/wp\/v2\/media\/77801"}],"wp:attachment":[{"href":"https:\/\/www.soanam.de\/pl\/wp-json\/wp\/v2\/media?parent=77671"}],"wp:term":[{"taxonomy":"product_brand","embeddable":true,"href":"https:\/\/www.soanam.de\/pl\/wp-json\/wp\/v2\/product_brand?post=77671"},{"taxonomy":"product_cat","embeddable":true,"href":"https:\/\/www.soanam.de\/pl\/wp-json\/wp\/v2\/product_cat?post=77671"},{"taxonomy":"product_tag","embeddable":true,"href":"https:\/\/www.soanam.de\/pl\/wp-json\/wp\/v2\/product_tag?post=77671"}],"curies":[{"name":"wp","href":"https:\/\/api.w.org\/{rel}","templated":true}]}}