{"id":77588,"date":"2023-12-13T20:56:09","date_gmt":"2023-12-13T19:56:09","guid":{"rendered":"https:\/\/www.soanam.de\/?post_type=product&#038;p=77588"},"modified":"2023-12-13T20:59:41","modified_gmt":"2023-12-13T19:59:41","slug":"gang-skinny-fit-jeans-nena-in-vivid-blue-wash-rozmiar-w27","status":"publish","type":"product","link":"https:\/\/www.soanam.de\/pl\/produkt\/gang-skinny-fit-jeans-nena-in-vivid-blue-wash-groesse-w27\/","title":{"rendered":"D\u017cinsy skinny GANG NENA, w kolorze Vivid Blue Wash, rozmiar W27"},"content":{"rendered":"<p>D\u017cinsy skinny od GANG<br \/>\nZ niskim wzrostem<br \/>\nKontrastuj\u0105ce kolorowe szwy<br \/>\nWygodny dzi\u0119ki rozci\u0105gliwo\u015bci<\/p>\n<p>Ten codzienny klasyk z pi\u0119cioma kieszeniami zachwyca mocnym spraniem i efektem marszczenia.<br \/>\nKontrastuj\u0105ce szwy d\u017cinsowej sp\u00f3dnicy dope\u0142niaj\u0105 ca\u0142o\u015bci.<br \/>\nDzi\u0119ki zawarto\u015bci elastanu, elastyczny materia\u0142 wygodnie przylega do nogi i sprawia, \u017ce te d\u017cinsy s\u0105 niezwykle wygodnym towarzyszem na co dzie\u0144.<\/p>\n<p>Materia\u0142: 87,5% bawe\u0142na, 9% politereftalan butylenu, 3,5% elastan<br \/>\nWskaz\u00f3wki dotycz\u0105ce piel\u0119gnacji: Mo\u017cna pra\u0107 w pralce w temperaturze 30\u00b0<\/p>\n<p>Kolor: \u017cywy niebieski<br \/>\nRozmiar: W27<\/p>\n<p>Rozmiar talii: 69 cm<br \/>\nObw\u00f3d bioder: 87 cm<br \/>\nD\u0142ugo\u015b\u0107 kroku: 79 cm<br \/>\nCa\u0142kowita d\u0142ugo\u015b\u0107: 104 cm<\/p>","protected":false},"excerpt":{"rendered":"<table class=\"dv_characteristicsTable\">\n<tbody>\n<tr>\n<td class=\"left\">Rozmiar<\/td>\n<td>27<\/td>\n<\/tr>\n<tr>\n<td class=\"left\">Gr\u00f6\u00dfentyp<\/td>\n<td>Normalgr\u00f6\u00dfen<\/td>\n<\/tr>\n<tr>\n<td class=\"left\">Sk\u0142ad materia\u0142u<\/td>\n<td>Obermaterial: 87,5% Baumwolle, 9% Polybutyleneterephthalat, 3,5% Elasthan<\/td>\n<\/tr>\n<tr>\n<td class=\"left\">Materialart<\/td>\n<td>Denim<\/td>\n<\/tr>\n<tr>\n<td class=\"left\">Materialeigenschaften<\/td>\n<td>pflegeleicht<\/td>\n<\/tr>\n<tr>\n<td class=\"left\">Instrukcje dotycz\u0105ce piel\u0119gnacji<\/td>\n<td>Pranie w pralce<\/td>\n<\/tr>\n<tr>\n<td class=\"left\">Stil<\/td>\n<td>modisch<\/td>\n<\/tr>\n<tr>\n<td class=\"left\">Waschung<\/td>\n<td>stone, washed<\/td>\n<\/tr>\n<tr>\n<td class=\"left\">Herstellerfarbbezeichnung<\/td>\n<td>\u017cywy niebieski<\/td>\n<\/tr>\n<tr>\n<td class=\"left\">Kolor<\/td>\n<td>vivid, blue, wash<\/td>\n<\/tr>\n<tr>\n<td class=\"left\">Leibh\u00f6he<\/td>\n<td>niedrig<\/td>\n<\/tr>\n<tr>\n<td class=\"left\">Dopasowanie<\/td>\n<td>skinny fit<\/td>\n<\/tr>\n<tr>\n<td class=\"left\">Schnittform L\u00e4nge<\/td>\n<td>lang<\/td>\n<\/tr>\n<tr>\n<td class=\"left\">Torby<\/td>\n<td>Eingrifftaschen, Ges\u00e4\u00dftaschen, Coinpocket<\/td>\n<\/tr>\n<tr>\n<td class=\"left\">Verschluss<\/td>\n<td>1-Knopf-Form, Rei\u00dfverschluss<\/td>\n<\/tr>\n<tr>\n<td class=\"left\">Besondere Merkmale<\/td>\n<td>mit Used-Effekten<\/td>\n<\/tr>\n<\/tbody>\n<\/table>","protected":false},"featured_media":77742,"comment_status":"open","ping_status":"closed","template":"","meta":{"_seopress_robots_primary_cat":"","_seopress_titles_title":"","_seopress_titles_desc":"","_seopress_robots_index":""},"product_brand":[],"product_cat":[1348,1349,1350],"product_tag":[],"class_list":{"0":"post-77588","1":"product","2":"type-product","3":"status-publish","4":"has-post-thumbnail","6":"product_cat-damen-mode","7":"product_cat-hosen-damen-mode","8":"product_cat-jeans-hosen-damen-mode","9":"product_shipping_class-standard-versand","11":"first","12":"instock","13":"sale","14":"taxable","15":"shipping-taxable","16":"purchasable","17":"product-type-simple"},"_links":{"self":[{"href":"https:\/\/www.soanam.de\/pl\/wp-json\/wp\/v2\/product\/77588","targetHints":{"allow":["GET"]}}],"collection":[{"href":"https:\/\/www.soanam.de\/pl\/wp-json\/wp\/v2\/product"}],"about":[{"href":"https:\/\/www.soanam.de\/pl\/wp-json\/wp\/v2\/types\/product"}],"replies":[{"embeddable":true,"href":"https:\/\/www.soanam.de\/pl\/wp-json\/wp\/v2\/comments?post=77588"}],"wp:featuredmedia":[{"embeddable":true,"href":"https:\/\/www.soanam.de\/pl\/wp-json\/wp\/v2\/media\/77742"}],"wp:attachment":[{"href":"https:\/\/www.soanam.de\/pl\/wp-json\/wp\/v2\/media?parent=77588"}],"wp:term":[{"taxonomy":"product_brand","embeddable":true,"href":"https:\/\/www.soanam.de\/pl\/wp-json\/wp\/v2\/product_brand?post=77588"},{"taxonomy":"product_cat","embeddable":true,"href":"https:\/\/www.soanam.de\/pl\/wp-json\/wp\/v2\/product_cat?post=77588"},{"taxonomy":"product_tag","embeddable":true,"href":"https:\/\/www.soanam.de\/pl\/wp-json\/wp\/v2\/product_tag?post=77588"}],"curies":[{"name":"wp","href":"https:\/\/api.w.org\/{rel}","templated":true}]}}