{"id":77586,"date":"2023-12-13T20:56:08","date_gmt":"2023-12-13T19:56:08","guid":{"rendered":"https:\/\/www.soanam.de\/?post_type=product&#038;p=77586"},"modified":"2023-12-13T20:59:29","modified_gmt":"2023-12-13T19:59:29","slug":"nn07-harvey-blazer-1044-navy-blue-faded-optic-rozmiar-xl","status":"publish","type":"product","link":"https:\/\/www.soanam.de\/pl\/produkt\/nn07-harvey-blazer-1044-navy-blau-faded-optik-groesse-xl\/","title":{"rendered":"NN07 - Marynarka Harvey 1044, granatowa, wyblak\u0142a, rozmiar XL"},"content":{"rendered":"<h3>Opis<\/h3>\n<p>Marynarka Harvey Blazer 1044 jest wykonana z brzoskwiniowej mieszanki mi\u0119kkiego lyocellu, lnu i bawe\u0142ny. Wyblak\u0142y wygl\u0105d zosta\u0142 osi\u0105gni\u0119ty dzi\u0119ki praniu. Ta bez podszewki, niestrukturalna marynarka jest wyko\u0144czona lam\u00f3wk\u0105 na wewn\u0119trznych szwach i zewn\u0119trzn\u0105 warstw\u0105, kt\u00f3ra zapewnia czyste, wyra\u017ane wyko\u0144czenie.<\/p>\n<p>Regular Fit<br \/>\n2 wszyte guziki<br \/>\nDwie naszywane kieszenie z przodu<br \/>\nJedna kiesze\u0144 z wypustk\u0105 na piersi<br \/>\nWewn\u0119trzna naszywana kiesze\u0144<br \/>\nPodszewka r\u0119kaw\u00f3w wykonana z poliestru 100%<br \/>\n59% Lyocell, 18% Bawe\u0142na, 23% Po\u015bciel<br \/>\nJai ma 183 cm wzrostu i nosi rozmiar M.<br \/>\nRRP: 379,- EUR<\/p>","protected":false},"excerpt":{"rendered":"<h3>Artikelmerkmale<\/h3>\n<p>Stan produktu: Nowy z etykiet\u0105: Nowy, nieu\u017cywany i nienoszony produkt w oryginalnym opakowaniu.<\/p>\n<p>Abteilung: Herren<br \/>\nAktivit\u00e4t: Tanzen<br \/>\nAnlass: Freizeit, Business<br \/>\nAu\u00dfenmaterial: 59% Lyocell, 18% Baumwolle, 23% Leinen<br \/>\nBesonderheiten: Alle Jahreszeiten<br \/>\nCharakter: ohne<br \/>\nEAN: 5710464699966<br \/>\nFarbe: Blau<br \/>\nFuttermaterial: Polyester<br \/>\nGewebeart: Lycocell<br \/>\nRozmiar: XL<br \/>\nGr\u00f6\u00dfenkategorie: Normalgr\u00f6\u00dfe<br \/>\nIsoliermaterial: Polyester<br \/>\nJahreszeit: Fr\u00fchling, Herbst<br \/>\nMarke: NN07<br \/>\nModell: Harvey 1044<br \/>\nWz\u00f3r: Zwyk\u0142e kolory<br \/>\nProduktart: Blazer<br \/>\nStil: Blazer<br \/>\nThema: Elegant<br \/>\nZapi\u0119cie: Guzik<br \/>\nVintage: Nein<\/p>","protected":false},"featured_media":77728,"comment_status":"open","ping_status":"closed","template":"","meta":{"_seopress_robots_primary_cat":"","_seopress_titles_title":"","_seopress_titles_desc":"","_seopress_robots_index":""},"product_brand":[],"product_cat":[1345,1368,1369],"product_tag":[],"class_list":{"0":"post-77586","1":"product","2":"type-product","3":"status-publish","4":"has-post-thumbnail","6":"product_cat-herrenmode","7":"product_cat-anzuege-anzugsteile","8":"product_cat-sakkos","9":"product_shipping_class-standard-versand","11":"first","12":"instock","13":"sale","14":"taxable","15":"shipping-taxable","16":"purchasable","17":"product-type-simple"},"_links":{"self":[{"href":"https:\/\/www.soanam.de\/pl\/wp-json\/wp\/v2\/product\/77586","targetHints":{"allow":["GET"]}}],"collection":[{"href":"https:\/\/www.soanam.de\/pl\/wp-json\/wp\/v2\/product"}],"about":[{"href":"https:\/\/www.soanam.de\/pl\/wp-json\/wp\/v2\/types\/product"}],"replies":[{"embeddable":true,"href":"https:\/\/www.soanam.de\/pl\/wp-json\/wp\/v2\/comments?post=77586"}],"wp:featuredmedia":[{"embeddable":true,"href":"https:\/\/www.soanam.de\/pl\/wp-json\/wp\/v2\/media\/77728"}],"wp:attachment":[{"href":"https:\/\/www.soanam.de\/pl\/wp-json\/wp\/v2\/media?parent=77586"}],"wp:term":[{"taxonomy":"product_brand","embeddable":true,"href":"https:\/\/www.soanam.de\/pl\/wp-json\/wp\/v2\/product_brand?post=77586"},{"taxonomy":"product_cat","embeddable":true,"href":"https:\/\/www.soanam.de\/pl\/wp-json\/wp\/v2\/product_cat?post=77586"},{"taxonomy":"product_tag","embeddable":true,"href":"https:\/\/www.soanam.de\/pl\/wp-json\/wp\/v2\/product_tag?post=77586"}],"curies":[{"name":"wp","href":"https:\/\/api.w.org\/{rel}","templated":true}]}}