{"id":77545,"date":"2023-12-13T20:55:22","date_gmt":"2023-12-13T19:55:22","guid":{"rendered":"https:\/\/www.soanam.de\/?post_type=product&#038;p=77545"},"modified":"2023-12-13T20:58:36","modified_gmt":"2023-12-13T19:58:36","slug":"bardzo-glosno-i-niesamowicie-blisko-2012-tom-hanks-sandra-bullock-pal-dvd","status":"publish","type":"product","link":"https:\/\/www.soanam.de\/pl\/produkt\/extrem-laut-und-unglaublich-nah-2012-tom-hanks-sandra-bullock-pal-dvd\/","title":{"rendered":"Wyj\u0105tkowo g\u0142o\u015bno i niesamowicie blisko (2012) - Tom Hanks &amp; Sandra Bullock - PAL DVD"},"content":{"rendered":"<h3><strong>Kr\u00f3tki opis<\/strong><\/h3>\n<p>W wieku zaledwie jedenastu lat Oskar Schell jest ma\u0142ym wszechstronnym cz\u0142owiekiem: wynalazc\u0105, astrofizykiem, z\u0142otnikiem i nie tylko. W\u0142a\u015bnie straci\u0142 ojca w zamachach z 11 wrze\u015bnia. W posiad\u0142o\u015bci ojca Oskar znajduje klucz, kt\u00f3ry nigdzie nie pasuje. Wyrusza wi\u0119c na poszukiwania przez ca\u0142y Nowy Jork i \u017cycie swojego ojca, aby znale\u017a\u0107 odpowied\u017a na zagadk\u0119 jego \u015bmierci. Przy okazji wychodzi na jaw traumatyczna przesz\u0142o\u015b\u0107 jego dziadka, kt\u00f3ry straci\u0142 narzeczon\u0105 podczas nalotu bombowego na Drezno w czasie II wojny \u015bwiatowej.<\/p>\n<p><strong>Materia\u0142y bonusowe<\/strong><\/p>\n<p>W poszukiwaniu Oscara: M\u0142ody, wschodz\u0105cy aktor i odtw\u00f3rca g\u0142\u00f3wnej roli Thomas Horn pozostawia niezatarte wra\u017cenie na swoich nagradzanych kolegach i re\u017cyserze.<\/p>","protected":false},"excerpt":{"rendered":"<h3>Artikelmerkmale<\/h3>\n<p>Artikelzustand: Neu: Artikel, dessen Originalverpackung (sofern zutreffend) nicht ge\u00f6ffnet oder entfernt wurde<\/p>\n<table width=\"1232\">\n<tbody>\n<tr>\n<td width=\"647\">Funkcje specjalne:<\/td>\n<td width=\"585\">Full Screen, Mit Untertiteln, Widescreen<\/td>\n<\/tr>\n<tr>\n<td>Darsteller:<\/td>\n<td>Stephen Daldry<\/td>\n<\/tr>\n<tr>\n<td>DVD-Auflagenjahr:<\/td>\n<td>2012<\/td>\n<\/tr>\n<tr>\n<td>EAN:<\/td>\n<td>5051890099518<\/td>\n<\/tr>\n<tr>\n<td>Edition:<\/td>\n<td>Final Cut<\/td>\n<\/tr>\n<tr>\n<td>Erscheinungsjahr:<\/td>\n<td>2012<\/td>\n<\/tr>\n<tr>\n<td>Film-\/Fernseh-Titel:<\/td>\n<td>Extrem Laut und Unglaublich Nah<\/td>\n<\/tr>\n<tr>\n<td>Film-Stilrichtung:<\/td>\n<td>Kult<\/td>\n<\/tr>\n<tr>\n<td>Format:<\/td>\n<td>DVD<\/td>\n<\/tr>\n<tr>\n<td>FSK-Einstufung:<\/td>\n<td>12.00<\/td>\n<\/tr>\n<tr>\n<td>Herstellungsland und -region:<\/td>\n<td>Vereinigte Staaten<\/td>\n<\/tr>\n<tr>\n<td>H\u00fcllenart:<\/td>\n<td>Kunststoffh\u00fclse<\/td>\n<\/tr>\n<tr>\n<td>Produktart:<\/td>\n<td>Film<\/td>\n<\/tr>\n<tr>\n<td>Regionalcode:<\/td>\n<td>DVD: 2 (Europa, Japan, Naher Osten\u2026)<\/td>\n<\/tr>\n<tr>\n<td>Regisseur:<\/td>\n<td>Stephen Daldry<\/td>\n<\/tr>\n<tr>\n<td>Sprache:<\/td>\n<td>Deutsch, Deutsch (Dolby Digital 5.1), Spanisch (Dolby Digit<\/td>\n<\/tr>\n<tr>\n<td>Studio:<\/td>\n<td>Warner Home Video<\/td>\n<\/tr>\n<tr>\n<td>Untertitel Sprache:<\/td>\n<td>Spanisch, D\u00e4nisch, Finnisch, Isl\u00e4ndisch, Norwegisch<\/td>\n<\/tr>\n<\/tbody>\n<\/table>","protected":false},"featured_media":77685,"comment_status":"open","ping_status":"closed","template":"","meta":{"_seopress_robots_primary_cat":"","_seopress_titles_title":"","_seopress_titles_desc":"","_seopress_robots_index":""},"product_brand":[],"product_cat":[1423,1424],"product_tag":[],"class_list":{"0":"post-77545","1":"product","2":"type-product","3":"status-publish","4":"has-post-thumbnail","6":"product_cat-multimedia","7":"product_cat-dvds","8":"product_shipping_class-standard-versand","10":"first","11":"instock","12":"sale","13":"taxable","14":"shipping-taxable","15":"purchasable","16":"product-type-simple"},"_links":{"self":[{"href":"https:\/\/www.soanam.de\/pl\/wp-json\/wp\/v2\/product\/77545","targetHints":{"allow":["GET"]}}],"collection":[{"href":"https:\/\/www.soanam.de\/pl\/wp-json\/wp\/v2\/product"}],"about":[{"href":"https:\/\/www.soanam.de\/pl\/wp-json\/wp\/v2\/types\/product"}],"replies":[{"embeddable":true,"href":"https:\/\/www.soanam.de\/pl\/wp-json\/wp\/v2\/comments?post=77545"}],"wp:featuredmedia":[{"embeddable":true,"href":"https:\/\/www.soanam.de\/pl\/wp-json\/wp\/v2\/media\/77685"}],"wp:attachment":[{"href":"https:\/\/www.soanam.de\/pl\/wp-json\/wp\/v2\/media?parent=77545"}],"wp:term":[{"taxonomy":"product_brand","embeddable":true,"href":"https:\/\/www.soanam.de\/pl\/wp-json\/wp\/v2\/product_brand?post=77545"},{"taxonomy":"product_cat","embeddable":true,"href":"https:\/\/www.soanam.de\/pl\/wp-json\/wp\/v2\/product_cat?post=77545"},{"taxonomy":"product_tag","embeddable":true,"href":"https:\/\/www.soanam.de\/pl\/wp-json\/wp\/v2\/product_tag?post=77545"}],"curies":[{"name":"wp","href":"https:\/\/api.w.org\/{rel}","templated":true}]}}