{"id":77507,"date":"2023-12-13T20:54:15","date_gmt":"2023-12-13T19:54:15","guid":{"rendered":"https:\/\/www.soanam.de\/?post_type=product&#038;p=77507"},"modified":"2023-12-13T20:57:31","modified_gmt":"2023-12-13T19:57:31","slug":"arizona-straight-fit-jeans-willis-2er-pack-in-blue-and-grey-groesse-26","status":"publish","type":"product","link":"https:\/\/www.soanam.de\/pl\/produkt\/arizona-straight-fit-jeans-willis-2er-pack-in-blue-and-grey-groesse-26\/","title":{"rendered":"D\u017cinsy Arizona straight fit WILLIS, 2-pak, w kolorze niebieskim i szarym, rozmiar 26"},"content":{"rendered":"<p>Podw\u00f3jna paczka u\u017cywanych d\u017cins\u00f3w z Arizony<br \/>\nProste dopasowanie\/prosty kszta\u0142t<br \/>\nProsta nogawka, ni\u017cszy stan<br \/>\nKomfort dzi\u0119ki zawarto\u015bci elastanu<\/p>\n<p>Podw\u00f3jne opakowanie w dw\u00f3ch wsp\u00f3\u0142czesnych kolorach denimu, sk\u0142adaj\u0105ce si\u0119 z jeans\u00f3w o prostym kroju z lekko zu\u017cytym wygl\u0105dem z efektem sprania i plisami.<br \/>\nPodstawowe d\u017cinsy z pi\u0119cioma kieszeniami, nitami i wygodnym elastycznym materia\u0142em.<\/p>\n<p>Materia\u0142: bawe\u0142na 98%, elastan 2%<br \/>\nWskaz\u00f3wki dotycz\u0105ce piel\u0119gnacji: Mo\u017cna pra\u0107 w pralce w temperaturze 40\u00b0<\/p>\n<p>Kolor: niebieski, u\u017cywany \/ szary, u\u017cywany<br \/>\nGr\u00f6\u00dfe: EUR 26<\/p>\n<p>Rozmiar talii: 90 cm<br \/>\nObw\u00f3d bioder: 108 cm<br \/>\nD\u0142ugo\u015b\u0107 kroku: 81 cm<br \/>\nCa\u0142kowita d\u0142ugo\u015b\u0107: 111 cm<\/p>","protected":false},"excerpt":{"rendered":"<table class=\"dv_characteristicsTable\">\n<tbody>\n<tr>\n<td class=\"left\">Rozmiar<\/td>\n<td>26<\/td>\n<\/tr>\n<tr>\n<td class=\"left\">Gr\u00f6\u00dfentyp<\/td>\n<td>Untersetztgr\u00f6\u00dfen<\/td>\n<\/tr>\n<tr>\n<td class=\"left\">Sk\u0142ad materia\u0142u<\/td>\n<td>Obermaterial: 98% Baumwolle, 2% Elasthan<\/td>\n<\/tr>\n<tr>\n<td class=\"left\">Instrukcje dotycz\u0105ce piel\u0119gnacji<\/td>\n<td>Pranie w pralce<\/td>\n<\/tr>\n<tr>\n<td class=\"left\">Stil<\/td>\n<td>casual<\/td>\n<\/tr>\n<tr>\n<td class=\"left\">Waschung<\/td>\n<td>used<\/td>\n<\/tr>\n<tr>\n<td class=\"left\">Kolor<\/td>\n<td>niebieski, u\u017cywany<\/td>\n<\/tr>\n<tr>\n<td class=\"left\">Farbe Packst\u00fcck 2<\/td>\n<td>szary, u\u017cywany<\/td>\n<\/tr>\n<tr>\n<td class=\"left\">Leibh\u00f6he<\/td>\n<td>niedriger<\/td>\n<\/tr>\n<tr>\n<td class=\"left\">Beinform<\/td>\n<td>gerade<\/td>\n<\/tr>\n<tr>\n<td class=\"left\">Dopasowanie<\/td>\n<td>normal<\/td>\n<\/tr>\n<tr>\n<td class=\"left\">Schnittform L\u00e4nge<\/td>\n<td>lang<\/td>\n<\/tr>\n<tr>\n<td class=\"left\">Torby<\/td>\n<td>Eingrifftaschen, M\u00fcnztasche<\/td>\n<\/tr>\n<tr>\n<td class=\"left\">Verschluss<\/td>\n<td>Zamek b\u0142yskawiczny<\/td>\n<\/tr>\n<tr>\n<td class=\"left\">Besondere Merkmale<\/td>\n<td>Straight Fit<\/td>\n<\/tr>\n<\/tbody>\n<\/table>","protected":false},"featured_media":77637,"comment_status":"open","ping_status":"closed","template":"","meta":{"_seopress_robots_primary_cat":"","_seopress_titles_title":"","_seopress_titles_desc":"","_seopress_robots_index":""},"product_brand":[],"product_cat":[1345,1346,1347],"product_tag":[],"class_list":{"0":"post-77507","1":"product","2":"type-product","3":"status-publish","4":"has-post-thumbnail","6":"product_cat-herrenmode","7":"product_cat-hosen","8":"product_cat-jeans","9":"product_shipping_class-standard-versand","11":"first","12":"instock","13":"sale","14":"taxable","15":"shipping-taxable","16":"purchasable","17":"product-type-simple"},"_links":{"self":[{"href":"https:\/\/www.soanam.de\/pl\/wp-json\/wp\/v2\/product\/77507","targetHints":{"allow":["GET"]}}],"collection":[{"href":"https:\/\/www.soanam.de\/pl\/wp-json\/wp\/v2\/product"}],"about":[{"href":"https:\/\/www.soanam.de\/pl\/wp-json\/wp\/v2\/types\/product"}],"replies":[{"embeddable":true,"href":"https:\/\/www.soanam.de\/pl\/wp-json\/wp\/v2\/comments?post=77507"}],"wp:featuredmedia":[{"embeddable":true,"href":"https:\/\/www.soanam.de\/pl\/wp-json\/wp\/v2\/media\/77637"}],"wp:attachment":[{"href":"https:\/\/www.soanam.de\/pl\/wp-json\/wp\/v2\/media?parent=77507"}],"wp:term":[{"taxonomy":"product_brand","embeddable":true,"href":"https:\/\/www.soanam.de\/pl\/wp-json\/wp\/v2\/product_brand?post=77507"},{"taxonomy":"product_cat","embeddable":true,"href":"https:\/\/www.soanam.de\/pl\/wp-json\/wp\/v2\/product_cat?post=77507"},{"taxonomy":"product_tag","embeddable":true,"href":"https:\/\/www.soanam.de\/pl\/wp-json\/wp\/v2\/product_tag?post=77507"}],"curies":[{"name":"wp","href":"https:\/\/api.w.org\/{rel}","templated":true}]}}