{"id":77422,"date":"2023-12-13T20:51:53","date_gmt":"2023-12-13T19:51:53","guid":{"rendered":"https:\/\/www.soanam.de\/?post_type=product&#038;p=77422"},"modified":"2023-12-13T20:55:53","modified_gmt":"2023-12-13T19:55:53","slug":"kolowrotek-spinningowy-shimano-19-stradic-c3000xg","status":"publish","type":"product","link":"https:\/\/www.soanam.de\/pl\/produkt\/shimano-spinning-reel-19-stradic-c3000xg\/","title":{"rendered":"Ko\u0142owrotek spinningowy SHIMANO 19 Stradic C3000XG"},"content":{"rendered":"<h3>Opis<\/h3>\n<p><strong>szczeg\u00f3\u0142y<\/strong><br \/>\nPrze\u0142o\u017cenie: 6,4<br \/>\nPraktyczna si\u0142a uci\u0105gu: 3,5 kg<br \/>\nMaksymalna si\u0142a ci\u0105gni\u0119cia: 9,0 kg<br \/>\nMasa w\u0142asna: 225 g<br \/>\nWymiary cewki (\u015brednica mm \/ skok mm): 47\/17<br \/>\nIlo\u015b\u0107 uzwojenia cewki nylonowej: (lb-m): 2,5-180, 3-150, 4-100<br \/>\nIlo\u015b\u0107 uzwojenia fluorowego (lb-m): 2,5-160, 3-130, 4-100<br \/>\nIlo\u015b\u0107 zwoj\u00f3w PE (mm): 1-400, 1,5-270, 2-200<br \/>\nMaksymalna d\u0142ugo\u015b\u0107 zwijania: 94 cm \/ jeden obr\u00f3t korby<br \/>\nD\u0142ugo\u015b\u0107 uchwytu: 55 mm<br \/>\nLiczba \u0142o\u017cysk: 6\/1<\/p>\n<p>Podstawowe cechy ko\u0142owrotk\u00f3w \"nawijanie\", \"wytrzyma\u0142o\u015b\u0107\" i \"latanie\" ewoluowa\u0142y.<br \/>\nJest to najszybszy model podnosz\u0105cy w serii C3000, z mikromodu\u0142ow\u0105 przek\u0142adni\u0105 i cichym nap\u0119dem.<br \/>\nPonadto, nowe wyposa\u017cenie HAGANE, kt\u00f3re pod\u0105\u017ca za topowym modelem oraz wodoodporny mechanizm X-Protection sprawiaj\u0105, \u017ce jest on jeszcze mocniejszy i bardziej wytrzyma\u0142y ni\u017c poprzedni model.<br \/>\nPonadto, wydajno\u015b\u0107 odlewania zosta\u0142a poprawiona dzi\u0119ki zastosowaniu pierwszej szpuli o d\u0142ugim skoku w tej samej klasie.<br \/>\nPozwala dotrze\u0107 do punkt\u00f3w, do kt\u00f3rych przyn\u0119ta nigdy wcze\u015bniej nie dotar\u0142a.<br \/>\nMimo niewielkich rozmiar\u00f3w, pr\u0119dko\u015b\u0107 nawijania wynosi 94 cm.<br \/>\nModel ten jest idealny do po\u0142ow\u00f3w wymagaj\u0105cych szybkiego holowania oraz do po\u0142owu du\u017cych ryb morskich.<\/p>","protected":false},"excerpt":{"rendered":"<h3>Artikelmerkmale<\/h3>\n<p>Stan produktu: Nowy z etykiet\u0105: Nowy, nieu\u017cywany i nienoszony produkt w oryginalnym opakowaniu.<\/p>\n<p>Abteilung: Unisex<br \/>\nAngelart: Salzwasserangeln<br \/>\nEAN: 4969363040206<br \/>\nFischart: Alle Salzwasserfische<br \/>\nGeflochtene Schnurkapazit\u00e4t: siehe Artikelbeschreibung<br \/>\nH\u00e4ndigkeit: Beide<br \/>\nKugellager: 6<br \/>\nMarke: Shimano<br \/>\nMaterial: Aluminium<br \/>\nMaximaler Widerstand: 9 kg<br \/>\nModell: Stradic<br \/>\nRollengr\u00f6\u00dfe: 3000<br \/>\nRollentyp: Spinningrolle<br \/>\nSchnureinzug: 94 cm<br \/>\nSchnurkapazit\u00e4t: siehe Artikelbeschreibung<br \/>\nSpulenbremse-Typ: ohne Angabe<br \/>\n\u00dcbersetzung: 6,4:1<\/p>","protected":false},"featured_media":77568,"comment_status":"open","ping_status":"closed","template":"","meta":{"_seopress_robots_primary_cat":"","_seopress_titles_title":"","_seopress_titles_desc":"","_seopress_robots_index":""},"product_brand":[],"product_cat":[1730],"product_tag":[],"class_list":{"0":"post-77422","1":"product","2":"type-product","3":"status-publish","4":"has-post-thumbnail","6":"product_cat-sonstiges-2","7":"product_shipping_class-standard-versand","9":"first","10":"instock","11":"sale","12":"taxable","13":"shipping-taxable","14":"purchasable","15":"product-type-simple"},"_links":{"self":[{"href":"https:\/\/www.soanam.de\/pl\/wp-json\/wp\/v2\/product\/77422","targetHints":{"allow":["GET"]}}],"collection":[{"href":"https:\/\/www.soanam.de\/pl\/wp-json\/wp\/v2\/product"}],"about":[{"href":"https:\/\/www.soanam.de\/pl\/wp-json\/wp\/v2\/types\/product"}],"replies":[{"embeddable":true,"href":"https:\/\/www.soanam.de\/pl\/wp-json\/wp\/v2\/comments?post=77422"}],"wp:featuredmedia":[{"embeddable":true,"href":"https:\/\/www.soanam.de\/pl\/wp-json\/wp\/v2\/media\/77568"}],"wp:attachment":[{"href":"https:\/\/www.soanam.de\/pl\/wp-json\/wp\/v2\/media?parent=77422"}],"wp:term":[{"taxonomy":"product_brand","embeddable":true,"href":"https:\/\/www.soanam.de\/pl\/wp-json\/wp\/v2\/product_brand?post=77422"},{"taxonomy":"product_cat","embeddable":true,"href":"https:\/\/www.soanam.de\/pl\/wp-json\/wp\/v2\/product_cat?post=77422"},{"taxonomy":"product_tag","embeddable":true,"href":"https:\/\/www.soanam.de\/pl\/wp-json\/wp\/v2\/product_tag?post=77422"}],"curies":[{"name":"wp","href":"https:\/\/api.w.org\/{rel}","templated":true}]}}