{"id":77395,"date":"2023-12-13T20:50:22","date_gmt":"2023-12-13T19:50:22","guid":{"rendered":"https:\/\/www.soanam.de\/?post_type=product&#038;p=77395"},"modified":"2023-12-13T20:55:30","modified_gmt":"2023-12-13T19:55:30","slug":"aniston-casual-slim-fit-jeans-w-kolorze-bialym-rozmiar-36","status":"publish","type":"product","link":"https:\/\/www.soanam.de\/pl\/produkt\/aniston-casual-slim-fit-jeans-in-weiss-groesse-36\/","title":{"rendered":"D\u017cinsy Aniston CASUAL o w\u0105skim kroju, w kolorze bia\u0142ym, rozmiar 36"},"content":{"rendered":"<p>D\u017cinsy o w\u0105skim kroju, regularna talia<br \/>\nStyl z 5 kieszeniami - z tylnymi kieszeniami, kieszeniami z rozci\u0119ciem i kieszeniami na monety<br \/>\nZ akcesoriami w kolorze srebrnym<br \/>\nWygodny elastyczny materia\u0142<\/p>\n<p>Te w\u0105skie d\u017cinsy Aniston Casual idealnie dopasowuj\u0105 si\u0119 do sylwetki. Dzi\u0119ki stylowi z 5 kieszeniami i b\u0142yszcz\u0105cym detalom te wygodnie rozci\u0105gliwe jeansy skinny maj\u0105 klasyczny denimowy wygl\u0105d.<br \/>\nPopularna podstawowa para d\u017cins\u00f3w na ka\u017cdy dzie\u0144.<\/p>\n<p>Materia\u0142: bawe\u0142na 98%, elastan 2%<br \/>\nWskaz\u00f3wki dotycz\u0105ce piel\u0119gnacji: Mo\u017cna pra\u0107 w pralce w temperaturze 40\u00b0<\/p>\n<p>Kolor: bia\u0142y<br \/>\nRozmiar: EUR 36<\/p>\n<p>Rozmiar talii: 71 cm<br \/>\nObw\u00f3d bioder: 86 cm<br \/>\nD\u0142ugo\u015b\u0107 kroku: 80 cm<br \/>\nCa\u0142kowita d\u0142ugo\u015b\u0107: 106 cm<\/p>","protected":false},"excerpt":{"rendered":"<table class=\"dv_characteristicsTable\">\n<tbody>\n<tr>\n<td class=\"left\">Rozmiar<\/td>\n<td>36<\/td>\n<\/tr>\n<tr>\n<td class=\"left\">Gr\u00f6\u00dfentyp<\/td>\n<td>Normalgr\u00f6\u00dfen<\/td>\n<\/tr>\n<tr>\n<td class=\"left\">Sk\u0142ad materia\u0142u<\/td>\n<td>Obermaterial: 98% Baumwolle, 2% Elasthan<\/td>\n<\/tr>\n<tr>\n<td class=\"left\">Materialart<\/td>\n<td>Denim, Web<\/td>\n<\/tr>\n<tr>\n<td class=\"left\">Instrukcje dotycz\u0105ce piel\u0119gnacji<\/td>\n<td>Pranie w pralce<\/td>\n<\/tr>\n<tr>\n<td class=\"left\">Optik<\/td>\n<td>unifarben<\/td>\n<\/tr>\n<tr>\n<td class=\"left\">Stil<\/td>\n<td>casual<\/td>\n<\/tr>\n<tr>\n<td class=\"left\">Waschung<\/td>\n<td>washed<\/td>\n<\/tr>\n<tr>\n<td class=\"left\">Kolor<\/td>\n<td>wei\u00df<\/td>\n<\/tr>\n<tr>\n<td class=\"left\">Leibh\u00f6he<\/td>\n<td>normal<\/td>\n<\/tr>\n<tr>\n<td class=\"left\">Beinform<\/td>\n<td>schmal<\/td>\n<\/tr>\n<tr>\n<td class=\"left\">Dopasowanie<\/td>\n<td>figurbetont<\/td>\n<\/tr>\n<tr>\n<td class=\"left\">Schnittform L\u00e4nge<\/td>\n<td>lang<\/td>\n<\/tr>\n<tr>\n<td class=\"left\">G\u00fcrtelschlaufen<\/td>\n<td>ja<\/td>\n<\/tr>\n<tr>\n<td class=\"left\">Torby<\/td>\n<td>Eingrifftaschen, M\u00fcnztasche, Ges\u00e4\u00dftaschen<\/td>\n<\/tr>\n<tr>\n<td class=\"left\">Verschluss<\/td>\n<td>Knopf, Rei\u00dfverschluss<\/td>\n<\/tr>\n<tr>\n<td class=\"left\">Besondere Merkmale<\/td>\n<td>regular waist<\/td>\n<\/tr>\n<\/tbody>\n<\/table>","protected":false},"featured_media":77551,"comment_status":"open","ping_status":"closed","template":"","meta":{"_seopress_robots_primary_cat":"","_seopress_titles_title":"","_seopress_titles_desc":"","_seopress_robots_index":""},"product_brand":[],"product_cat":[1348,1349,1350],"product_tag":[],"class_list":{"0":"post-77395","1":"product","2":"type-product","3":"status-publish","4":"has-post-thumbnail","6":"product_cat-damen-mode","7":"product_cat-hosen-damen-mode","8":"product_cat-jeans-hosen-damen-mode","9":"product_shipping_class-standard-versand","11":"first","12":"instock","13":"sale","14":"taxable","15":"shipping-taxable","16":"purchasable","17":"product-type-simple"},"_links":{"self":[{"href":"https:\/\/www.soanam.de\/pl\/wp-json\/wp\/v2\/product\/77395","targetHints":{"allow":["GET"]}}],"collection":[{"href":"https:\/\/www.soanam.de\/pl\/wp-json\/wp\/v2\/product"}],"about":[{"href":"https:\/\/www.soanam.de\/pl\/wp-json\/wp\/v2\/types\/product"}],"replies":[{"embeddable":true,"href":"https:\/\/www.soanam.de\/pl\/wp-json\/wp\/v2\/comments?post=77395"}],"wp:featuredmedia":[{"embeddable":true,"href":"https:\/\/www.soanam.de\/pl\/wp-json\/wp\/v2\/media\/77551"}],"wp:attachment":[{"href":"https:\/\/www.soanam.de\/pl\/wp-json\/wp\/v2\/media?parent=77395"}],"wp:term":[{"taxonomy":"product_brand","embeddable":true,"href":"https:\/\/www.soanam.de\/pl\/wp-json\/wp\/v2\/product_brand?post=77395"},{"taxonomy":"product_cat","embeddable":true,"href":"https:\/\/www.soanam.de\/pl\/wp-json\/wp\/v2\/product_cat?post=77395"},{"taxonomy":"product_tag","embeddable":true,"href":"https:\/\/www.soanam.de\/pl\/wp-json\/wp\/v2\/product_tag?post=77395"}],"curies":[{"name":"wp","href":"https:\/\/api.w.org\/{rel}","templated":true}]}}