{"id":77354,"date":"2023-12-13T20:49:27","date_gmt":"2023-12-13T19:49:27","guid":{"rendered":"https:\/\/www.soanam.de\/?post_type=product&#038;p=77354"},"modified":"2023-12-13T20:54:23","modified_gmt":"2023-12-13T19:54:23","slug":"jeansy-please-p-85a-straight-w-kolorze-bialym-rozmiar-xs","status":"publish","type":"product","link":"https:\/\/www.soanam.de\/pl\/produkt\/please-jeans-p-85a-straight-in-weiss-groesse-xs\/","title":{"rendered":"PLEASE Jeans P 85A Straight, bia\u0142e, rozmiar XS"},"content":{"rendered":"<p>D\u017cinsy wyprodukowane we W\u0142oszech<br \/>\nGuzik z zamkiem b\u0142yskawicznym i szlufki na pasek<br \/>\n5 kieszeni<br \/>\nZmarszczki<br \/>\nHaftowane serce na tylnej kieszeni, dyskretna metka<br \/>\nMi\u0119kki w dotyku<\/p>\n<p>PLEASE! W tych spodniach zawsze b\u0119dziesz na czasie dzi\u0119ki ich idealnemu dopasowaniu.<br \/>\nWygodny bawe\u0142niany materia\u0142 jest mi\u0119kki dla sk\u00f3ry i powinien by\u0107 noszony zwini\u0119ty.<br \/>\nTe d\u017cinsy s\u0105 odpowiednie dla ka\u017cdego typu kobiety.<\/p>\n<p>Materia\u0142: bawe\u0142na 98%, elastan 2%<br \/>\nWskaz\u00f3wki dotycz\u0105ce piel\u0119gnacji: Mo\u017cna pra\u0107 w pralce w temperaturze 30\u00b0<\/p>\n<p>Kolor: bianco ottico<br \/>\nRozmiar: XS<\/p>\n<p>Rozmiar talii: 70 cm<br \/>\nObw\u00f3d bioder: 91 cm<br \/>\nD\u0142ugo\u015b\u0107 kroku: 73 cm<br \/>\nCa\u0142kowita d\u0142ugo\u015b\u0107: 98 cm<\/p>","protected":false},"excerpt":{"rendered":"<table class=\"information-table\">\n<tbody>\n<tr>\n<td class=\"information-name border-bottom\">Dopasowanie<\/td>\n<td class=\"border-bottom\">Straight Fit<\/td>\n<\/tr>\n<tr>\n<td class=\"information-name border-bottom\">Leibh\u00f6he<\/td>\n<td class=\"border-bottom\">mittel<\/td>\n<\/tr>\n<tr>\n<td class=\"information-name border-bottom\">Schrittl\u00e4nge<\/td>\n<td class=\"border-bottom\">73 cm<\/td>\n<\/tr>\n<tr>\n<td class=\"information-name border-bottom\">Fu\u00dfweite<\/td>\n<td class=\"border-bottom\">30 cm<\/td>\n<\/tr>\n<tr>\n<td class=\"information-name border-bottom\">Kolor<\/td>\n<td class=\"border-bottom\">wei\u00df<\/td>\n<\/tr>\n<tr>\n<td class=\"information-name border-bottom\">Materia\u0142<\/td>\n<td class=\"border-bottom\">98% Polyamid, 2% Elasthan<\/td>\n<\/tr>\n<\/tbody>\n<\/table>","protected":false},"featured_media":77509,"comment_status":"open","ping_status":"closed","template":"","meta":{"_seopress_robots_primary_cat":"","_seopress_titles_title":"","_seopress_titles_desc":"","_seopress_robots_index":""},"product_brand":[],"product_cat":[1348,1349,1350],"product_tag":[],"class_list":{"0":"post-77354","1":"product","2":"type-product","3":"status-publish","4":"has-post-thumbnail","6":"product_cat-damen-mode","7":"product_cat-hosen-damen-mode","8":"product_cat-jeans-hosen-damen-mode","9":"product_shipping_class-standard-versand","11":"first","12":"instock","13":"sale","14":"taxable","15":"shipping-taxable","16":"purchasable","17":"product-type-simple"},"_links":{"self":[{"href":"https:\/\/www.soanam.de\/pl\/wp-json\/wp\/v2\/product\/77354","targetHints":{"allow":["GET"]}}],"collection":[{"href":"https:\/\/www.soanam.de\/pl\/wp-json\/wp\/v2\/product"}],"about":[{"href":"https:\/\/www.soanam.de\/pl\/wp-json\/wp\/v2\/types\/product"}],"replies":[{"embeddable":true,"href":"https:\/\/www.soanam.de\/pl\/wp-json\/wp\/v2\/comments?post=77354"}],"wp:featuredmedia":[{"embeddable":true,"href":"https:\/\/www.soanam.de\/pl\/wp-json\/wp\/v2\/media\/77509"}],"wp:attachment":[{"href":"https:\/\/www.soanam.de\/pl\/wp-json\/wp\/v2\/media?parent=77354"}],"wp:term":[{"taxonomy":"product_brand","embeddable":true,"href":"https:\/\/www.soanam.de\/pl\/wp-json\/wp\/v2\/product_brand?post=77354"},{"taxonomy":"product_cat","embeddable":true,"href":"https:\/\/www.soanam.de\/pl\/wp-json\/wp\/v2\/product_cat?post=77354"},{"taxonomy":"product_tag","embeddable":true,"href":"https:\/\/www.soanam.de\/pl\/wp-json\/wp\/v2\/product_tag?post=77354"}],"curies":[{"name":"wp","href":"https:\/\/api.w.org\/{rel}","templated":true}]}}