{"id":77340,"date":"2023-12-13T20:48:48","date_gmt":"2023-12-13T19:48:48","guid":{"rendered":"https:\/\/www.soanam.de\/?post_type=product&#038;p=77340"},"modified":"2023-12-13T20:53:43","modified_gmt":"2023-12-13T19:53:43","slug":"versace-jeans-couture-plecak-logo-w-barokowy-nadruk-czarne-zloto-40x30x15-cm","status":"publish","type":"product","link":"https:\/\/www.soanam.de\/pl\/produkt\/versace-jeans-couture-logo-rucksack-im-barockdruck-schwarz-gold-40x30x15-cm\/","title":{"rendered":"Plecak z logo Versace Jeans Couture z barokowym nadrukiem, czarny\/z\u0142oty, 40x30x15 cm"},"content":{"rendered":"<h3>SZCZEG\u00d3\u0141Y PRODUKTU<\/h3>\n<p><strong>Materia\u0142 i piel\u0119gnacja<\/strong><br \/>\nMateria\u0142y: Tkanina - Tkanina<\/p>\n<p><strong>Design i styl<\/strong><br \/>\nKomory: 1<br \/>\nInne: karabi\u0144czyk na klucze, kiesze\u0144 na tablet<br \/>\nKieszenie zapinane na zamek: 3<br \/>\nKolor: czarny \/ z\u0142oty<br \/>\nPrzegr\u00f3dki: telefon kom\u00f3rkowy, portfel<br \/>\nMo\u017cliwo\u015b\u0107 regulacji d\u0142ugo\u015bci pask\u00f3w: Tak<br \/>\nTyp zapi\u0119cia: Zamek b\u0142yskawiczny<\/p>\n<p><strong>Rozmiar i dopasowanie<\/strong><br \/>\nMaksymalna d\u0142ugo\u015b\u0107 pask\u00f3w: 94<br \/>\nWaga produktu: 472 g<br \/>\nWymiary: 18\/32 x 42 x 17,5 cm<\/p>\n<p><strong>Szczeg\u00f3\u0142y produktu<\/strong><br \/>\nMarka: Versace Jeans Couture<br \/>\nModel: E1YZAB60<\/p>","protected":false},"excerpt":{"rendered":"<h3>Artikelmerkmale<\/h3>\n<p>Stan produktu: Nowy z etykiet\u0105: Nowy, nieu\u017cywany i nienoszony produkt w oryginalnym opakowaniu.<\/p>\n<p>Marke: Gianni Versace<br \/>\nMateria\u0142: poliester<br \/>\nVolumen: ohne Angabe<br \/>\nProduktart: Rucksack<br \/>\nKolor: czarny<br \/>\nEAN: 8058987205194<\/p>","protected":false},"featured_media":77493,"comment_status":"open","ping_status":"closed","template":"","meta":{"_seopress_robots_primary_cat":"","_seopress_titles_title":"","_seopress_titles_desc":"","_seopress_robots_index":""},"product_brand":[],"product_cat":[1345,1348,1357,1358,1387,1408,1409,1410],"product_tag":[],"class_list":{"0":"post-77340","1":"product","2":"type-product","3":"status-publish","4":"has-post-thumbnail","6":"product_cat-herrenmode","7":"product_cat-damen-mode","8":"product_cat-accessoires","9":"product_cat-taschen","10":"product_cat-accessoires-herrenmode","11":"product_cat-rucksaecke","12":"product_cat-taschen-accessoires-herrenmode","13":"product_cat-rucksaecke-taschen-accessoires-herrenmode","14":"product_shipping_class-standard-versand","16":"first","17":"instock","18":"sale","19":"taxable","20":"shipping-taxable","21":"purchasable","22":"product-type-simple"},"_links":{"self":[{"href":"https:\/\/www.soanam.de\/pl\/wp-json\/wp\/v2\/product\/77340","targetHints":{"allow":["GET"]}}],"collection":[{"href":"https:\/\/www.soanam.de\/pl\/wp-json\/wp\/v2\/product"}],"about":[{"href":"https:\/\/www.soanam.de\/pl\/wp-json\/wp\/v2\/types\/product"}],"replies":[{"embeddable":true,"href":"https:\/\/www.soanam.de\/pl\/wp-json\/wp\/v2\/comments?post=77340"}],"wp:featuredmedia":[{"embeddable":true,"href":"https:\/\/www.soanam.de\/pl\/wp-json\/wp\/v2\/media\/77493"}],"wp:attachment":[{"href":"https:\/\/www.soanam.de\/pl\/wp-json\/wp\/v2\/media?parent=77340"}],"wp:term":[{"taxonomy":"product_brand","embeddable":true,"href":"https:\/\/www.soanam.de\/pl\/wp-json\/wp\/v2\/product_brand?post=77340"},{"taxonomy":"product_cat","embeddable":true,"href":"https:\/\/www.soanam.de\/pl\/wp-json\/wp\/v2\/product_cat?post=77340"},{"taxonomy":"product_tag","embeddable":true,"href":"https:\/\/www.soanam.de\/pl\/wp-json\/wp\/v2\/product_tag?post=77340"}],"curies":[{"name":"wp","href":"https:\/\/api.w.org\/{rel}","templated":true}]}}