{"id":77339,"date":"2023-12-13T20:48:48","date_gmt":"2023-12-13T19:48:48","guid":{"rendered":"https:\/\/www.soanam.de\/?post_type=product&#038;p=77339"},"modified":"2023-12-13T20:53:39","modified_gmt":"2023-12-13T19:53:39","slug":"calvin-klein-jeans-kurtka-z-kapturem-puffer-kurtka-zimowa-mezczyzni-czarny-gr-s","status":"publish","type":"product","link":"https:\/\/www.soanam.de\/pl\/produkt\/calvin-klein-jeans-hooded-puffer-jacket-winter-jacke-maenner-schwarz-gr-s\/","title":{"rendered":"Calvin Klein Jeans HOODED PUFFER JACKET - Kurtka zimowa, m\u0119ska, czarna, rozmiar S"},"content":{"rendered":"<h3>Opis<\/h3>\n<p>Wi\u0119cej informacji o tym produkcie<\/p>\n<p>Zintegrowane paski na rami\u0119<br \/>\nKo\u0142nierz: Kaptur<br \/>\nZapi\u0119cie: zamek b\u0142yskawiczny<br \/>\nKieszenie: kieszenie z klapk\u0105, kiesze\u0144 wewn\u0119trzna<br \/>\nSzczeg\u00f3\u0142y kaptura: kaptur ze sznurkiem \u015bci\u0105gaj\u0105cym, kaptur z podszewk\u0105<br \/>\nSzczeg\u00f3\u0142y: rozci\u0119te kieszenie<\/p>\n<h3>Materia\u0142 i instrukcje dotycz\u0105ce piel\u0119gnacji<\/h3>\n<p>Materia\u0142 zewn\u0119trzny: poliester 100%<br \/>\nMateria\u0142 wype\u0142nienia: poliester 100%<br \/>\nPodszewka: poliester 100%<br \/>\nGrubo\u015b\u0107 podszewki: Ciep\u0142a podszewka<br \/>\nWskaz\u00f3wki dotycz\u0105ce piel\u0119gnacji: Mo\u017cna pra\u0107 w pralce w temperaturze 30\u00b0C, cykl delikatny<\/p>\n<h3>Dopasowanie<\/h3>\n<p>Rozmiar modelki: Modelka ma 186 cm wzrostu i nosi rozmiar M.<br \/>\nDopasowanie: Normalne<br \/>\nD\u0142ugo\u015b\u0107: normalna d\u0142ugo\u015b\u0107<br \/>\nD\u0142ugo\u015b\u0107 r\u0119kawa: D\u0142ugi r\u0119kaw<br \/>\nD\u0142ugo\u015b\u0107 r\u0119kawa: 65 cm dla rozmiaru M<br \/>\nSzeroko\u015b\u0107 plec\u00f3w: 51 cm dla rozmiaru M<br \/>\nD\u0142ugo\u015b\u0107 ca\u0142kowita: 72 cm dla rozmiaru M<\/p>","protected":false},"excerpt":{"rendered":"<h3>Artikelmerkmale<\/h3>\n<p>Stan produktu: Nowy z etykiet\u0105: Nowy, nieu\u017cywany i nienoszony produkt w oryginalnym opakowaniu.<\/p>\n<p>Abteilung: Herren<br \/>\nAktivit\u00e4t: Spazieren<br \/>\nAnlass: Business, Freizeit, Reise<br \/>\nAu\u00dfenmaterial: Polyester<br \/>\nBesonderheiten: Durchgehender Rei\u00dfverschluss<br \/>\nCharakter: ohne<br \/>\nEAN: 8719852237985<br \/>\nKolor: czarny<br \/>\nFuttermaterial: Polyester<br \/>\nGewebeart: ohne Angabe<br \/>\nRozmiar: S<br \/>\nGr\u00f6\u00dfenkategorie: Normalgr\u00f6\u00dfe<br \/>\nIsoliermaterial: Polyester<br \/>\nJahreszeit: Winter<br \/>\nMarke: Calvin Klein<br \/>\nModell: Puffer Jacket<br \/>\nMuster: Ohne Muster<br \/>\nTyp produktu: Kurtka<br \/>\nStil: Puffer Jacket<br \/>\nThema: Sport<br \/>\nZapi\u0119cie: zamek b\u0142yskawiczny<br \/>\nVintage: Nein<\/p>","protected":false},"featured_media":77487,"comment_status":"open","ping_status":"closed","template":"","meta":{"_seopress_robots_primary_cat":"","_seopress_titles_title":"","_seopress_titles_desc":"","_seopress_robots_index":""},"product_brand":[],"product_cat":[1345,1363,1377,1412],"product_tag":[],"class_list":{"0":"post-77339","1":"product","2":"type-product","3":"status-publish","4":"has-post-thumbnail","6":"product_cat-herrenmode","7":"product_cat-jacken-maentel-herrenmode","8":"product_cat-winterjacken-jacken-maentel-herrenmode","9":"product_cat-pufferjacken","10":"product_shipping_class-standard-versand","12":"first","13":"instock","14":"sale","15":"taxable","16":"shipping-taxable","17":"purchasable","18":"product-type-simple"},"_links":{"self":[{"href":"https:\/\/www.soanam.de\/pl\/wp-json\/wp\/v2\/product\/77339","targetHints":{"allow":["GET"]}}],"collection":[{"href":"https:\/\/www.soanam.de\/pl\/wp-json\/wp\/v2\/product"}],"about":[{"href":"https:\/\/www.soanam.de\/pl\/wp-json\/wp\/v2\/types\/product"}],"replies":[{"embeddable":true,"href":"https:\/\/www.soanam.de\/pl\/wp-json\/wp\/v2\/comments?post=77339"}],"wp:featuredmedia":[{"embeddable":true,"href":"https:\/\/www.soanam.de\/pl\/wp-json\/wp\/v2\/media\/77487"}],"wp:attachment":[{"href":"https:\/\/www.soanam.de\/pl\/wp-json\/wp\/v2\/media?parent=77339"}],"wp:term":[{"taxonomy":"product_brand","embeddable":true,"href":"https:\/\/www.soanam.de\/pl\/wp-json\/wp\/v2\/product_brand?post=77339"},{"taxonomy":"product_cat","embeddable":true,"href":"https:\/\/www.soanam.de\/pl\/wp-json\/wp\/v2\/product_cat?post=77339"},{"taxonomy":"product_tag","embeddable":true,"href":"https:\/\/www.soanam.de\/pl\/wp-json\/wp\/v2\/product_tag?post=77339"}],"curies":[{"name":"wp","href":"https:\/\/api.w.org\/{rel}","templated":true}]}}