{"id":77317,"date":"2023-12-13T20:47:59","date_gmt":"2023-12-13T19:47:59","guid":{"rendered":"https:\/\/www.soanam.de\/?post_type=product&#038;p=77317"},"modified":"2023-12-13T20:52:46","modified_gmt":"2023-12-13T19:52:46","slug":"only-skinny-fit-jeans-onlshape-life-reg-sk-dnm-in-special-blue-grey-denim-w29xl30","status":"publish","type":"product","link":"https:\/\/www.soanam.de\/pl\/produkt\/only-skinny-fit-jeans-onlshape-life-reg-sk-dnm-in-special-blue-grey-denim-w29xl30\/","title":{"rendered":"D\u017cinsy skinny Only ONLSHAPE LIFE REG SK DNM, w kolorze Special Blue Grey Denim, W29xL30"},"content":{"rendered":"<p>Rozci\u0105gliwe d\u017cinsy marki ONLY o kroju skinny fit<br \/>\nStyl z 5 kieszeniami<br \/>\nZ optycznym efektem kszta\u0142tu dzi\u0119ki specjalnym szwom<br \/>\nMi\u0119kki denim o wysokiej zawarto\u015bci stretchu<\/p>\n<p>Dzi\u0119ki w\u0105skiemu krojowi nogawek, jeansy ze stretchem s\u0105 bardzo dopasowane do sylwetki.<br \/>\nMateria\u0142 d\u017cins\u00f3w damskich jest elastyczny, dzi\u0119ki czemu s\u0105 bardzo wygodne.<br \/>\nMieszanka bawe\u0142ny sprawia, \u017ce d\u017cins jest wytrzyma\u0142y.<\/p>\n<p>Materia\u0142: bawe\u0142na 92%, poliester 6%, elastan 2%<br \/>\nWskaz\u00f3wki dotycz\u0105ce piel\u0119gnacji: Mo\u017cna pra\u0107 w pralce w temperaturze 30\u00b0<\/p>\n<p>Kolor: specjalny niebieski szary denim<br \/>\nRozmiar: W29 L30<\/p>\n<p>Rozmiar talii: 69 cm<br \/>\nObw\u00f3d bioder: 82 cm<br \/>\nD\u0142ugo\u015b\u0107 stopnia: 72 cm<br \/>\nCa\u0142kowita d\u0142ugo\u015b\u0107: 96 cm<\/p>","protected":false},"excerpt":{"rendered":"<table class=\"dv_characteristicsTable\">\n<tbody>\n<tr>\n<td class=\"left\">Rozmiar<\/td>\n<td>29<\/td>\n<\/tr>\n<tr>\n<td class=\"left\">Hosenl\u00e4nge<\/td>\n<td>30<\/td>\n<\/tr>\n<tr>\n<td class=\"left\">Sk\u0142ad materia\u0142u<\/td>\n<td>Obermaterial: 92% Baumwolle, 6% Polyester, 2% Elasthan<\/td>\n<\/tr>\n<tr>\n<td class=\"left\">Materialart<\/td>\n<td>Denim<\/td>\n<\/tr>\n<tr>\n<td class=\"left\">Materialeigenschaften<\/td>\n<td>Stretch<\/td>\n<\/tr>\n<tr>\n<td class=\"left\">Instrukcje dotycz\u0105ce piel\u0119gnacji<\/td>\n<td>Pranie w pralce<\/td>\n<\/tr>\n<tr>\n<td class=\"left\">Stil<\/td>\n<td>Basic<\/td>\n<\/tr>\n<tr>\n<td class=\"left\">Herstellerfarbbezeichnung<\/td>\n<td>specjalny niebieski szary d\u017cins<\/td>\n<\/tr>\n<tr>\n<td class=\"left\">Kolor<\/td>\n<td>blau grau<\/td>\n<\/tr>\n<tr>\n<td class=\"left\">Leibh\u00f6he<\/td>\n<td>normal<\/td>\n<\/tr>\n<tr>\n<td class=\"left\">Beinform<\/td>\n<td>extra-eng<\/td>\n<\/tr>\n<tr>\n<td class=\"left\">Herstellerpassform<\/td>\n<td>skinny fit, regular waist<\/td>\n<\/tr>\n<tr>\n<td class=\"left\">G\u00fcrtelschlaufen<\/td>\n<td>ja<\/td>\n<\/tr>\n<tr>\n<td class=\"left\">Torby<\/td>\n<td>Eingrifftaschen, M\u00fcnztasche, Ges\u00e4\u00dftaschen<\/td>\n<\/tr>\n<tr>\n<td class=\"left\">Verschluss<\/td>\n<td>Knopf, Rei\u00dfverschluss<\/td>\n<\/tr>\n<\/tbody>\n<\/table>","protected":false},"featured_media":77459,"comment_status":"open","ping_status":"closed","template":"","meta":{"_seopress_robots_primary_cat":"","_seopress_titles_title":"","_seopress_titles_desc":"","_seopress_robots_index":""},"product_brand":[],"product_cat":[1348,1349,1350],"product_tag":[],"class_list":{"0":"post-77317","1":"product","2":"type-product","3":"status-publish","4":"has-post-thumbnail","6":"product_cat-damen-mode","7":"product_cat-hosen-damen-mode","8":"product_cat-jeans-hosen-damen-mode","9":"product_shipping_class-standard-versand","11":"first","12":"instock","13":"taxable","14":"shipping-taxable","15":"purchasable","16":"product-type-simple"},"_links":{"self":[{"href":"https:\/\/www.soanam.de\/pl\/wp-json\/wp\/v2\/product\/77317","targetHints":{"allow":["GET"]}}],"collection":[{"href":"https:\/\/www.soanam.de\/pl\/wp-json\/wp\/v2\/product"}],"about":[{"href":"https:\/\/www.soanam.de\/pl\/wp-json\/wp\/v2\/types\/product"}],"replies":[{"embeddable":true,"href":"https:\/\/www.soanam.de\/pl\/wp-json\/wp\/v2\/comments?post=77317"}],"wp:featuredmedia":[{"embeddable":true,"href":"https:\/\/www.soanam.de\/pl\/wp-json\/wp\/v2\/media\/77459"}],"wp:attachment":[{"href":"https:\/\/www.soanam.de\/pl\/wp-json\/wp\/v2\/media?parent=77317"}],"wp:term":[{"taxonomy":"product_brand","embeddable":true,"href":"https:\/\/www.soanam.de\/pl\/wp-json\/wp\/v2\/product_brand?post=77317"},{"taxonomy":"product_cat","embeddable":true,"href":"https:\/\/www.soanam.de\/pl\/wp-json\/wp\/v2\/product_cat?post=77317"},{"taxonomy":"product_tag","embeddable":true,"href":"https:\/\/www.soanam.de\/pl\/wp-json\/wp\/v2\/product_tag?post=77317"}],"curies":[{"name":"wp","href":"https:\/\/api.w.org\/{rel}","templated":true}]}}